{"id":12385,"date":"2025-11-01T21:26:45","date_gmt":"2025-11-01T21:26:45","guid":{"rendered":"https:\/\/modesthanim.com\/product\/mavi-oversize-temel-gomlek\/"},"modified":"2026-04-03T16:28:49","modified_gmt":"2026-04-03T16:28:49","slug":"mavi-oversize-temel-gomlek","status":"publish","type":"product","link":"https:\/\/mod.wisdar.net\/tr\/urun\/mavi-oversize-temel-gomlek\/","title":{"rendered":"Mavi Oversize Temel G\u00f6mlek"},"content":{"rendered":"<p>Mavi Oversize Temel G\u00f6mlek ile modern ve rahat bir stil yakalay\u0131n. ALLDAY&#8217;in G\u00f6mlek kategorisinde di\u011fer modelleri ke\u015ffedin. K\u0131yafetinizi Mavi Oversize Temel G\u00f6mlek ile tamamlamak i\u00e7in \u015fimdi ke\u015ffedin!<\/p>\n<p>\u2014 Teknik Detaylar \u2014<br \/>\nKuma\u015f Grubu: Pamuk Polyester<br \/>\nCep Detay\u0131: Cepsiz<br \/>\nYaka: G\u00f6mlek Yaka<br \/>\nKol Deseni: D\u00fc\u015f\u00fck<br \/>\nBoyut \/ Uzunluk: 80 CM<br \/>\nTasar\u0131m D\u00f6nemi: Temel<br \/>\nKal\u0131p: OVERSIZE<br \/>\nBel: Y\u0131rtma\u00e7l\u0131<br \/>\nDesen: D\u00fcz<br \/>\nTema: Temel<br \/>\n\u00c7izgi: Temel<br \/>\n\u00dcr\u00fcn Lig: A Kalite<br \/>\nSat\u0131\u015f Sezonu: Mevsimsiz<br \/>\nMalzeme T\u00fcr\u00fc: Dokuma<br \/>\nMevsim: Temel<\/p>\n","protected":false},"excerpt":{"rendered":"<p>Mavi Oversize Temel G\u00f6mlek ile modern ve rahat bir stil yakalay\u0131n. ALLDAY&#8217;in G\u00f6mlek kategorisinde di\u011fer modelleri ke\u015ffedin. K\u0131yafetinizi Mavi Oversize Temel G\u00f6mlek ile tamamlamak i\u00e7in \u015fimdi ke\u015ffedin! \u2014 Teknik Detaylar \u2014 Kuma\u015f Grubu: Pamuk Polyester Cep Detay\u0131: Cepsiz Yaka: G\u00f6mlek Yaka Kol Deseni: D\u00fc\u015f\u00fck Boyut \/ Uzunluk: 80 CM Tasar\u0131m D\u00f6nemi: Temel Kal\u0131p: OVERSIZE Bel: [&hellip;]<\/p>\n","protected":false},"featured_media":0,"comment_status":"open","ping_status":"closed","template":"","meta":[],"product_brand":[],"product_cat":[2050,1909],"product_tag":[4861,4886,4905,7423,7488,7021],"class_list":{"0":"post-12385","1":"product","2":"type-product","3":"status-publish","5":"product_cat-blazer-ceketler","6":"product_cat-bluzlar-ve-gomlekler","7":"product_tag-allday","8":"product_tag-basic","9":"product_tag-blue","10":"product_tag-oversize-2","11":"product_tag-pamuk","12":"product_tag-polyester","13":"pa_brand-allday","14":"pa_color-mavi","15":"pa_size-l","16":"pa_size-m","17":"pa_size-s","19":"first","20":"instock","21":"sale","22":"shipping-taxable","23":"purchasable","24":"product-type-variable"},"_links":{"self":[{"href":"https:\/\/mod.wisdar.net\/tr\/wp-json\/wp\/v2\/product\/12385","targetHints":{"allow":["GET"]}}],"collection":[{"href":"https:\/\/mod.wisdar.net\/tr\/wp-json\/wp\/v2\/product"}],"about":[{"href":"https:\/\/mod.wisdar.net\/tr\/wp-json\/wp\/v2\/types\/product"}],"replies":[{"embeddable":true,"href":"https:\/\/mod.wisdar.net\/tr\/wp-json\/wp\/v2\/comments?post=12385"}],"wp:attachment":[{"href":"https:\/\/mod.wisdar.net\/tr\/wp-json\/wp\/v2\/media?parent=12385"}],"wp:term":[{"taxonomy":"product_brand","embeddable":true,"href":"https:\/\/mod.wisdar.net\/tr\/wp-json\/wp\/v2\/product_brand?post=12385"},{"taxonomy":"product_cat","embeddable":true,"href":"https:\/\/mod.wisdar.net\/tr\/wp-json\/wp\/v2\/product_cat?post=12385"},{"taxonomy":"product_tag","embeddable":true,"href":"https:\/\/mod.wisdar.net\/tr\/wp-json\/wp\/v2\/product_tag?post=12385"}],"curies":[{"name":"wp","href":"https:\/\/api.w.org\/{rel}","templated":true}]}}