{"id":123901,"date":"2026-02-18T17:52:40","date_gmt":"2026-02-18T17:52:40","guid":{"rendered":"https:\/\/modesthanim.com\/product\/bej-baskili-erkek-cocuk-tisort-3lu\/"},"modified":"2026-04-15T21:58:29","modified_gmt":"2026-04-15T21:58:29","slug":"bej-baskili-erkek-cocuk-tisort-3lu","status":"publish","type":"product","link":"https:\/\/mod.wisdar.net\/tr\/urun\/bej-baskili-erkek-cocuk-tisort-3lu\/","title":{"rendered":"Bej Bask\u0131l\u0131 Erkek \u00c7ocuk Ti\u015f\u00f6rt 3&#8217;l\u00fc"},"content":{"rendered":"<p>LCW Kids Bej Bask\u0131l\u0131 Erkek \u00c7ocuk Ti\u015f\u00f6rt 3&#8217;l\u00fc size \u00f6zel indirim, taksit ve kap\u0131da \u00f6deme avantajlar\u0131yla LCW&#8217;de! Hemen online al\u0131\u015fveri\u015f yap, \u00fcr\u00fcn kap\u0131na gelsin! \u2013 S61418Z1-QVK<\/p>\n<p>\u2014 Technical Details \u2014<br \/>\n\u00dcr\u00fcn Tipi: Ti\u015f\u00f6rt<br \/>\nCinsiyet: Erkek \u00c7ocuk<br \/>\nKal\u0131p: Standart &amp; Regular<br \/>\nYaka: Bisiklet Yaka<br \/>\nDesen: Bask\u0131l\u0131<br \/>\nKuma\u015f: Penye<br \/>\nKal\u0131nl\u0131k: Orta Kal\u0131nl\u0131k<br \/>\nKol Boyu: Uzun Kollu<br \/>\nMalzeme: %100 Pamuk<br \/>\nPar\u00e7a Say\u0131s\u0131: 3 Par\u00e7a<br \/>\nPaket \u0130\u00e7eri\u011fi: 3&#8217;l\u00fc Paket<\/p>\n","protected":false},"excerpt":{"rendered":"<p>LCW Kids Bej Bask\u0131l\u0131 Erkek \u00c7ocuk Ti\u015f\u00f6rt 3&#8217;l\u00fc size \u00f6zel indirim, taksit ve kap\u0131da \u00f6deme avantajlar\u0131yla LCW&#8217;de! Hemen online al\u0131\u015fveri\u015f yap, \u00fcr\u00fcn kap\u0131na gelsin! \u2013 S61418Z1-QVK \u2014 Technical Details \u2014 \u00dcr\u00fcn Tipi: Ti\u015f\u00f6rt Cinsiyet: Erkek \u00c7ocuk Kal\u0131p: Standart &amp; Regular Yaka: Bisiklet Yaka Desen: Bask\u0131l\u0131 Kuma\u015f: Penye Kal\u0131nl\u0131k: Orta Kal\u0131nl\u0131k Kol Boyu: Uzun Kollu Malzeme: [&hellip;]<\/p>\n","protected":false},"featured_media":123882,"comment_status":"open","ping_status":"closed","template":"","meta":[],"product_brand":[],"product_cat":[8739,8694,8742],"product_tag":[8110,7426,7488,6768],"class_list":{"0":"post-123901","1":"product","2":"type-product","3":"status-publish","4":"has-post-thumbnail","6":"product_cat-erkek-cocuklar-2-14-yas","7":"product_cat-cocuklar","8":"product_cat-tisortler-gomlekler","9":"product_tag-bisiklet-yaka-2","10":"product_tag-gunluk-giyim-3","11":"product_tag-pamuk","12":"product_tag-uzun-kol","13":"pa_brand-lcw-kids","14":"pa_color-acik-bej","15":"pa_size-1-2-yas","16":"pa_size-2-3-yas","17":"pa_size-3-4-yas","18":"pa_size-4-5-yas","19":"pa_size-5-6-yas","20":"pa_size-6-7-yas","21":"pa_size-7-8-yas","23":"first","24":"instock","25":"sale","26":"shipping-taxable","27":"purchasable","28":"product-type-variable"},"_links":{"self":[{"href":"https:\/\/mod.wisdar.net\/tr\/wp-json\/wp\/v2\/product\/123901","targetHints":{"allow":["GET"]}}],"collection":[{"href":"https:\/\/mod.wisdar.net\/tr\/wp-json\/wp\/v2\/product"}],"about":[{"href":"https:\/\/mod.wisdar.net\/tr\/wp-json\/wp\/v2\/types\/product"}],"replies":[{"embeddable":true,"href":"https:\/\/mod.wisdar.net\/tr\/wp-json\/wp\/v2\/comments?post=123901"}],"wp:featuredmedia":[{"embeddable":true,"href":"https:\/\/mod.wisdar.net\/tr\/wp-json\/wp\/v2\/media\/123882"}],"wp:attachment":[{"href":"https:\/\/mod.wisdar.net\/tr\/wp-json\/wp\/v2\/media?parent=123901"}],"wp:term":[{"taxonomy":"product_brand","embeddable":true,"href":"https:\/\/mod.wisdar.net\/tr\/wp-json\/wp\/v2\/product_brand?post=123901"},{"taxonomy":"product_cat","embeddable":true,"href":"https:\/\/mod.wisdar.net\/tr\/wp-json\/wp\/v2\/product_cat?post=123901"},{"taxonomy":"product_tag","embeddable":true,"href":"https:\/\/mod.wisdar.net\/tr\/wp-json\/wp\/v2\/product_tag?post=123901"}],"curies":[{"name":"wp","href":"https:\/\/api.w.org\/{rel}","templated":true}]}}