{"id":123970,"date":"2026-02-18T17:54:40","date_gmt":"2026-02-18T17:54:40","guid":{"rendered":"https:\/\/modesthanim.com\/product\/ekru-beli-lastikli-erkek-cocuk-esofman-alti\/"},"modified":"2026-04-15T22:11:39","modified_gmt":"2026-04-15T22:11:39","slug":"ekru-beli-lastikli-erkek-cocuk-esofman-alti","status":"publish","type":"product","link":"https:\/\/mod.wisdar.net\/tr\/urun\/ekru-beli-lastikli-erkek-cocuk-esofman-alti\/","title":{"rendered":"Ekru Beli Lastikli Erkek \u00c7ocuk E\u015fofman Alt\u0131"},"content":{"rendered":"<p>LCW Kids Ekru Beli Lastikli Erkek \u00c7ocuk E\u015fofman Alt\u0131 size \u00f6zel indirim, taksit ve kap\u0131da \u00f6deme avantajlar\u0131yla LCW&#8217;de! Hemen online al\u0131\u015fveri\u015f yap, \u00fcr\u00fcn kap\u0131na gelsin! \u2013 S6HT19Z1-R9J<\/p>\n<p>\u2014 Technical Details \u2014<br \/>\nMen\u015fei: M\u0131s\u0131r<br \/>\nSat\u0131c\u0131: LC Waikiki<br \/>\nMarka: LCW Kids<br \/>\n\u00dcr\u00fcn Tipi: E\u015fofman Alt\u0131<br \/>\nCinsiyet: Erkek \u00c7ocuk<br \/>\nKal\u0131p: Standart &amp; Regular<br \/>\nKuma\u015f: Pike<br \/>\nKal\u0131nl\u0131k: Orta Kal\u0131nl\u0131k<br \/>\nBel Fiti: Beli Lastikli<br \/>\nPa\u00e7a Fiti: D\u00fcz Pa\u00e7a<br \/>\nDesen: D\u00fcz<br \/>\nMalzeme: Y\u00fcksek Pamuk \u0130\u00e7erir<\/p>\n","protected":false},"excerpt":{"rendered":"<p>LCW Kids Ekru Beli Lastikli Erkek \u00c7ocuk E\u015fofman Alt\u0131 size \u00f6zel indirim, taksit ve kap\u0131da \u00f6deme avantajlar\u0131yla LCW&#8217;de! Hemen online al\u0131\u015fveri\u015f yap, \u00fcr\u00fcn kap\u0131na gelsin! \u2013 S6HT19Z1-R9J \u2014 Technical Details \u2014 Men\u015fei: M\u0131s\u0131r Sat\u0131c\u0131: LC Waikiki Marka: LCW Kids \u00dcr\u00fcn Tipi: E\u015fofman Alt\u0131 Cinsiyet: Erkek \u00c7ocuk Kal\u0131p: Standart &amp; Regular Kuma\u015f: Pike Kal\u0131nl\u0131k: Orta Kal\u0131nl\u0131k [&hellip;]<\/p>\n","protected":false},"featured_media":123968,"comment_status":"open","ping_status":"closed","template":"","meta":[],"product_brand":[],"product_cat":[8739,8694,8748],"product_tag":[6753,6765,7914],"class_list":{"0":"post-123970","1":"product","2":"type-product","3":"status-publish","4":"has-post-thumbnail","6":"product_cat-erkek-cocuklar-2-14-yas","7":"product_cat-cocuklar","8":"product_cat-pantolonlar-sortlar","9":"product_tag-bej","10":"product_tag-lastikli-bel","11":"product_tag-orta-kalinlik","12":"pa_brand-lcw-kids","13":"pa_color-ekru","14":"pa_size-10-11-yas","15":"pa_size-11-12-yas","16":"pa_size-12-13-yas","17":"pa_size-13-14-yas","18":"pa_size-4-5-yas","19":"pa_size-5-6-yas","20":"pa_size-6-7-yas","21":"pa_size-7-8-yas","22":"pa_size-8-9-yas","23":"pa_size-9-10-yas","25":"first","26":"instock","27":"sale","28":"shipping-taxable","29":"purchasable","30":"product-type-variable"},"_links":{"self":[{"href":"https:\/\/mod.wisdar.net\/tr\/wp-json\/wp\/v2\/product\/123970","targetHints":{"allow":["GET"]}}],"collection":[{"href":"https:\/\/mod.wisdar.net\/tr\/wp-json\/wp\/v2\/product"}],"about":[{"href":"https:\/\/mod.wisdar.net\/tr\/wp-json\/wp\/v2\/types\/product"}],"replies":[{"embeddable":true,"href":"https:\/\/mod.wisdar.net\/tr\/wp-json\/wp\/v2\/comments?post=123970"}],"wp:featuredmedia":[{"embeddable":true,"href":"https:\/\/mod.wisdar.net\/tr\/wp-json\/wp\/v2\/media\/123968"}],"wp:attachment":[{"href":"https:\/\/mod.wisdar.net\/tr\/wp-json\/wp\/v2\/media?parent=123970"}],"wp:term":[{"taxonomy":"product_brand","embeddable":true,"href":"https:\/\/mod.wisdar.net\/tr\/wp-json\/wp\/v2\/product_brand?post=123970"},{"taxonomy":"product_cat","embeddable":true,"href":"https:\/\/mod.wisdar.net\/tr\/wp-json\/wp\/v2\/product_cat?post=123970"},{"taxonomy":"product_tag","embeddable":true,"href":"https:\/\/mod.wisdar.net\/tr\/wp-json\/wp\/v2\/product_tag?post=123970"}],"curies":[{"name":"wp","href":"https:\/\/api.w.org\/{rel}","templated":true}]}}