{"id":124317,"date":"2026-02-18T18:02:54","date_gmt":"2026-02-18T18:02:54","guid":{"rendered":"https:\/\/modesthanim.com\/product\/yesil-baskili-erkek-cocuk-kolej-ceket\/"},"modified":"2026-04-10T22:24:02","modified_gmt":"2026-04-10T22:24:02","slug":"yesil-baskili-erkek-cocuk-kolej-ceket","status":"publish","type":"product","link":"https:\/\/mod.wisdar.net\/tr\/urun\/yesil-baskili-erkek-cocuk-kolej-ceket\/","title":{"rendered":"Ye\u015fil Bask\u0131l\u0131 Erkek \u00c7ocuk Kolej Ceket"},"content":{"rendered":"<p>LCW Kids Ye\u015fil Bask\u0131l\u0131 Erkek \u00c7ocuk Kolej Ceket size \u00f6zel indirim, taksit ve kap\u0131da \u00f6deme avantajlar\u0131yla LCW&#8217;de! Hemen online al\u0131\u015fveri\u015f yap, \u00fcr\u00fcn kap\u0131na gelsin! \u2013 S52505Z4-HQH<\/p>\n<p>\u2014 Technical Details \u2014<br \/>\nMen\u015fei: Turk\u0131ye,Myanmar<br \/>\nSat\u0131c\u0131: LC Waikiki<br \/>\nMarka: LCW Kids<br \/>\n\u00dcr\u00fcn Tipi: Fermuarl\u0131 Sweatshirt<br \/>\nCinsiyet: Erkek \u00c7ocuk<br \/>\nKal\u0131p: Loose &amp; Bol<br \/>\nKuma\u015f: 3 \u0130plik<br \/>\nDesen: Bask\u0131l\u0131<br \/>\nYaka: Kolej Yaka<br \/>\nKal\u0131nl\u0131k: Orta Kal\u0131nl\u0131k<br \/>\nKol Boyu: Uzun Kollu<\/p>\n","protected":false},"excerpt":{"rendered":"<p>LCW Kids Ye\u015fil Bask\u0131l\u0131 Erkek \u00c7ocuk Kolej Ceket size \u00f6zel indirim, taksit ve kap\u0131da \u00f6deme avantajlar\u0131yla LCW&#8217;de! Hemen online al\u0131\u015fveri\u015f yap, \u00fcr\u00fcn kap\u0131na gelsin! \u2013 S52505Z4-HQH \u2014 Technical Details \u2014 Men\u015fei: Turk\u0131ye,Myanmar Sat\u0131c\u0131: LC Waikiki Marka: LCW Kids \u00dcr\u00fcn Tipi: Fermuarl\u0131 Sweatshirt Cinsiyet: Erkek \u00c7ocuk Kal\u0131p: Loose &amp; Bol Kuma\u015f: 3 \u0130plik Desen: Bask\u0131l\u0131 Yaka: [&hellip;]<\/p>\n","protected":false},"featured_media":124314,"comment_status":"open","ping_status":"closed","template":"","meta":[],"product_brand":[],"product_cat":[8739,8751,8694],"product_tag":[8022,7309,7422],"class_list":{"0":"post-124317","1":"product","2":"type-product","3":"status-publish","4":"has-post-thumbnail","6":"product_cat-erkek-cocuklar-2-14-yas","7":"product_cat-kapusonlular","8":"product_cat-cocuklar","9":"product_tag-baskili-2","10":"product_tag-fermuarli","11":"product_tag-sweatshirt","12":"pa_brand-lcw-kids","13":"pa_color-yesil","14":"pa_size-10-11-yas","15":"pa_size-11-12-yas","16":"pa_size-12-13-yas","17":"pa_size-13-14-yas","18":"pa_size-5-6-yas","19":"pa_size-6-7-yas","20":"pa_size-7-8-yas","21":"pa_size-8-9-yas","22":"pa_size-9-10-yas","24":"first","25":"instock","26":"sale","27":"shipping-taxable","28":"purchasable","29":"product-type-variable"},"_links":{"self":[{"href":"https:\/\/mod.wisdar.net\/tr\/wp-json\/wp\/v2\/product\/124317","targetHints":{"allow":["GET"]}}],"collection":[{"href":"https:\/\/mod.wisdar.net\/tr\/wp-json\/wp\/v2\/product"}],"about":[{"href":"https:\/\/mod.wisdar.net\/tr\/wp-json\/wp\/v2\/types\/product"}],"replies":[{"embeddable":true,"href":"https:\/\/mod.wisdar.net\/tr\/wp-json\/wp\/v2\/comments?post=124317"}],"wp:featuredmedia":[{"embeddable":true,"href":"https:\/\/mod.wisdar.net\/tr\/wp-json\/wp\/v2\/media\/124314"}],"wp:attachment":[{"href":"https:\/\/mod.wisdar.net\/tr\/wp-json\/wp\/v2\/media?parent=124317"}],"wp:term":[{"taxonomy":"product_brand","embeddable":true,"href":"https:\/\/mod.wisdar.net\/tr\/wp-json\/wp\/v2\/product_brand?post=124317"},{"taxonomy":"product_cat","embeddable":true,"href":"https:\/\/mod.wisdar.net\/tr\/wp-json\/wp\/v2\/product_cat?post=124317"},{"taxonomy":"product_tag","embeddable":true,"href":"https:\/\/mod.wisdar.net\/tr\/wp-json\/wp\/v2\/product_tag?post=124317"}],"curies":[{"name":"wp","href":"https:\/\/api.w.org\/{rel}","templated":true}]}}