{"id":124408,"date":"2026-02-18T18:03:57","date_gmt":"2026-02-18T18:03:57","guid":{"rendered":"https:\/\/modesthanim.com\/product\/gri-erkek-cocuk-tisortlu-gabardin-gomlek-ve-pantolon\/"},"modified":"2026-04-02T21:11:40","modified_gmt":"2026-04-02T21:11:40","slug":"gri-erkek-cocuk-tisortlu-gabardin-gomlek-ve-pantolon","status":"publish","type":"product","link":"https:\/\/mod.wisdar.net\/tr\/urun\/gri-erkek-cocuk-tisortlu-gabardin-gomlek-ve-pantolon\/","title":{"rendered":"Gri Erkek \u00c7ocuk Ti\u015f\u00f6rtl\u00fc Gabardin G\u00f6mlek ve Pantolon"},"content":{"rendered":"<p>LCW Kids Gri Erkek \u00c7ocuk Ti\u015f\u00f6rtl\u00fc Gabardin G\u00f6mlek ve Pantolon size \u00f6zel indirim, taksit ve kap\u0131da \u00f6deme avantajlar\u0131yla LCW&#8217;de! Hemen online al\u0131\u015fveri\u015f yap, \u00fcr\u00fcn kap\u0131na gelsin! \u2013 S6DK07Z1-FJS<\/p>\n<p>\u2014 Technical Details \u2014<br \/>\nSat\u0131c\u0131: LC Waikiki<br \/>\nMarka: LCW Kids<br \/>\n\u00dcr\u00fcn Tipi: Tak\u0131m<br \/>\nCinsiyet: Erkek \u00c7ocuk<br \/>\nKal\u0131p: Standart &amp; Regular<br \/>\nKuma\u015f: Gabardin<br \/>\nBel Fiti: Beli Lastikli<br \/>\nDesen: D\u00fcz<br \/>\nYaka: G\u00f6mlek Yaka<br \/>\nPa\u00e7a Fiti: D\u00fcz Pa\u00e7a<br \/>\nKal\u0131nl\u0131k: Orta Kal\u0131nl\u0131k<br \/>\nKol Boyu: Uzun Kollu<br \/>\nMalzeme: %100 Pamuk<br \/>\nPar\u00e7a Say\u0131s\u0131: 3 Par\u00e7a<\/p>\n","protected":false},"excerpt":{"rendered":"<p>LCW Kids Gri Erkek \u00c7ocuk Ti\u015f\u00f6rtl\u00fc Gabardin G\u00f6mlek ve Pantolon size \u00f6zel indirim, taksit ve kap\u0131da \u00f6deme avantajlar\u0131yla LCW&#8217;de! Hemen online al\u0131\u015fveri\u015f yap, \u00fcr\u00fcn kap\u0131na gelsin! \u2013 S6DK07Z1-FJS \u2014 Technical Details \u2014 Sat\u0131c\u0131: LC Waikiki Marka: LCW Kids \u00dcr\u00fcn Tipi: Tak\u0131m Cinsiyet: Erkek \u00c7ocuk Kal\u0131p: Standart &amp; Regular Kuma\u015f: Gabardin Bel Fiti: Beli Lastikli Desen: [&hellip;]<\/p>\n","protected":false},"featured_media":124391,"comment_status":"open","ping_status":"closed","template":"","meta":[],"product_brand":[],"product_cat":[8745,8739,8694],"product_tag":[8829,9814,5163,9823,6017,9005,8906,9824],"class_list":{"0":"post-124408","1":"product","2":"type-product","3":"status-publish","4":"has-post-thumbnail","6":"product_cat-erkek-cocuk-takimlari","7":"product_cat-erkek-cocuklar-2-14-yas","8":"product_cat-cocuklar","9":"product_tag-3-piece-set","10":"product_tag-boys-fashion","11":"product_tag-cotton-clothing","12":"product_tag-gabardine-set","13":"product_tag-gray-outfit","14":"product_tag-kids-clothing","15":"product_tag-lcw-kids","16":"product_tag-shirt-and-pants","17":"pa_brand-lcw-kids","18":"pa_color-acik-gri","19":"pa_size-1-2-yas","20":"pa_size-2-3-yas","21":"pa_size-3-4-yas","22":"pa_size-4-5-yas","23":"pa_size-5-6-yas","24":"pa_size-6-7-yas","25":"pa_size-7-8-yas","27":"first","28":"outofstock","29":"shipping-taxable","30":"product-type-variable"},"_links":{"self":[{"href":"https:\/\/mod.wisdar.net\/tr\/wp-json\/wp\/v2\/product\/124408","targetHints":{"allow":["GET"]}}],"collection":[{"href":"https:\/\/mod.wisdar.net\/tr\/wp-json\/wp\/v2\/product"}],"about":[{"href":"https:\/\/mod.wisdar.net\/tr\/wp-json\/wp\/v2\/types\/product"}],"replies":[{"embeddable":true,"href":"https:\/\/mod.wisdar.net\/tr\/wp-json\/wp\/v2\/comments?post=124408"}],"wp:featuredmedia":[{"embeddable":true,"href":"https:\/\/mod.wisdar.net\/tr\/wp-json\/wp\/v2\/media\/124391"}],"wp:attachment":[{"href":"https:\/\/mod.wisdar.net\/tr\/wp-json\/wp\/v2\/media?parent=124408"}],"wp:term":[{"taxonomy":"product_brand","embeddable":true,"href":"https:\/\/mod.wisdar.net\/tr\/wp-json\/wp\/v2\/product_brand?post=124408"},{"taxonomy":"product_cat","embeddable":true,"href":"https:\/\/mod.wisdar.net\/tr\/wp-json\/wp\/v2\/product_cat?post=124408"},{"taxonomy":"product_tag","embeddable":true,"href":"https:\/\/mod.wisdar.net\/tr\/wp-json\/wp\/v2\/product_tag?post=124408"}],"curies":[{"name":"wp","href":"https:\/\/api.w.org\/{rel}","templated":true}]}}