{"id":124494,"date":"2026-02-18T18:05:33","date_gmt":"2026-02-18T18:05:33","guid":{"rendered":"https:\/\/modesthanim.com\/product\/lacivert-bisiklet-yaka-minecraft-baskili-erkek-cocuk-kalin-sweatshirt\/"},"modified":"2026-04-13T04:13:07","modified_gmt":"2026-04-13T04:13:07","slug":"lacivert-bisiklet-yaka-minecraft-baskili-erkek-cocuk-kalin-sweatshirt","status":"publish","type":"product","link":"https:\/\/mod.wisdar.net\/tr\/urun\/lacivert-bisiklet-yaka-minecraft-baskili-erkek-cocuk-kalin-sweatshirt\/","title":{"rendered":"Lacivert Bisiklet Yaka Minecraft Bask\u0131l\u0131 Erkek \u00c7ocuk Kal\u0131n Sweatshirt"},"content":{"rendered":"<p>LCW Kids Lacivert Bisiklet Yaka Minecraft Bask\u0131l\u0131 Erkek \u00c7ocuk Kal\u0131n Sweatshirt size \u00f6zel indirim, taksit ve kap\u0131da \u00f6deme avantajlar\u0131yla LCW&#8217;de! Hemen online al\u0131\u015fveri\u015f yap, \u00fcr\u00fcn kap\u0131na gelsin! \u2013 W5MY40Z4-DWP<\/p>\n<p>\u2014 Technical Details \u2014<br \/>\nMen\u015fei: Turk\u0131ye<br \/>\nSat\u0131c\u0131: LC Waikiki<br \/>\nMarka: LCW Kids<br \/>\n\u00dcr\u00fcn Tipi: Sweatshirt<br \/>\nCinsiyet: Erkek \u00c7ocuk<br \/>\nKal\u0131p: Standart &amp; Regular<br \/>\nKuma\u015f: 3 \u0130plik \u015eardonlu<br \/>\nDesen: Bask\u0131l\u0131<br \/>\nYaka: Bisiklet Yaka<br \/>\nKal\u0131nl\u0131k: Kal\u0131n<br \/>\nKol Boyu: Uzun Kollu<br \/>\nLisans: Minecraft<\/p>\n","protected":false},"excerpt":{"rendered":"<p>LCW Kids Lacivert Bisiklet Yaka Minecraft Bask\u0131l\u0131 Erkek \u00c7ocuk Kal\u0131n Sweatshirt size \u00f6zel indirim, taksit ve kap\u0131da \u00f6deme avantajlar\u0131yla LCW&#8217;de! Hemen online al\u0131\u015fveri\u015f yap, \u00fcr\u00fcn kap\u0131na gelsin! \u2013 W5MY40Z4-DWP \u2014 Technical Details \u2014 Men\u015fei: Turk\u0131ye Sat\u0131c\u0131: LC Waikiki Marka: LCW Kids \u00dcr\u00fcn Tipi: Sweatshirt Cinsiyet: Erkek \u00c7ocuk Kal\u0131p: Standart &amp; Regular Kuma\u015f: 3 \u0130plik \u015eardonlu [&hellip;]<\/p>\n","protected":false},"featured_media":124488,"comment_status":"open","ping_status":"closed","template":"","meta":[],"product_brand":[],"product_cat":[8739,8694,8742],"product_tag":[8110,7758],"class_list":{"0":"post-124494","1":"product","2":"type-product","3":"status-publish","4":"has-post-thumbnail","6":"product_cat-erkek-cocuklar-2-14-yas","7":"product_cat-cocuklar","8":"product_cat-tisortler-gomlekler","9":"product_tag-bisiklet-yaka-2","10":"product_tag-kis-giyim","11":"pa_brand-lcw-kids","12":"pa_color-lacivert","13":"pa_size-10-11-yas","14":"pa_size-11-12-yas","15":"pa_size-12-13-yas","16":"pa_size-13-14-yas","17":"pa_size-6-7-yas","18":"pa_size-7-8-yas","19":"pa_size-8-9-yas","20":"pa_size-9-10-yas","22":"first","23":"instock","24":"sale","25":"shipping-taxable","26":"purchasable","27":"product-type-variable"},"_links":{"self":[{"href":"https:\/\/mod.wisdar.net\/tr\/wp-json\/wp\/v2\/product\/124494","targetHints":{"allow":["GET"]}}],"collection":[{"href":"https:\/\/mod.wisdar.net\/tr\/wp-json\/wp\/v2\/product"}],"about":[{"href":"https:\/\/mod.wisdar.net\/tr\/wp-json\/wp\/v2\/types\/product"}],"replies":[{"embeddable":true,"href":"https:\/\/mod.wisdar.net\/tr\/wp-json\/wp\/v2\/comments?post=124494"}],"wp:featuredmedia":[{"embeddable":true,"href":"https:\/\/mod.wisdar.net\/tr\/wp-json\/wp\/v2\/media\/124488"}],"wp:attachment":[{"href":"https:\/\/mod.wisdar.net\/tr\/wp-json\/wp\/v2\/media?parent=124494"}],"wp:term":[{"taxonomy":"product_brand","embeddable":true,"href":"https:\/\/mod.wisdar.net\/tr\/wp-json\/wp\/v2\/product_brand?post=124494"},{"taxonomy":"product_cat","embeddable":true,"href":"https:\/\/mod.wisdar.net\/tr\/wp-json\/wp\/v2\/product_cat?post=124494"},{"taxonomy":"product_tag","embeddable":true,"href":"https:\/\/mod.wisdar.net\/tr\/wp-json\/wp\/v2\/product_tag?post=124494"}],"curies":[{"name":"wp","href":"https:\/\/api.w.org\/{rel}","templated":true}]}}