{"id":124522,"date":"2026-02-18T18:05:37","date_gmt":"2026-02-18T18:05:37","guid":{"rendered":"https:\/\/modesthanim.com\/product\/kahverengi-baskili-erkek-bebek-sweatshirt\/"},"modified":"2026-04-13T04:11:53","modified_gmt":"2026-04-13T04:11:53","slug":"kahverengi-baskili-erkek-bebek-sweatshirt","status":"publish","type":"product","link":"https:\/\/mod.wisdar.net\/tr\/urun\/kahverengi-baskili-erkek-bebek-sweatshirt\/","title":{"rendered":"Kahverengi Bask\u0131l\u0131 Erkek Bebek Sweatshirt"},"content":{"rendered":"<p>LCW Kids Kahverengi Bask\u0131l\u0131 Erkek Bebek Sweatshirt size \u00f6zel indirim, taksit ve kap\u0131da \u00f6deme avantajlar\u0131yla LCW&#8217;de! Hemen online al\u0131\u015fveri\u015f yap, \u00fcr\u00fcn kap\u0131na gelsin! \u2013 S6NF24Z1-R3C<\/p>\n<p>\u2014 Technical Details \u2014<br \/>\nMen\u015fei: Turk\u0131ye<br \/>\nSat\u0131c\u0131: LC Waikiki<br \/>\nMarka: LCW Kids<br \/>\n\u00dcr\u00fcn Tipi: Sweatshirt<br \/>\nCinsiyet: Erkek \u00c7ocuk<br \/>\nKal\u0131p: Loose &amp; Bol<br \/>\nKuma\u015f: 3 \u0130plik<br \/>\nDesen: Bask\u0131l\u0131<br \/>\nYaka: Bisiklet Yaka<br \/>\nKal\u0131nl\u0131k: Orta Kal\u0131nl\u0131k<br \/>\nKol Boyu: Uzun Kollu<br \/>\nMalzeme: %100 Pamuk<\/p>\n","protected":false},"excerpt":{"rendered":"<p>LCW Kids Kahverengi Bask\u0131l\u0131 Erkek Bebek Sweatshirt size \u00f6zel indirim, taksit ve kap\u0131da \u00f6deme avantajlar\u0131yla LCW&#8217;de! Hemen online al\u0131\u015fveri\u015f yap, \u00fcr\u00fcn kap\u0131na gelsin! \u2013 S6NF24Z1-R3C \u2014 Technical Details \u2014 Men\u015fei: Turk\u0131ye Sat\u0131c\u0131: LC Waikiki Marka: LCW Kids \u00dcr\u00fcn Tipi: Sweatshirt Cinsiyet: Erkek \u00c7ocuk Kal\u0131p: Loose &amp; Bol Kuma\u015f: 3 \u0130plik Desen: Bask\u0131l\u0131 Yaka: Bisiklet Yaka [&hellip;]<\/p>\n","protected":false},"featured_media":124518,"comment_status":"open","ping_status":"closed","template":"","meta":[],"product_brand":[],"product_cat":[8739,8694,8742],"product_tag":[8832,9827,9359,9201,8906,9828],"class_list":{"0":"post-124522","1":"product","2":"type-product","3":"status-publish","4":"has-post-thumbnail","6":"product_cat-erkek-cocuklar-2-14-yas","7":"product_cat-cocuklar","8":"product_cat-tisortler-gomlekler","9":"product_tag-baby-clothing","10":"product_tag-boys-sweatshirt","11":"product_tag-cotton-apparel","12":"product_tag-kids-fashion","13":"product_tag-lcw-kids","14":"product_tag-printed-sweater","15":"pa_brand-lcw-kids","16":"pa_color-kahverengi","17":"pa_size-1-2-yas","18":"pa_size-2-3-yas","19":"pa_size-3-4-yas","20":"pa_size-4-5-yas","21":"pa_size-5-6-yas","22":"pa_size-6-7-yas","23":"pa_size-7-8-yas","25":"first","26":"instock","27":"sale","28":"shipping-taxable","29":"purchasable","30":"product-type-variable"},"_links":{"self":[{"href":"https:\/\/mod.wisdar.net\/tr\/wp-json\/wp\/v2\/product\/124522","targetHints":{"allow":["GET"]}}],"collection":[{"href":"https:\/\/mod.wisdar.net\/tr\/wp-json\/wp\/v2\/product"}],"about":[{"href":"https:\/\/mod.wisdar.net\/tr\/wp-json\/wp\/v2\/types\/product"}],"replies":[{"embeddable":true,"href":"https:\/\/mod.wisdar.net\/tr\/wp-json\/wp\/v2\/comments?post=124522"}],"wp:featuredmedia":[{"embeddable":true,"href":"https:\/\/mod.wisdar.net\/tr\/wp-json\/wp\/v2\/media\/124518"}],"wp:attachment":[{"href":"https:\/\/mod.wisdar.net\/tr\/wp-json\/wp\/v2\/media?parent=124522"}],"wp:term":[{"taxonomy":"product_brand","embeddable":true,"href":"https:\/\/mod.wisdar.net\/tr\/wp-json\/wp\/v2\/product_brand?post=124522"},{"taxonomy":"product_cat","embeddable":true,"href":"https:\/\/mod.wisdar.net\/tr\/wp-json\/wp\/v2\/product_cat?post=124522"},{"taxonomy":"product_tag","embeddable":true,"href":"https:\/\/mod.wisdar.net\/tr\/wp-json\/wp\/v2\/product_tag?post=124522"}],"curies":[{"name":"wp","href":"https:\/\/api.w.org\/{rel}","templated":true}]}}