{"id":124652,"date":"2026-02-18T18:09:29","date_gmt":"2026-02-18T18:09:29","guid":{"rendered":"https:\/\/modesthanim.com\/product\/antrasit-minecraft-baskili-erkek-cocuk-fermuarli-sweatshirt\/"},"modified":"2026-04-13T04:10:54","modified_gmt":"2026-04-13T04:10:54","slug":"antrasit-minecraft-baskili-erkek-cocuk-fermuarli-sweatshirt","status":"publish","type":"product","link":"https:\/\/mod.wisdar.net\/tr\/urun\/antrasit-minecraft-baskili-erkek-cocuk-fermuarli-sweatshirt\/","title":{"rendered":"Antrasit Minecraft Bask\u0131l\u0131 Erkek \u00c7ocuk Fermuarl\u0131 Sweatshirt"},"content":{"rendered":"<p>LCW Kids Antrasit Minecraft Bask\u0131l\u0131 Erkek \u00c7ocuk Fermuarl\u0131 Sweatshirt size \u00f6zel indirim, taksit ve kap\u0131da \u00f6deme avantajlar\u0131yla LCW&#8217;de! Hemen online al\u0131\u015fveri\u015f yap, \u00fcr\u00fcn kap\u0131na gelsin! \u2013 S67652Z4-R4Q<\/p>\n<p>\u2014 Technical Details \u2014<br \/>\n\u00dcr\u00fcn Tipi: Fermuarl\u0131 Sweatshirt<br \/>\nCinsiyet: Erkek \u00c7ocuk<br \/>\nKal\u0131p: Standart &amp; Regular<br \/>\nKuma\u015f: 3 \u0130plik<br \/>\nDesen: Bask\u0131l\u0131<br \/>\nYaka: Kap\u00fc\u015fonlu<br \/>\nKal\u0131nl\u0131k: Orta Kal\u0131nl\u0131k<br \/>\nKol Boyu: Uzun Kollu<br \/>\nSiluet: Kanguru Cep<br \/>\nLisans: Minecraft<br \/>\nEk \u00d6zellik: Fermuarl\u0131<\/p>\n","protected":false},"excerpt":{"rendered":"<p>LCW Kids Antrasit Minecraft Bask\u0131l\u0131 Erkek \u00c7ocuk Fermuarl\u0131 Sweatshirt size \u00f6zel indirim, taksit ve kap\u0131da \u00f6deme avantajlar\u0131yla LCW&#8217;de! Hemen online al\u0131\u015fveri\u015f yap, \u00fcr\u00fcn kap\u0131na gelsin! \u2013 S67652Z4-R4Q \u2014 Technical Details \u2014 \u00dcr\u00fcn Tipi: Fermuarl\u0131 Sweatshirt Cinsiyet: Erkek \u00c7ocuk Kal\u0131p: Standart &amp; Regular Kuma\u015f: 3 \u0130plik Desen: Bask\u0131l\u0131 Yaka: Kap\u00fc\u015fonlu Kal\u0131nl\u0131k: Orta Kal\u0131nl\u0131k Kol Boyu: Uzun [&hellip;]<\/p>\n","protected":false},"featured_media":124646,"comment_status":"open","ping_status":"closed","template":"","meta":[],"product_brand":[],"product_cat":[8739,8751,8694],"product_tag":[9827,9837,9005,9835,9836],"class_list":{"0":"post-124652","1":"product","2":"type-product","3":"status-publish","4":"has-post-thumbnail","6":"product_cat-erkek-cocuklar-2-14-yas","7":"product_cat-kapusonlular","8":"product_cat-cocuklar","9":"product_tag-boys-sweatshirt","10":"product_tag-gaming-apparel","11":"product_tag-kids-clothing","12":"product_tag-minecraft-hoodie","13":"product_tag-zipper-hoodie","14":"pa_brand-lcw-kids","15":"pa_color-antrasit","16":"pa_size-10-11-yas","17":"pa_size-11-12-yas","18":"pa_size-12-13-yas","19":"pa_size-13-14-yas","20":"pa_size-7-8-yas","21":"pa_size-8-9-yas","22":"pa_size-9-10-yas","24":"first","25":"instock","26":"sale","27":"shipping-taxable","28":"purchasable","29":"product-type-variable"},"_links":{"self":[{"href":"https:\/\/mod.wisdar.net\/tr\/wp-json\/wp\/v2\/product\/124652","targetHints":{"allow":["GET"]}}],"collection":[{"href":"https:\/\/mod.wisdar.net\/tr\/wp-json\/wp\/v2\/product"}],"about":[{"href":"https:\/\/mod.wisdar.net\/tr\/wp-json\/wp\/v2\/types\/product"}],"replies":[{"embeddable":true,"href":"https:\/\/mod.wisdar.net\/tr\/wp-json\/wp\/v2\/comments?post=124652"}],"wp:featuredmedia":[{"embeddable":true,"href":"https:\/\/mod.wisdar.net\/tr\/wp-json\/wp\/v2\/media\/124646"}],"wp:attachment":[{"href":"https:\/\/mod.wisdar.net\/tr\/wp-json\/wp\/v2\/media?parent=124652"}],"wp:term":[{"taxonomy":"product_brand","embeddable":true,"href":"https:\/\/mod.wisdar.net\/tr\/wp-json\/wp\/v2\/product_brand?post=124652"},{"taxonomy":"product_cat","embeddable":true,"href":"https:\/\/mod.wisdar.net\/tr\/wp-json\/wp\/v2\/product_cat?post=124652"},{"taxonomy":"product_tag","embeddable":true,"href":"https:\/\/mod.wisdar.net\/tr\/wp-json\/wp\/v2\/product_tag?post=124652"}],"curies":[{"name":"wp","href":"https:\/\/api.w.org\/{rel}","templated":true}]}}