{"id":12476,"date":"2025-11-01T21:28:00","date_gmt":"2025-11-01T21:28:00","guid":{"rendered":"https:\/\/modesthanim.com\/product\/indigo-nakisli-keten-gomlek-tunik\/"},"modified":"2026-01-15T08:41:26","modified_gmt":"2026-01-15T08:41:26","slug":"indigo-nakisli-keten-gomlek-tunik","status":"publish","type":"product","link":"https:\/\/mod.wisdar.net\/tr\/urun\/indigo-nakisli-keten-gomlek-tunik\/","title":{"rendered":"\u0130ndigo Nak\u0131\u015fl\u0131 Keten G\u00f6mlek Tunik"},"content":{"rendered":"<p>\u0130ndigo Nak\u0131\u015fl\u0131 Keten G\u00f6mlek Tunik ile modern ve rahat bir stil yakalay\u0131n. ALLDAY&#8217;in G\u00f6mlek Tunik kategorisindeki di\u011fer modelleri ke\u015ffedin. K\u0131yafetinizi bug\u00fcn \u0130ndigo Nak\u0131\u015fl\u0131 Keten G\u00f6mlek Tunik ile tamamlay\u0131n!<\/p>\n<p>\u2014 Teknik Detaylar \u2014<br \/>\nMevsim: Yaz 25<br \/>\nCep Detay\u0131: Cepsiz<br \/>\nYaka: G\u00f6mlek<br \/>\nKol Deseni: Bol<br \/>\nBoyut \/ Uzunluk: 80 CM<br \/>\nTasar\u0131m D\u00f6nemi: Yaz 25<br \/>\nKal\u0131p: RAHAT<br \/>\nBel: Bel<br \/>\nDesen: Nak\u0131\u015fl\u0131<br \/>\nTema: 3.ZENG\u0130N<br \/>\n\u00c7izgi: ZAR\u0130F<br \/>\n\u00dcr\u00fcn Lig: A Kalite<br \/>\nSezon Sat\u0131\u015f D\u00f6nemi: Yaz<br \/>\nMalzeme T\u00fcr\u00fc: Dokuma<\/p>\n","protected":false},"excerpt":{"rendered":"<p>\u0130ndigo Nak\u0131\u015fl\u0131 Keten G\u00f6mlek Tunik ile modern ve rahat bir stil yakalay\u0131n. ALLDAY&#8217;in G\u00f6mlek Tunik kategorisindeki di\u011fer modelleri ke\u015ffedin. K\u0131yafetinizi bug\u00fcn \u0130ndigo Nak\u0131\u015fl\u0131 Keten G\u00f6mlek Tunik ile tamamlay\u0131n! \u2014 Teknik Detaylar \u2014 Mevsim: Yaz 25 Cep Detay\u0131: Cepsiz Yaka: G\u00f6mlek Kol Deseni: Bol Boyut \/ Uzunluk: 80 CM Tasar\u0131m D\u00f6nemi: Yaz 25 Kal\u0131p: RAHAT Bel: [&hellip;]<\/p>\n","protected":false},"featured_media":0,"comment_status":"open","ping_status":"closed","template":"","meta":[],"product_brand":[],"product_cat":[1909],"product_tag":[4861,4998],"class_list":{"0":"post-12476","1":"product","2":"type-product","3":"status-publish","5":"product_cat-bluzlar-ve-gomlekler","6":"product_tag-allday","7":"product_tag-indigo","8":"pa_brand-allday","9":"pa_color-indigo","10":"pa_size-4701","11":"pa_size-4706","12":"pa_size-4711","13":"pa_size-4713","14":"pa_size-4751","16":"first","17":"instock","18":"sale","19":"shipping-taxable","20":"purchasable","21":"product-type-variable"},"_links":{"self":[{"href":"https:\/\/mod.wisdar.net\/tr\/wp-json\/wp\/v2\/product\/12476","targetHints":{"allow":["GET"]}}],"collection":[{"href":"https:\/\/mod.wisdar.net\/tr\/wp-json\/wp\/v2\/product"}],"about":[{"href":"https:\/\/mod.wisdar.net\/tr\/wp-json\/wp\/v2\/types\/product"}],"replies":[{"embeddable":true,"href":"https:\/\/mod.wisdar.net\/tr\/wp-json\/wp\/v2\/comments?post=12476"}],"wp:attachment":[{"href":"https:\/\/mod.wisdar.net\/tr\/wp-json\/wp\/v2\/media?parent=12476"}],"wp:term":[{"taxonomy":"product_brand","embeddable":true,"href":"https:\/\/mod.wisdar.net\/tr\/wp-json\/wp\/v2\/product_brand?post=12476"},{"taxonomy":"product_cat","embeddable":true,"href":"https:\/\/mod.wisdar.net\/tr\/wp-json\/wp\/v2\/product_cat?post=12476"},{"taxonomy":"product_tag","embeddable":true,"href":"https:\/\/mod.wisdar.net\/tr\/wp-json\/wp\/v2\/product_tag?post=12476"}],"curies":[{"name":"wp","href":"https:\/\/api.w.org\/{rel}","templated":true}]}}