{"id":124808,"date":"2026-02-18T18:11:55","date_gmt":"2026-02-18T18:11:55","guid":{"rendered":"https:\/\/modesthanim.com\/product\/kahverengi-beli-lastikli-erkek-cocuk-kargo-esofman-alti\/"},"modified":"2026-04-13T03:51:41","modified_gmt":"2026-04-13T03:51:41","slug":"kahverengi-beli-lastikli-erkek-cocuk-kargo-esofman-alti","status":"publish","type":"product","link":"https:\/\/mod.wisdar.net\/tr\/urun\/kahverengi-beli-lastikli-erkek-cocuk-kargo-esofman-alti\/","title":{"rendered":"Kahverengi Beli Lastikli Erkek \u00c7ocuk Kargo E\u015fofman Alt\u0131"},"content":{"rendered":"<p>LCW Kids Kahverengi Beli Lastikli Erkek \u00c7ocuk Kargo E\u015fofman Alt\u0131 size \u00f6zel indirim, taksit ve kap\u0131da \u00f6deme avantajlar\u0131yla LCW&#8217;de! Hemen online al\u0131\u015fveri\u015f yap, \u00fcr\u00fcn kap\u0131na gelsin! \u2013 S6NG32Z1-R3C<\/p>\n<p>\u2014 Technical Details \u2014<br \/>\nproduct_type: Jogger E\u015fofman Alt\u0131<br \/>\ngender: Erkek \u00c7ocuk<br \/>\npattern: Loose &amp; Bol<br \/>\nfabric: 3 \u0130plik \u015eardonlu<br \/>\nwaist_fit: Beli Lastikli<br \/>\ndesign: D\u00fcz<br \/>\nhem_fit: Lastikli Pa\u00e7a<br \/>\nthickness: Kal\u0131n<br \/>\nsilhouette: Kargo<\/p>\n","protected":false},"excerpt":{"rendered":"<p>LCW Kids Kahverengi Beli Lastikli Erkek \u00c7ocuk Kargo E\u015fofman Alt\u0131 size \u00f6zel indirim, taksit ve kap\u0131da \u00f6deme avantajlar\u0131yla LCW&#8217;de! Hemen online al\u0131\u015fveri\u015f yap, \u00fcr\u00fcn kap\u0131na gelsin! \u2013 S6NG32Z1-R3C \u2014 Technical Details \u2014 product_type: Jogger E\u015fofman Alt\u0131 gender: Erkek \u00c7ocuk pattern: Loose &amp; Bol fabric: 3 \u0130plik \u015eardonlu waist_fit: Beli Lastikli design: D\u00fcz hem_fit: Lastikli Pa\u00e7a [&hellip;]<\/p>\n","protected":false},"featured_media":124805,"comment_status":"open","ping_status":"closed","template":"","meta":[],"product_brand":[],"product_cat":[8739,8694,8748],"product_tag":[],"class_list":{"0":"post-124808","1":"product","2":"type-product","3":"status-publish","4":"has-post-thumbnail","6":"product_cat-erkek-cocuklar-2-14-yas","7":"product_cat-cocuklar","8":"product_cat-pantolonlar-sortlar","9":"pa_brand-lcw-kids","10":"pa_color-kahverengi","11":"pa_size-1-2-yas","12":"pa_size-2-3-yas","13":"pa_size-3-4-yas","14":"pa_size-4-5-yas","15":"pa_size-5-6-yas","16":"pa_size-6-7-yas","17":"pa_size-7-8-yas","19":"first","20":"instock","21":"sale","22":"shipping-taxable","23":"purchasable","24":"product-type-variable"},"_links":{"self":[{"href":"https:\/\/mod.wisdar.net\/tr\/wp-json\/wp\/v2\/product\/124808","targetHints":{"allow":["GET"]}}],"collection":[{"href":"https:\/\/mod.wisdar.net\/tr\/wp-json\/wp\/v2\/product"}],"about":[{"href":"https:\/\/mod.wisdar.net\/tr\/wp-json\/wp\/v2\/types\/product"}],"replies":[{"embeddable":true,"href":"https:\/\/mod.wisdar.net\/tr\/wp-json\/wp\/v2\/comments?post=124808"}],"wp:featuredmedia":[{"embeddable":true,"href":"https:\/\/mod.wisdar.net\/tr\/wp-json\/wp\/v2\/media\/124805"}],"wp:attachment":[{"href":"https:\/\/mod.wisdar.net\/tr\/wp-json\/wp\/v2\/media?parent=124808"}],"wp:term":[{"taxonomy":"product_brand","embeddable":true,"href":"https:\/\/mod.wisdar.net\/tr\/wp-json\/wp\/v2\/product_brand?post=124808"},{"taxonomy":"product_cat","embeddable":true,"href":"https:\/\/mod.wisdar.net\/tr\/wp-json\/wp\/v2\/product_cat?post=124808"},{"taxonomy":"product_tag","embeddable":true,"href":"https:\/\/mod.wisdar.net\/tr\/wp-json\/wp\/v2\/product_tag?post=124808"}],"curies":[{"name":"wp","href":"https:\/\/api.w.org\/{rel}","templated":true}]}}