{"id":125068,"date":"2026-02-18T18:16:28","date_gmt":"2026-02-18T18:16:28","guid":{"rendered":"https:\/\/modesthanim.com\/product\/kahverengi-baskili-erkek-cocuk-kalin-jogger-esofman-alti\/"},"modified":"2026-04-15T22:15:50","modified_gmt":"2026-04-15T22:15:50","slug":"kahverengi-baskili-erkek-cocuk-kalin-jogger-esofman-alti","status":"publish","type":"product","link":"https:\/\/mod.wisdar.net\/tr\/urun\/kahverengi-baskili-erkek-cocuk-kalin-jogger-esofman-alti\/","title":{"rendered":"Kahverengi Bask\u0131l\u0131 Erkek \u00c7ocuk Kal\u0131n Jogger E\u015fofman Alt\u0131"},"content":{"rendered":"<p>LCW Kids Kahverengi Bask\u0131l\u0131 Erkek \u00c7ocuk Kal\u0131n Jogger E\u015fofman Alt\u0131 size \u00f6zel indirim, taksit ve kap\u0131da \u00f6deme avantajlar\u0131yla LCW&#8217;de! Hemen online al\u0131\u015fveri\u015f yap, \u00fcr\u00fcn kap\u0131na gelsin! \u2013 W5MQ87Z1-R3C<\/p>\n<p>\u2014 Technical Details \u2014<br \/>\nMen\u015fei: Turk\u0131ye<br \/>\nSat\u0131c\u0131: LC Waikiki<br \/>\nMarka: LCW Kids<br \/>\n\u00dcr\u00fcn Tipi: Jogger E\u015fofman Alt\u0131<br \/>\nCinsiyet: Erkek \u00c7ocuk<br \/>\nKal\u0131p: Loose &amp; Bol<br \/>\nKuma\u015f: 3 \u0130plik \u015eardonlu<br \/>\nBel Fiti: Beli Lastikli<br \/>\nDesen: Bask\u0131l\u0131<br \/>\nPa\u00e7a Fiti: Lastikli Pa\u00e7a<br \/>\nKal\u0131nl\u0131k: Kal\u0131n<\/p>\n","protected":false},"excerpt":{"rendered":"<p>LCW Kids Kahverengi Bask\u0131l\u0131 Erkek \u00c7ocuk Kal\u0131n Jogger E\u015fofman Alt\u0131 size \u00f6zel indirim, taksit ve kap\u0131da \u00f6deme avantajlar\u0131yla LCW&#8217;de! Hemen online al\u0131\u015fveri\u015f yap, \u00fcr\u00fcn kap\u0131na gelsin! \u2013 W5MQ87Z1-R3C \u2014 Technical Details \u2014 Men\u015fei: Turk\u0131ye Sat\u0131c\u0131: LC Waikiki Marka: LCW Kids \u00dcr\u00fcn Tipi: Jogger E\u015fofman Alt\u0131 Cinsiyet: Erkek \u00c7ocuk Kal\u0131p: Loose &amp; Bol Kuma\u015f: 3 \u0130plik [&hellip;]<\/p>\n","protected":false},"featured_media":125065,"comment_status":"open","ping_status":"closed","template":"","meta":[],"product_brand":[],"product_cat":[8739,8694,8748],"product_tag":[8022,4908,8088],"class_list":{"0":"post-125068","1":"product","2":"type-product","3":"status-publish","4":"has-post-thumbnail","6":"product_cat-erkek-cocuklar-2-14-yas","7":"product_cat-cocuklar","8":"product_cat-pantolonlar-sortlar","9":"product_tag-baskili-2","10":"product_tag-brown","11":"product_tag-lastikli-bel-2","12":"pa_brand-lcw-kids","13":"pa_color-kahverengi","14":"pa_size-1-2-yas","15":"pa_size-2-3-yas","16":"pa_size-3-4-yas","17":"pa_size-4-5-yas","18":"pa_size-5-6-yas","19":"pa_size-6-7-yas","20":"pa_size-7-8-yas","22":"first","23":"instock","24":"sale","25":"shipping-taxable","26":"purchasable","27":"product-type-variable"},"_links":{"self":[{"href":"https:\/\/mod.wisdar.net\/tr\/wp-json\/wp\/v2\/product\/125068","targetHints":{"allow":["GET"]}}],"collection":[{"href":"https:\/\/mod.wisdar.net\/tr\/wp-json\/wp\/v2\/product"}],"about":[{"href":"https:\/\/mod.wisdar.net\/tr\/wp-json\/wp\/v2\/types\/product"}],"replies":[{"embeddable":true,"href":"https:\/\/mod.wisdar.net\/tr\/wp-json\/wp\/v2\/comments?post=125068"}],"wp:featuredmedia":[{"embeddable":true,"href":"https:\/\/mod.wisdar.net\/tr\/wp-json\/wp\/v2\/media\/125065"}],"wp:attachment":[{"href":"https:\/\/mod.wisdar.net\/tr\/wp-json\/wp\/v2\/media?parent=125068"}],"wp:term":[{"taxonomy":"product_brand","embeddable":true,"href":"https:\/\/mod.wisdar.net\/tr\/wp-json\/wp\/v2\/product_brand?post=125068"},{"taxonomy":"product_cat","embeddable":true,"href":"https:\/\/mod.wisdar.net\/tr\/wp-json\/wp\/v2\/product_cat?post=125068"},{"taxonomy":"product_tag","embeddable":true,"href":"https:\/\/mod.wisdar.net\/tr\/wp-json\/wp\/v2\/product_tag?post=125068"}],"curies":[{"name":"wp","href":"https:\/\/api.w.org\/{rel}","templated":true}]}}