{"id":125112,"date":"2026-02-18T18:17:55","date_gmt":"2026-02-18T18:17:55","guid":{"rendered":"https:\/\/modesthanim.com\/product\/gri-beli-lastikli-erkek-cocuk-esofman-alt\/"},"modified":"2026-04-15T22:19:26","modified_gmt":"2026-04-15T22:19:26","slug":"gri-beli-lastikli-erkek-cocuk-esofman-alt","status":"publish","type":"product","link":"https:\/\/mod.wisdar.net\/tr\/urun\/gri-beli-lastikli-erkek-cocuk-esofman-alt\/","title":{"rendered":"Gri Beli Lastikli Erkek \u00c7ocuk E\u015fofman Alt"},"content":{"rendered":"<p>LCW Kids Gri Beli Lastikli Erkek \u00c7ocuk E\u015fofman Alt size \u00f6zel indirim, taksit ve kap\u0131da \u00f6deme avantajlar\u0131yla LCW&#8217;de! Hemen online al\u0131\u015fveri\u015f yap, \u00fcr\u00fcn kap\u0131na gelsin! \u2013 S6HP01Z1-GE9<\/p>\n<p>\u2014 Technical Details \u2014<br \/>\nMen\u015fei: Banglade\u015f,Turk\u0131ye<br \/>\nSat\u0131c\u0131: LC Waikiki<br \/>\nMarka: LCW Kids<br \/>\n\u00dcr\u00fcn Tipi: E\u015fofman Alt\u0131<br \/>\nCinsiyet: Erkek \u00c7ocuk<br \/>\nKal\u0131p: Loose &amp; Bol<br \/>\nKuma\u015f: 3 \u0130plik \u015eardonlu<br \/>\nKal\u0131nl\u0131k: Kal\u0131n<br \/>\nBel Fiti: Beli Lastikli<br \/>\nPa\u00e7a Fiti: Lastikli Pa\u00e7a<br \/>\nDesen: Bask\u0131l\u0131<\/p>\n","protected":false},"excerpt":{"rendered":"<p>LCW Kids Gri Beli Lastikli Erkek \u00c7ocuk E\u015fofman Alt size \u00f6zel indirim, taksit ve kap\u0131da \u00f6deme avantajlar\u0131yla LCW&#8217;de! Hemen online al\u0131\u015fveri\u015f yap, \u00fcr\u00fcn kap\u0131na gelsin! \u2013 S6HP01Z1-GE9 \u2014 Technical Details \u2014 Men\u015fei: Banglade\u015f,Turk\u0131ye Sat\u0131c\u0131: LC Waikiki Marka: LCW Kids \u00dcr\u00fcn Tipi: E\u015fofman Alt\u0131 Cinsiyet: Erkek \u00c7ocuk Kal\u0131p: Loose &amp; Bol Kuma\u015f: 3 \u0130plik \u015eardonlu Kal\u0131nl\u0131k: [&hellip;]<\/p>\n","protected":false},"featured_media":125107,"comment_status":"open","ping_status":"closed","template":"","meta":[],"product_brand":[],"product_cat":[8739,8694,8748],"product_tag":[7326,7730,6765],"class_list":{"0":"post-125112","1":"product","2":"type-product","3":"status-publish","4":"has-post-thumbnail","6":"product_cat-erkek-cocuklar-2-14-yas","7":"product_cat-cocuklar","8":"product_cat-pantolonlar-sortlar","9":"product_tag-bol-kesim","10":"product_tag-gri-esofman-alti","11":"product_tag-lastikli-bel","12":"pa_brand-lcw-kids","13":"pa_color-gri","14":"pa_size-1-2-yas","15":"pa_size-2-3-yas","16":"pa_size-3-4-yas","17":"pa_size-4-5-yas","18":"pa_size-5-6-yas","19":"pa_size-6-7-yas","20":"pa_size-7-8-yas","22":"first","23":"instock","24":"sale","25":"shipping-taxable","26":"purchasable","27":"product-type-variable"},"_links":{"self":[{"href":"https:\/\/mod.wisdar.net\/tr\/wp-json\/wp\/v2\/product\/125112","targetHints":{"allow":["GET"]}}],"collection":[{"href":"https:\/\/mod.wisdar.net\/tr\/wp-json\/wp\/v2\/product"}],"about":[{"href":"https:\/\/mod.wisdar.net\/tr\/wp-json\/wp\/v2\/types\/product"}],"replies":[{"embeddable":true,"href":"https:\/\/mod.wisdar.net\/tr\/wp-json\/wp\/v2\/comments?post=125112"}],"wp:featuredmedia":[{"embeddable":true,"href":"https:\/\/mod.wisdar.net\/tr\/wp-json\/wp\/v2\/media\/125107"}],"wp:attachment":[{"href":"https:\/\/mod.wisdar.net\/tr\/wp-json\/wp\/v2\/media?parent=125112"}],"wp:term":[{"taxonomy":"product_brand","embeddable":true,"href":"https:\/\/mod.wisdar.net\/tr\/wp-json\/wp\/v2\/product_brand?post=125112"},{"taxonomy":"product_cat","embeddable":true,"href":"https:\/\/mod.wisdar.net\/tr\/wp-json\/wp\/v2\/product_cat?post=125112"},{"taxonomy":"product_tag","embeddable":true,"href":"https:\/\/mod.wisdar.net\/tr\/wp-json\/wp\/v2\/product_tag?post=125112"}],"curies":[{"name":"wp","href":"https:\/\/api.w.org\/{rel}","templated":true}]}}