{"id":125221,"date":"2026-02-18T18:21:02","date_gmt":"2026-02-18T18:21:02","guid":{"rendered":"https:\/\/modesthanim.com\/product\/bej-basic-erkek-bebek-takim-elbise\/"},"modified":"2026-04-15T22:28:37","modified_gmt":"2026-04-15T22:28:37","slug":"bej-basic-erkek-bebek-takim-elbise","status":"publish","type":"product","link":"https:\/\/mod.wisdar.net\/tr\/urun\/bej-basic-erkek-bebek-takim-elbise\/","title":{"rendered":"Bej Basic Erkek Bebek Tak\u0131m Elbise"},"content":{"rendered":"<p>LCW Kids Bej Basic Erkek Bebek Tak\u0131m Elbise size \u00f6zel indirim, taksit ve kap\u0131da \u00f6deme avantajlar\u0131yla LCW&#8217;de! Hemen online al\u0131\u015fveri\u015f yap, \u00fcr\u00fcn kap\u0131na gelsin! \u2013 S4NV97Z1-PRR<\/p>\n<p>\u2014 Technical Details \u2014<br \/>\nMen\u015fei: Turk\u0131ye<br \/>\nSat\u0131c\u0131: LC Waikiki<br \/>\nMarka: LCW Kids<br \/>\n\u00dcr\u00fcn Tipi: Tak\u0131m Elbise<br \/>\nCinsiyet: Erkek \u00c7ocuk<br \/>\nPar\u00e7a Say\u0131s\u0131: 3 Par\u00e7a<br \/>\nMalzeme: Y\u00fcksek Pamuk \u0130\u00e7erir<br \/>\nKol Boyu: Uzun Kollu<br \/>\nKal\u0131nl\u0131k: \u0130nce<br \/>\nYaka: Hakim Yaka<br \/>\nDesen: D\u00fcz<br \/>\nBel Fiti: Beli Lastikli<br \/>\nKal\u0131p: Standart &amp; Regular<\/p>\n","protected":false},"excerpt":{"rendered":"<p>LCW Kids Bej Basic Erkek Bebek Tak\u0131m Elbise size \u00f6zel indirim, taksit ve kap\u0131da \u00f6deme avantajlar\u0131yla LCW&#8217;de! Hemen online al\u0131\u015fveri\u015f yap, \u00fcr\u00fcn kap\u0131na gelsin! \u2013 S4NV97Z1-PRR \u2014 Technical Details \u2014 Men\u015fei: Turk\u0131ye Sat\u0131c\u0131: LC Waikiki Marka: LCW Kids \u00dcr\u00fcn Tipi: Tak\u0131m Elbise Cinsiyet: Erkek \u00c7ocuk Par\u00e7a Say\u0131s\u0131: 3 Par\u00e7a Malzeme: Y\u00fcksek Pamuk \u0130\u00e7erir Kol Boyu: [&hellip;]<\/p>\n","protected":false},"featured_media":125205,"comment_status":"open","ping_status":"closed","template":"","meta":[],"product_brand":[],"product_cat":[8745,8739,8694],"product_tag":[8829,9852,9158,8850,5430,9854],"class_list":{"0":"post-125221","1":"product","2":"type-product","3":"status-publish","4":"has-post-thumbnail","6":"product_cat-erkek-cocuk-takimlari","7":"product_cat-erkek-cocuklar-2-14-yas","8":"product_cat-cocuklar","9":"product_tag-3-piece-set","10":"product_tag-baby-suit","11":"product_tag-beige-outfit","12":"product_tag-boys-clothing","13":"product_tag-cotton-suit","14":"product_tag-toddler-formalwear","15":"pa_brand-lcw-kids","16":"pa_color-bej","17":"pa_size-12-18-ay","18":"pa_size-18-24-ay","19":"pa_size-2-3-yas","20":"pa_size-3-4-yas","21":"pa_size-4-5-yas","22":"pa_size-5-6-yas","23":"pa_size-6-7-yas","24":"pa_size-7-8-yas","26":"first","27":"instock","28":"sale","29":"shipping-taxable","30":"purchasable","31":"product-type-variable"},"_links":{"self":[{"href":"https:\/\/mod.wisdar.net\/tr\/wp-json\/wp\/v2\/product\/125221","targetHints":{"allow":["GET"]}}],"collection":[{"href":"https:\/\/mod.wisdar.net\/tr\/wp-json\/wp\/v2\/product"}],"about":[{"href":"https:\/\/mod.wisdar.net\/tr\/wp-json\/wp\/v2\/types\/product"}],"replies":[{"embeddable":true,"href":"https:\/\/mod.wisdar.net\/tr\/wp-json\/wp\/v2\/comments?post=125221"}],"wp:featuredmedia":[{"embeddable":true,"href":"https:\/\/mod.wisdar.net\/tr\/wp-json\/wp\/v2\/media\/125205"}],"wp:attachment":[{"href":"https:\/\/mod.wisdar.net\/tr\/wp-json\/wp\/v2\/media?parent=125221"}],"wp:term":[{"taxonomy":"product_brand","embeddable":true,"href":"https:\/\/mod.wisdar.net\/tr\/wp-json\/wp\/v2\/product_brand?post=125221"},{"taxonomy":"product_cat","embeddable":true,"href":"https:\/\/mod.wisdar.net\/tr\/wp-json\/wp\/v2\/product_cat?post=125221"},{"taxonomy":"product_tag","embeddable":true,"href":"https:\/\/mod.wisdar.net\/tr\/wp-json\/wp\/v2\/product_tag?post=125221"}],"curies":[{"name":"wp","href":"https:\/\/api.w.org\/{rel}","templated":true}]}}