{"id":125381,"date":"2026-02-18T18:23:28","date_gmt":"2026-02-18T18:23:28","guid":{"rendered":"https:\/\/modesthanim.com\/product\/bej-cizgili-erkek-cocuk-tisort-ve-sort-2li\/"},"modified":"2026-04-15T22:25:15","modified_gmt":"2026-04-15T22:25:15","slug":"bej-cizgili-erkek-cocuk-tisort-ve-sort-2li","status":"publish","type":"product","link":"https:\/\/mod.wisdar.net\/tr\/urun\/bej-cizgili-erkek-cocuk-tisort-ve-sort-2li\/","title":{"rendered":"Bej \u00c7izgili Erkek \u00c7ocuk Ti\u015f\u00f6rt Ve \u015eort 2&#8217;li"},"content":{"rendered":"<p>LCW Kids Bej \u00c7izgili Erkek \u00c7ocuk Ti\u015f\u00f6rt ve \u015eort 2&#8217;li size \u00f6zel indirim, taksit ve kap\u0131da \u00f6deme avantajlar\u0131yla LCW&#8217;de! Hemen online al\u0131\u015fveri\u015f yap, \u00fcr\u00fcn kap\u0131na gelsin! \u2013 S5FQ05Z1-LE8<\/p>\n<p>\u2014 Technical Details \u2014<br \/>\nMen\u015fei: Banglade\u015f,Turk\u0131ye<br \/>\nSat\u0131c\u0131: LC Waikiki<br \/>\nMarka: LCW Kids<br \/>\n\u00dcr\u00fcn Tipi: Tak\u0131m<br \/>\nCinsiyet: Erkek \u00c7ocuk<br \/>\nKal\u0131p: Standart &amp; Regular<br \/>\nBel Fiti: Beli Lastikli<br \/>\nDesen: \u00c7izgili<br \/>\nYaka: Bisiklet Yaka<br \/>\nPa\u00e7a Fiti: D\u00fcz Pa\u00e7a<br \/>\nKal\u0131nl\u0131k: \u0130nce<br \/>\nKol Boyu: K\u0131sa Kollu<br \/>\nMalzeme: %100 Pamuk<br \/>\nPar\u00e7a Say\u0131s\u0131: 2 Par\u00e7a<\/p>\n","protected":false},"excerpt":{"rendered":"<p>LCW Kids Bej \u00c7izgili Erkek \u00c7ocuk Ti\u015f\u00f6rt ve \u015eort 2&#8217;li size \u00f6zel indirim, taksit ve kap\u0131da \u00f6deme avantajlar\u0131yla LCW&#8217;de! Hemen online al\u0131\u015fveri\u015f yap, \u00fcr\u00fcn kap\u0131na gelsin! \u2013 S5FQ05Z1-LE8 \u2014 Technical Details \u2014 Men\u015fei: Banglade\u015f,Turk\u0131ye Sat\u0131c\u0131: LC Waikiki Marka: LCW Kids \u00dcr\u00fcn Tipi: Tak\u0131m Cinsiyet: Erkek \u00c7ocuk Kal\u0131p: Standart &amp; Regular Bel Fiti: Beli Lastikli Desen: [&hellip;]<\/p>\n","protected":false},"featured_media":125374,"comment_status":"open","ping_status":"closed","template":"","meta":[],"product_brand":[],"product_cat":[8745,8739,8694],"product_tag":[8790,9158,9678,9858,9838,9359,9207,8906,9028,4956],"class_list":{"0":"post-125381","1":"product","2":"type-product","3":"status-publish","4":"has-post-thumbnail","6":"product_cat-erkek-cocuk-takimlari","7":"product_cat-erkek-cocuklar-2-14-yas","8":"product_cat-cocuklar","9":"product_tag-2-piece-set","10":"product_tag-beige-outfit","11":"product_tag-boys-clothing-2","12":"product_tag-casual-set","13":"product_tag-childrens-wear","14":"product_tag-cotton-apparel","15":"product_tag-kids-fashion-2","16":"product_tag-lcw-kids","17":"product_tag-striped-set","18":"product_tag-summer-wear","19":"pa_brand-lcw-kids","20":"pa_color-bej","21":"pa_size-1-2-yas","22":"pa_size-2-3-yas","23":"pa_size-3-4-yas","24":"pa_size-4-5-yas","25":"pa_size-5-6-yas","26":"pa_size-6-7-yas","27":"pa_size-7-8-yas","29":"first","30":"instock","31":"sale","32":"shipping-taxable","33":"purchasable","34":"product-type-variable"},"_links":{"self":[{"href":"https:\/\/mod.wisdar.net\/tr\/wp-json\/wp\/v2\/product\/125381","targetHints":{"allow":["GET"]}}],"collection":[{"href":"https:\/\/mod.wisdar.net\/tr\/wp-json\/wp\/v2\/product"}],"about":[{"href":"https:\/\/mod.wisdar.net\/tr\/wp-json\/wp\/v2\/types\/product"}],"replies":[{"embeddable":true,"href":"https:\/\/mod.wisdar.net\/tr\/wp-json\/wp\/v2\/comments?post=125381"}],"wp:featuredmedia":[{"embeddable":true,"href":"https:\/\/mod.wisdar.net\/tr\/wp-json\/wp\/v2\/media\/125374"}],"wp:attachment":[{"href":"https:\/\/mod.wisdar.net\/tr\/wp-json\/wp\/v2\/media?parent=125381"}],"wp:term":[{"taxonomy":"product_brand","embeddable":true,"href":"https:\/\/mod.wisdar.net\/tr\/wp-json\/wp\/v2\/product_brand?post=125381"},{"taxonomy":"product_cat","embeddable":true,"href":"https:\/\/mod.wisdar.net\/tr\/wp-json\/wp\/v2\/product_cat?post=125381"},{"taxonomy":"product_tag","embeddable":true,"href":"https:\/\/mod.wisdar.net\/tr\/wp-json\/wp\/v2\/product_tag?post=125381"}],"curies":[{"name":"wp","href":"https:\/\/api.w.org\/{rel}","templated":true}]}}