{"id":12650,"date":"2025-11-01T21:31:12","date_gmt":"2025-11-01T21:31:12","guid":{"rendered":"https:\/\/modesthanim.com\/product\/ekru-gizli-patli-uzun-gomlek-tunik\/"},"modified":"2026-01-15T08:44:13","modified_gmt":"2026-01-15T08:44:13","slug":"ekru-gizli-patli-uzun-gomlek-tunik","status":"publish","type":"product","link":"https:\/\/mod.wisdar.net\/tr\/urun\/ekru-gizli-patli-uzun-gomlek-tunik\/","title":{"rendered":"Ekru Gizli Patl\u0131 Uzun G\u00f6mlek Tunik"},"content":{"rendered":"<p>Ekru Gizli Patl\u0131 Uzun G\u00f6mlek ile modern ve rahat bir stil yakalay\u0131n. ALLDAY&#8217;in G\u00f6mlek kategorisindeki di\u011fer modelleri ke\u015ffedin. K\u0131yafetinizi bug\u00fcn Ekru Gizli Patl\u0131 Uzun G\u00f6mlek ile tamamlay\u0131n!<\/p>\n<p>\u2014 Teknik Detaylar \u2014<br \/>\nMevsim: 25-Yaz Rpt<br \/>\nKuma\u015f \u0130\u00e7eri\u011fi: %82 Tencel, %18 Polyester<br \/>\nKuma\u015f Grubu: Tencel Polyester<br \/>\nCep Detay\u0131: Cepsiz<br \/>\nYaka: G\u00f6mlek<br \/>\nKol Stili: Set-in<br \/>\nBoyut \/ Uzunluk: 130 CM<br \/>\nTasar\u0131m D\u00f6nemi: 22-Yaz Rpt<br \/>\nKal\u0131p: REGULAR<br \/>\nDesen: D\u00fcz<br \/>\nTema: 3.DO\u011eAL<br \/>\n\u00c7izgi: G\u00dcNL\u00dcK<br \/>\n\u00dcr\u00fcn Lig: A Kalite<br \/>\nMevsim Sat\u0131\u015f D\u00f6nemi: Yaz<br \/>\nMalzeme T\u00fcr\u00fc: Dokuma<\/p>\n","protected":false},"excerpt":{"rendered":"<p>Ekru Gizli Patl\u0131 Uzun G\u00f6mlek ile modern ve rahat bir stil yakalay\u0131n. ALLDAY&#8217;in G\u00f6mlek kategorisindeki di\u011fer modelleri ke\u015ffedin. K\u0131yafetinizi bug\u00fcn Ekru Gizli Patl\u0131 Uzun G\u00f6mlek ile tamamlay\u0131n! \u2014 Teknik Detaylar \u2014 Mevsim: 25-Yaz Rpt Kuma\u015f \u0130\u00e7eri\u011fi: %82 Tencel, %18 Polyester Kuma\u015f Grubu: Tencel Polyester Cep Detay\u0131: Cepsiz Yaka: G\u00f6mlek Kol Stili: Set-in Boyut \/ Uzunluk: [&hellip;]<\/p>\n","protected":false},"featured_media":0,"comment_status":"open","ping_status":"closed","template":"","meta":[],"product_brand":[],"product_cat":[1909],"product_tag":[6757,7419,5013],"class_list":{"0":"post-12650","1":"product","2":"type-product","3":"status-publish","5":"product_cat-bluzlar-ve-gomlekler","6":"product_tag-ekru","7":"product_tag-gunluk","8":"product_tag-modern","9":"pa_brand-allday","10":"pa_color-ekru","11":"pa_size-4701","12":"pa_size-4706","13":"pa_size-4711","14":"pa_size-4713","15":"pa_size-4751","17":"first","18":"instock","19":"sale","20":"shipping-taxable","21":"purchasable","22":"product-type-variable"},"_links":{"self":[{"href":"https:\/\/mod.wisdar.net\/tr\/wp-json\/wp\/v2\/product\/12650","targetHints":{"allow":["GET"]}}],"collection":[{"href":"https:\/\/mod.wisdar.net\/tr\/wp-json\/wp\/v2\/product"}],"about":[{"href":"https:\/\/mod.wisdar.net\/tr\/wp-json\/wp\/v2\/types\/product"}],"replies":[{"embeddable":true,"href":"https:\/\/mod.wisdar.net\/tr\/wp-json\/wp\/v2\/comments?post=12650"}],"wp:attachment":[{"href":"https:\/\/mod.wisdar.net\/tr\/wp-json\/wp\/v2\/media?parent=12650"}],"wp:term":[{"taxonomy":"product_brand","embeddable":true,"href":"https:\/\/mod.wisdar.net\/tr\/wp-json\/wp\/v2\/product_brand?post=12650"},{"taxonomy":"product_cat","embeddable":true,"href":"https:\/\/mod.wisdar.net\/tr\/wp-json\/wp\/v2\/product_cat?post=12650"},{"taxonomy":"product_tag","embeddable":true,"href":"https:\/\/mod.wisdar.net\/tr\/wp-json\/wp\/v2\/product_tag?post=12650"}],"curies":[{"name":"wp","href":"https:\/\/api.w.org\/{rel}","templated":true}]}}