{"id":126518,"date":"2026-02-18T18:44:59","date_gmt":"2026-02-18T18:44:59","guid":{"rendered":"https:\/\/modesthanim.com\/product\/bol-kesim-kot-pantolon\/"},"modified":"2026-04-15T20:39:30","modified_gmt":"2026-04-15T20:39:30","slug":"bol-kesim-kot-pantolon","status":"publish","type":"product","link":"https:\/\/mod.wisdar.net\/tr\/urun\/bol-kesim-kot-pantolon\/","title":{"rendered":"Bol Kesim Kot Pantolon"},"content":{"rendered":"<p>Y\u0131kanm\u0131\u015f pamuklu kottan \u00fcretilmi\u015f, 5 cepli, bol kesimli pantolon. Bel k\u0131sm\u0131 ayarlanabilir lastikli, fermuar patl\u0131 ve d\u00fc\u011fmeli, d\u00fcz pa\u00e7al\u0131 tasar\u0131m.<\/p>\n<p>\u2014 Teknik Detaylar \u2014<br \/>\na\u011f\u0131rl\u0131k: 350 g<br \/>\na\u00e7\u0131klama: Kot mavisi, D\u00fcz renk<br \/>\nuzunluk: Uzun<br \/>\nbel y\u00fcksekli\u011fi: Normal belli<br \/>\nkesim: Bol kesim<br \/>\nstil: D\u00fcz pa\u00e7al\u0131<br \/>\nmiktar: Tek<br \/>\n\u00f6nerilen ya\u015f: 9 ya\u015f ve \u00fczeri<br \/>\nmalzeme: Pamuk, Kot<br \/>\nek malzeme bilgisi: Bu \u00fcr\u00fcn\u00fcn toplam a\u011f\u0131rl\u0131\u011f\u0131n\u0131n en az %19&#8217;u geri d\u00f6n\u00fc\u015ft\u00fcr\u00fclm\u00fc\u015f pamuk i\u00e7ermektedir<\/p>\n","protected":false},"excerpt":{"rendered":"<p>Y\u0131kanm\u0131\u015f pamuklu kottan \u00fcretilmi\u015f, 5 cepli, bol kesimli pantolon. Bel k\u0131sm\u0131 ayarlanabilir lastikli, fermuar patl\u0131 ve d\u00fc\u011fmeli, d\u00fcz pa\u00e7al\u0131 tasar\u0131m. \u2014 Teknik Detaylar \u2014 a\u011f\u0131rl\u0131k: 350 g a\u00e7\u0131klama: Kot mavisi, D\u00fcz renk uzunluk: Uzun bel y\u00fcksekli\u011fi: Normal belli kesim: Bol kesim stil: D\u00fcz pa\u00e7al\u0131 miktar: Tek \u00f6nerilen ya\u015f: 9 ya\u015f ve \u00fczeri malzeme: Pamuk, Kot [&hellip;]<\/p>\n","protected":false},"featured_media":126506,"comment_status":"open","ping_status":"closed","template":"","meta":[],"product_brand":[],"product_cat":[8739,8694,8748],"product_tag":[],"class_list":{"0":"post-126518","1":"product","2":"type-product","3":"status-publish","4":"has-post-thumbnail","6":"product_cat-erkek-cocuklar-2-14-yas","7":"product_cat-cocuklar","8":"product_cat-pantolonlar-sortlar","9":"pa_brand-hm","10":"pa_color-kot-mavisi","11":"pa_size-134-8-9y","12":"pa_size-140-9-10y","13":"pa_size-146-10-11y","14":"pa_size-152-11-12y","15":"pa_size-158-12-13y","16":"pa_size-164-13-14y","17":"pa_size-170-14y","19":"first","20":"instock","21":"shipping-taxable","22":"purchasable","23":"product-type-variable"},"_links":{"self":[{"href":"https:\/\/mod.wisdar.net\/tr\/wp-json\/wp\/v2\/product\/126518","targetHints":{"allow":["GET"]}}],"collection":[{"href":"https:\/\/mod.wisdar.net\/tr\/wp-json\/wp\/v2\/product"}],"about":[{"href":"https:\/\/mod.wisdar.net\/tr\/wp-json\/wp\/v2\/types\/product"}],"replies":[{"embeddable":true,"href":"https:\/\/mod.wisdar.net\/tr\/wp-json\/wp\/v2\/comments?post=126518"}],"wp:featuredmedia":[{"embeddable":true,"href":"https:\/\/mod.wisdar.net\/tr\/wp-json\/wp\/v2\/media\/126506"}],"wp:attachment":[{"href":"https:\/\/mod.wisdar.net\/tr\/wp-json\/wp\/v2\/media?parent=126518"}],"wp:term":[{"taxonomy":"product_brand","embeddable":true,"href":"https:\/\/mod.wisdar.net\/tr\/wp-json\/wp\/v2\/product_brand?post=126518"},{"taxonomy":"product_cat","embeddable":true,"href":"https:\/\/mod.wisdar.net\/tr\/wp-json\/wp\/v2\/product_cat?post=126518"},{"taxonomy":"product_tag","embeddable":true,"href":"https:\/\/mod.wisdar.net\/tr\/wp-json\/wp\/v2\/product_tag?post=126518"}],"curies":[{"name":"wp","href":"https:\/\/api.w.org\/{rel}","templated":true}]}}