{"id":126567,"date":"2026-02-18T18:46:00","date_gmt":"2026-02-18T18:46:00","guid":{"rendered":"https:\/\/modesthanim.com\/product\/baggy-fit-kot-pantolon\/"},"modified":"2026-04-02T20:58:20","modified_gmt":"2026-04-02T20:58:20","slug":"baggy-fit-kot-pantolon","status":"publish","type":"product","link":"https:\/\/mod.wisdar.net\/tr\/urun\/baggy-fit-kot-pantolon\/","title":{"rendered":"Baggy Fit Kot Pantolon"},"content":{"rendered":"<p>Y\u0131kanm\u0131\u015f kot kuma\u015ftan \u00fcretilmi\u015f, 5 cepli pantolon. Kal\u00e7a ve \u00fcst bacak b\u00f6lgesinde bol kesimli, d\u00fc\u015f\u00fck bel, geni\u015f pa\u00e7a tasar\u0131m\u0131. Bedene m\u00fckemmel uyum i\u00e7in ayarlanabilir bel. Fermuar ve d\u00fc\u011fme kapatma.<\/p>\n<p>\u2014 Teknik Detaylar \u2014<br \/>\na\u011f\u0131rl\u0131k: 220 g<br \/>\ntan\u0131m: Kot mavisi, D\u00fcz renk<br \/>\nuzunluk: Uzun<br \/>\nbel y\u00fcksekli\u011fi: Normal bel<br \/>\nkesim: Bol kesim<br \/>\ntarz: Geni\u015f<br \/>\nkullan\u0131\u015fl\u0131 bilgi: Ayarlanabilir bel<br \/>\nadet: Tek<br \/>\nmateryal: Kot<br \/>\ngeri d\u00f6n\u00fc\u015ft\u00fcr\u00fclm\u00fc\u015f pamuk: %19 Geri d\u00f6n\u00fc\u015ft\u00fcr\u00fclm\u00fc\u015f pamuk<\/p>\n","protected":false},"excerpt":{"rendered":"<p>Y\u0131kanm\u0131\u015f kot kuma\u015ftan \u00fcretilmi\u015f, 5 cepli pantolon. Kal\u00e7a ve \u00fcst bacak b\u00f6lgesinde bol kesimli, d\u00fc\u015f\u00fck bel, geni\u015f pa\u00e7a tasar\u0131m\u0131. Bedene m\u00fckemmel uyum i\u00e7in ayarlanabilir bel. Fermuar ve d\u00fc\u011fme kapatma. \u2014 Teknik Detaylar \u2014 a\u011f\u0131rl\u0131k: 220 g tan\u0131m: Kot mavisi, D\u00fcz renk uzunluk: Uzun bel y\u00fcksekli\u011fi: Normal bel kesim: Bol kesim tarz: Geni\u015f kullan\u0131\u015fl\u0131 bilgi: Ayarlanabilir [&hellip;]<\/p>\n","protected":false},"featured_media":126559,"comment_status":"open","ping_status":"closed","template":"","meta":[],"product_brand":[],"product_cat":[8739,8694,8748],"product_tag":[],"class_list":{"0":"post-126567","1":"product","2":"type-product","3":"status-publish","4":"has-post-thumbnail","6":"product_cat-erkek-cocuklar-2-14-yas","7":"product_cat-cocuklar","8":"product_cat-pantolonlar-sortlar","9":"pa_brand-hm","10":"pa_color-kot-mavisi","11":"pa_size-134-8-9y","12":"pa_size-140-9-10y","13":"pa_size-146-10-11y","14":"pa_size-152-11-12y","15":"pa_size-158-12-13y","16":"pa_size-164-13-14y","17":"pa_size-170-14y","19":"first","20":"outofstock","21":"shipping-taxable","22":"product-type-variable"},"_links":{"self":[{"href":"https:\/\/mod.wisdar.net\/tr\/wp-json\/wp\/v2\/product\/126567","targetHints":{"allow":["GET"]}}],"collection":[{"href":"https:\/\/mod.wisdar.net\/tr\/wp-json\/wp\/v2\/product"}],"about":[{"href":"https:\/\/mod.wisdar.net\/tr\/wp-json\/wp\/v2\/types\/product"}],"replies":[{"embeddable":true,"href":"https:\/\/mod.wisdar.net\/tr\/wp-json\/wp\/v2\/comments?post=126567"}],"wp:featuredmedia":[{"embeddable":true,"href":"https:\/\/mod.wisdar.net\/tr\/wp-json\/wp\/v2\/media\/126559"}],"wp:attachment":[{"href":"https:\/\/mod.wisdar.net\/tr\/wp-json\/wp\/v2\/media?parent=126567"}],"wp:term":[{"taxonomy":"product_brand","embeddable":true,"href":"https:\/\/mod.wisdar.net\/tr\/wp-json\/wp\/v2\/product_brand?post=126567"},{"taxonomy":"product_cat","embeddable":true,"href":"https:\/\/mod.wisdar.net\/tr\/wp-json\/wp\/v2\/product_cat?post=126567"},{"taxonomy":"product_tag","embeddable":true,"href":"https:\/\/mod.wisdar.net\/tr\/wp-json\/wp\/v2\/product_tag?post=126567"}],"curies":[{"name":"wp","href":"https:\/\/api.w.org\/{rel}","templated":true}]}}