{"id":126618,"date":"2026-02-18T18:47:30","date_gmt":"2026-02-18T18:47:30","guid":{"rendered":"https:\/\/modesthanim.com\/product\/rahat-kesim-duz-paca-kot-pantolon\/"},"modified":"2026-03-26T21:36:01","modified_gmt":"2026-03-26T21:36:01","slug":"rahat-kesim-duz-paca-kot-pantolon","status":"publish","type":"product","link":"https:\/\/mod.wisdar.net\/tr\/urun\/rahat-kesim-duz-paca-kot-pantolon\/","title":{"rendered":"Rahat Kesim D\u00fcz Pa\u00e7a Kot Pantolon"},"content":{"rendered":"<p>Y\u0131kanm\u0131\u015f pamuklu kottan \u00fcretilmi\u015f, kal\u00e7a ve \u00fcst bacak b\u00f6lgesinde rahat kesimli, d\u00fcz pa\u00e7al\u0131 pantolon. D\u00fc\u011fmeli fermuar patl\u0131, \u00f6n ve arka cepli tasar\u0131m.<\/p>\n<p>\u2014 Teknik Detaylar \u2014<br \/>\nmalzeme: Kot<br \/>\ndesen: D\u00fcz renk<br \/>\nboy: Uzun<br \/>\nbel y\u00fcksekli\u011fi: Normal belli<br \/>\nkesim: Rahat<br \/>\nstil: D\u00fcz pa\u00e7al\u0131<br \/>\nadet: Tek<br \/>\ngeri d\u00f6n\u00fc\u015ft\u00fcr\u00fclm\u00fc\u015f pamuk: %19 Geri D\u00f6n\u00fc\u015ft\u00fcr\u00fclm\u00fc\u015f Pamuk<\/p>\n","protected":false},"excerpt":{"rendered":"<p>Y\u0131kanm\u0131\u015f pamuklu kottan \u00fcretilmi\u015f, kal\u00e7a ve \u00fcst bacak b\u00f6lgesinde rahat kesimli, d\u00fcz pa\u00e7al\u0131 pantolon. D\u00fc\u011fmeli fermuar patl\u0131, \u00f6n ve arka cepli tasar\u0131m. \u2014 Teknik Detaylar \u2014 malzeme: Kot desen: D\u00fcz renk boy: Uzun bel y\u00fcksekli\u011fi: Normal belli kesim: Rahat stil: D\u00fcz pa\u00e7al\u0131 adet: Tek geri d\u00f6n\u00fc\u015ft\u00fcr\u00fclm\u00fc\u015f pamuk: %19 Geri D\u00f6n\u00fc\u015ft\u00fcr\u00fclm\u00fc\u015f Pamuk<\/p>\n","protected":false},"featured_media":126616,"comment_status":"open","ping_status":"closed","template":"","meta":[],"product_brand":[],"product_cat":[8739,8694,8748],"product_tag":[],"class_list":{"0":"post-126618","1":"product","2":"type-product","3":"status-publish","4":"has-post-thumbnail","6":"product_cat-erkek-cocuklar-2-14-yas","7":"product_cat-cocuklar","8":"product_cat-pantolonlar-sortlar","9":"pa_color-acik-kot-mavisi","10":"pa_color-kot-grisi","11":"pa_size-134-8-9y","12":"pa_size-140-9-10y","13":"pa_size-146-10-11y","14":"pa_size-152-11-12y","15":"pa_size-158-12-13y","16":"pa_size-164-13-14y","17":"pa_size-170-14y","19":"first","20":"outofstock","21":"shipping-taxable","22":"product-type-variable"},"_links":{"self":[{"href":"https:\/\/mod.wisdar.net\/tr\/wp-json\/wp\/v2\/product\/126618","targetHints":{"allow":["GET"]}}],"collection":[{"href":"https:\/\/mod.wisdar.net\/tr\/wp-json\/wp\/v2\/product"}],"about":[{"href":"https:\/\/mod.wisdar.net\/tr\/wp-json\/wp\/v2\/types\/product"}],"replies":[{"embeddable":true,"href":"https:\/\/mod.wisdar.net\/tr\/wp-json\/wp\/v2\/comments?post=126618"}],"wp:featuredmedia":[{"embeddable":true,"href":"https:\/\/mod.wisdar.net\/tr\/wp-json\/wp\/v2\/media\/126616"}],"wp:attachment":[{"href":"https:\/\/mod.wisdar.net\/tr\/wp-json\/wp\/v2\/media?parent=126618"}],"wp:term":[{"taxonomy":"product_brand","embeddable":true,"href":"https:\/\/mod.wisdar.net\/tr\/wp-json\/wp\/v2\/product_brand?post=126618"},{"taxonomy":"product_cat","embeddable":true,"href":"https:\/\/mod.wisdar.net\/tr\/wp-json\/wp\/v2\/product_cat?post=126618"},{"taxonomy":"product_tag","embeddable":true,"href":"https:\/\/mod.wisdar.net\/tr\/wp-json\/wp\/v2\/product_tag?post=126618"}],"curies":[{"name":"wp","href":"https:\/\/api.w.org\/{rel}","templated":true}]}}