{"id":126671,"date":"2026-02-18T18:49:43","date_gmt":"2026-02-18T18:49:43","guid":{"rendered":"https:\/\/modesthanim.com\/product\/rahat-daralan-kesim-kot-pantolon\/"},"modified":"2026-03-27T00:31:12","modified_gmt":"2026-03-27T00:31:12","slug":"rahat-daralan-kesim-kot-pantolon","status":"publish","type":"product","link":"https:\/\/mod.wisdar.net\/tr\/urun\/rahat-daralan-kesim-kot-pantolon\/","title":{"rendered":"Rahat Daralan Kesim Kot Pantolon"},"content":{"rendered":"<p>Maksimum hareket kabiliyeti i\u00e7in ultra yumu\u015fak, s\u00fcper stre\u00e7 ve esnek kottan \u00fcretilmi\u015f, 5 cepli pantolon. Kal\u00e7a ve \u00fcst bacak b\u00f6lgesinde rahat kesimli, pa\u00e7alar\u0131 daralan tasar\u0131m. Ayarlanabilir lastikli bel, yalanc\u0131 patl\u0131 ve d\u00fc\u011fmeli kapatma sistemi.<\/p>\n<p>\u2014 Teknik Detaylar \u2014<br \/>\nUzunluk: Uzun<br \/>\nBel Y\u00fcksekli\u011fi: Normal bel<br \/>\nKesim: Rahat kesim<br \/>\nStil: Daralan<br \/>\n\u00d6zellikler: S\u00fcper stre\u00e7, Ultra yumu\u015fak, Ayarlanabilir bel<br \/>\nAdet: Tek<br \/>\nMateryal: Kot<br \/>\nRenk: A\u00e7\u0131k kot mavisi, D\u00fcz renk<\/p>\n","protected":false},"excerpt":{"rendered":"<p>Maksimum hareket kabiliyeti i\u00e7in ultra yumu\u015fak, s\u00fcper stre\u00e7 ve esnek kottan \u00fcretilmi\u015f, 5 cepli pantolon. Kal\u00e7a ve \u00fcst bacak b\u00f6lgesinde rahat kesimli, pa\u00e7alar\u0131 daralan tasar\u0131m. Ayarlanabilir lastikli bel, yalanc\u0131 patl\u0131 ve d\u00fc\u011fmeli kapatma sistemi. \u2014 Teknik Detaylar \u2014 Uzunluk: Uzun Bel Y\u00fcksekli\u011fi: Normal bel Kesim: Rahat kesim Stil: Daralan \u00d6zellikler: S\u00fcper stre\u00e7, Ultra yumu\u015fak, Ayarlanabilir [&hellip;]<\/p>\n","protected":false},"featured_media":126668,"comment_status":"open","ping_status":"closed","template":"","meta":[],"product_brand":[],"product_cat":[8739,8694,8748],"product_tag":[],"class_list":{"0":"post-126671","1":"product","2":"type-product","3":"status-publish","4":"has-post-thumbnail","6":"product_cat-erkek-cocuklar-2-14-yas","7":"product_cat-cocuklar","8":"product_cat-pantolonlar-sortlar","9":"pa_color-acik-kot-mavisi","10":"pa_size-134-8-9y","11":"pa_size-140-9-10y","12":"pa_size-146-10-11y","13":"pa_size-152-11-12y","14":"pa_size-158-12-13y","15":"pa_size-164-13-14y","16":"pa_size-170-14y","18":"first","19":"outofstock","20":"shipping-taxable","21":"product-type-variable"},"_links":{"self":[{"href":"https:\/\/mod.wisdar.net\/tr\/wp-json\/wp\/v2\/product\/126671","targetHints":{"allow":["GET"]}}],"collection":[{"href":"https:\/\/mod.wisdar.net\/tr\/wp-json\/wp\/v2\/product"}],"about":[{"href":"https:\/\/mod.wisdar.net\/tr\/wp-json\/wp\/v2\/types\/product"}],"replies":[{"embeddable":true,"href":"https:\/\/mod.wisdar.net\/tr\/wp-json\/wp\/v2\/comments?post=126671"}],"wp:featuredmedia":[{"embeddable":true,"href":"https:\/\/mod.wisdar.net\/tr\/wp-json\/wp\/v2\/media\/126668"}],"wp:attachment":[{"href":"https:\/\/mod.wisdar.net\/tr\/wp-json\/wp\/v2\/media?parent=126671"}],"wp:term":[{"taxonomy":"product_brand","embeddable":true,"href":"https:\/\/mod.wisdar.net\/tr\/wp-json\/wp\/v2\/product_brand?post=126671"},{"taxonomy":"product_cat","embeddable":true,"href":"https:\/\/mod.wisdar.net\/tr\/wp-json\/wp\/v2\/product_cat?post=126671"},{"taxonomy":"product_tag","embeddable":true,"href":"https:\/\/mod.wisdar.net\/tr\/wp-json\/wp\/v2\/product_tag?post=126671"}],"curies":[{"name":"wp","href":"https:\/\/api.w.org\/{rel}","templated":true}]}}