{"id":126716,"date":"2026-02-18T18:51:36","date_gmt":"2026-02-18T18:51:36","guid":{"rendered":"https:\/\/modesthanim.com\/product\/pamuklu-sweatshirt-jogger-pantolon\/"},"modified":"2026-04-15T20:58:50","modified_gmt":"2026-04-15T20:58:50","slug":"pamuklu-sweatshirt-jogger-pantolon","status":"publish","type":"product","link":"https:\/\/mod.wisdar.net\/tr\/urun\/pamuklu-sweatshirt-jogger-pantolon\/","title":{"rendered":"Pamuklu Sweatshirt Jogger Pantolon"},"content":{"rendered":"<p>Pamuklu yumu\u015fak sweatshirt kuma\u015ftan \u00fcretilmi\u015f, i\u00e7i yumu\u015fak t\u00fcyl\u00fc jogger pantolon. Bel k\u0131sm\u0131 lastikli ve b\u00fczg\u00fc ba\u011fl\u0131 tasar\u0131m\u0131yla konfor sunarken, yan cepleri pratik kullan\u0131m sa\u011flar. Hafif daralan pa\u00e7a yap\u0131s\u0131 ve ribana detayl\u0131 pa\u00e7a a\u011f\u0131zlar\u0131 \u015f\u0131k bir g\u00f6r\u00fcn\u00fcm kazand\u0131r\u0131r.<\/p>\n<p>\u2014 Teknik Detaylar \u2014<br \/>\nA\u011f\u0131rl\u0131k: 160 g<br \/>\nKonsept: BASICS<br \/>\nRenk: A\u00e7\u0131k gri k\u0131r\u00e7\u0131ll\u0131, D\u00fcz renk<br \/>\nUzunluk: Uzun<br \/>\nBel Y\u00fcksekli\u011fi: Normal bel<br \/>\nKesim: Normal kesim<br \/>\nStil: Pantolon, Sweatshirt Pantolon, Daralan kesim<br \/>\nSat\u0131\u015f \u015eekli: Tekli sat\u0131\u015f<br \/>\nGeri D\u00f6n\u00fc\u015ft\u00fcr\u00fclm\u00fc\u015f Pamuk Oran\u0131: %18<\/p>\n","protected":false},"excerpt":{"rendered":"<p>Pamuklu yumu\u015fak sweatshirt kuma\u015ftan \u00fcretilmi\u015f, i\u00e7i yumu\u015fak t\u00fcyl\u00fc jogger pantolon. Bel k\u0131sm\u0131 lastikli ve b\u00fczg\u00fc ba\u011fl\u0131 tasar\u0131m\u0131yla konfor sunarken, yan cepleri pratik kullan\u0131m sa\u011flar. Hafif daralan pa\u00e7a yap\u0131s\u0131 ve ribana detayl\u0131 pa\u00e7a a\u011f\u0131zlar\u0131 \u015f\u0131k bir g\u00f6r\u00fcn\u00fcm kazand\u0131r\u0131r. \u2014 Teknik Detaylar \u2014 A\u011f\u0131rl\u0131k: 160 g Konsept: BASICS Renk: A\u00e7\u0131k gri k\u0131r\u00e7\u0131ll\u0131, D\u00fcz renk Uzunluk: Uzun Bel [&hellip;]<\/p>\n","protected":false},"featured_media":126711,"comment_status":"open","ping_status":"closed","template":"","meta":[],"product_brand":[],"product_cat":[8739,8694,8748],"product_tag":[9888,9890,3761,9889],"class_list":{"0":"post-126716","1":"product","2":"type-product","3":"status-publish","4":"has-post-thumbnail","6":"product_cat-erkek-cocuklar-2-14-yas","7":"product_cat-cocuklar","8":"product_cat-pantolonlar-sortlar","9":"product_tag-basics","10":"product_tag-daralan","11":"product_tag-pantolon","12":"product_tag-sweatshirt-pantolon","13":"pa_brand-hm","14":"pa_color-acik-gri-kircilli","15":"pa_size-134-8-9y","16":"pa_size-140-9-10y","17":"pa_size-146-10-11y","18":"pa_size-152-11-12y","19":"pa_size-158-12-13y","20":"pa_size-164-13-14y","21":"pa_size-170-14y","23":"first","24":"outofstock","25":"shipping-taxable","26":"product-type-variable"},"_links":{"self":[{"href":"https:\/\/mod.wisdar.net\/tr\/wp-json\/wp\/v2\/product\/126716","targetHints":{"allow":["GET"]}}],"collection":[{"href":"https:\/\/mod.wisdar.net\/tr\/wp-json\/wp\/v2\/product"}],"about":[{"href":"https:\/\/mod.wisdar.net\/tr\/wp-json\/wp\/v2\/types\/product"}],"replies":[{"embeddable":true,"href":"https:\/\/mod.wisdar.net\/tr\/wp-json\/wp\/v2\/comments?post=126716"}],"wp:featuredmedia":[{"embeddable":true,"href":"https:\/\/mod.wisdar.net\/tr\/wp-json\/wp\/v2\/media\/126711"}],"wp:attachment":[{"href":"https:\/\/mod.wisdar.net\/tr\/wp-json\/wp\/v2\/media?parent=126716"}],"wp:term":[{"taxonomy":"product_brand","embeddable":true,"href":"https:\/\/mod.wisdar.net\/tr\/wp-json\/wp\/v2\/product_brand?post=126716"},{"taxonomy":"product_cat","embeddable":true,"href":"https:\/\/mod.wisdar.net\/tr\/wp-json\/wp\/v2\/product_cat?post=126716"},{"taxonomy":"product_tag","embeddable":true,"href":"https:\/\/mod.wisdar.net\/tr\/wp-json\/wp\/v2\/product_tag?post=126716"}],"curies":[{"name":"wp","href":"https:\/\/api.w.org\/{rel}","templated":true}]}}