{"id":126799,"date":"2026-02-18T18:52:25","date_gmt":"2026-02-18T18:52:25","guid":{"rendered":"https:\/\/modesthanim.com\/product\/sik-pantolon\/"},"modified":"2026-04-04T12:55:48","modified_gmt":"2026-04-04T12:55:48","slug":"sik-pantolon","status":"publish","type":"product","link":"https:\/\/mod.wisdar.net\/tr\/urun\/sik-pantolon\/","title":{"rendered":"\u015e\u0131k Pantolon"},"content":{"rendered":"<p>Keten ve pamuk kar\u0131\u015f\u0131ml\u0131 dokuma kuma\u015ftan, beli ayarlanabilir lastikli, fermuar patl\u0131 ve kop\u00e7al\u0131 \u015f\u0131k pantolon. \u00c7apraz yan cepli, arka cepleri biyeli, \u00f6n\u00fc ve arkas\u0131 kat izli dar pa\u00e7al\u0131.<\/p>\n<p>\u2014 Technical Details \u2014<br \/>\nUzunluk: Uzun<br \/>\nBel Y\u00fcksekli\u011fi: Normal belli<br \/>\nKes\u0130m: Dar kesim<br \/>\nStil: \u015e\u0131k pantolon<br \/>\nAdet: Tek<br \/>\nMateryal: Keten<\/p>\n","protected":false},"excerpt":{"rendered":"<p>Keten ve pamuk kar\u0131\u015f\u0131ml\u0131 dokuma kuma\u015ftan, beli ayarlanabilir lastikli, fermuar patl\u0131 ve kop\u00e7al\u0131 \u015f\u0131k pantolon. \u00c7apraz yan cepli, arka cepleri biyeli, \u00f6n\u00fc ve arkas\u0131 kat izli dar pa\u00e7al\u0131. \u2014 Technical Details \u2014 Uzunluk: Uzun Bel Y\u00fcksekli\u011fi: Normal belli Kes\u0130m: Dar kesim Stil: \u015e\u0131k pantolon Adet: Tek Materyal: Keten<\/p>\n","protected":false},"featured_media":126793,"comment_status":"open","ping_status":"closed","template":"","meta":[],"product_brand":[],"product_cat":[8739,8694,8748],"product_tag":[6754],"class_list":{"0":"post-126799","1":"product","2":"type-product","3":"status-publish","4":"has-post-thumbnail","6":"product_cat-erkek-cocuklar-2-14-yas","7":"product_cat-cocuklar","8":"product_cat-pantolonlar-sortlar","9":"product_tag-ofis-kiyafeti","10":"pa_brand-hm","11":"pa_color-acik-bej","12":"pa_color-acik-mavi","13":"pa_color-lacivert","14":"pa_size-134-8-9y","15":"pa_size-140-9-10y","16":"pa_size-146-10-11y","17":"pa_size-152-11-12y","18":"pa_size-158-12-13y","19":"pa_size-164-13-14y","20":"pa_size-170-14y","22":"first","23":"outofstock","24":"shipping-taxable","25":"product-type-variable"},"_links":{"self":[{"href":"https:\/\/mod.wisdar.net\/tr\/wp-json\/wp\/v2\/product\/126799","targetHints":{"allow":["GET"]}}],"collection":[{"href":"https:\/\/mod.wisdar.net\/tr\/wp-json\/wp\/v2\/product"}],"about":[{"href":"https:\/\/mod.wisdar.net\/tr\/wp-json\/wp\/v2\/types\/product"}],"replies":[{"embeddable":true,"href":"https:\/\/mod.wisdar.net\/tr\/wp-json\/wp\/v2\/comments?post=126799"}],"wp:featuredmedia":[{"embeddable":true,"href":"https:\/\/mod.wisdar.net\/tr\/wp-json\/wp\/v2\/media\/126793"}],"wp:attachment":[{"href":"https:\/\/mod.wisdar.net\/tr\/wp-json\/wp\/v2\/media?parent=126799"}],"wp:term":[{"taxonomy":"product_brand","embeddable":true,"href":"https:\/\/mod.wisdar.net\/tr\/wp-json\/wp\/v2\/product_brand?post=126799"},{"taxonomy":"product_cat","embeddable":true,"href":"https:\/\/mod.wisdar.net\/tr\/wp-json\/wp\/v2\/product_cat?post=126799"},{"taxonomy":"product_tag","embeddable":true,"href":"https:\/\/mod.wisdar.net\/tr\/wp-json\/wp\/v2\/product_tag?post=126799"}],"curies":[{"name":"wp","href":"https:\/\/api.w.org\/{rel}","templated":true}]}}