{"id":126829,"date":"2026-02-18T18:53:41","date_gmt":"2026-02-18T18:53:41","guid":{"rendered":"https:\/\/modesthanim.com\/product\/sik-pantolon-2\/"},"modified":"2026-04-15T21:00:24","modified_gmt":"2026-04-15T21:00:24","slug":"sik-pantolon-2","status":"publish","type":"product","link":"https:\/\/mod.wisdar.net\/tr\/urun\/sik-pantolon-2\/","title":{"rendered":"\u015e\u0131k Pantolon"},"content":{"rendered":"<p>Keten ve pamuk kar\u0131\u015f\u0131ml\u0131 dokuma kuma\u015ftan, beli ayarlanabilir lastikli, fermuar patl\u0131 ve kop\u00e7al\u0131 \u015f\u0131k pantolon. \u00c7apraz yan cepli, arka cepleri biyeli, \u00f6n\u00fc ve arkas\u0131 kat izli dar pa\u00e7al\u0131.<\/p>\n","protected":false},"excerpt":{"rendered":"<p>Keten ve pamuk kar\u0131\u015f\u0131ml\u0131 dokuma kuma\u015ftan, beli ayarlanabilir lastikli, fermuar patl\u0131 ve kop\u00e7al\u0131 \u015f\u0131k pantolon. \u00c7apraz yan cepli, arka cepleri biyeli, \u00f6n\u00fc ve arkas\u0131 kat izli dar pa\u00e7al\u0131.<\/p>\n","protected":false},"featured_media":126823,"comment_status":"open","ping_status":"closed","template":"","meta":[],"product_brand":[],"product_cat":[8739,8694,8748],"product_tag":[4994,4995,4996],"class_list":{"0":"post-126829","1":"product","2":"type-product","3":"status-publish","4":"has-post-thumbnail","6":"product_cat-erkek-cocuklar-2-14-yas","7":"product_cat-cocuklar","8":"product_cat-pantolonlar-sortlar","9":"product_tag-keyword1","10":"product_tag-keyword2","11":"product_tag-keyword3","12":"pa_brand-hm","13":"pa_color-acik-mavi","14":"pa_size-134-8-9y","15":"pa_size-140-9-10y","16":"pa_size-146-10-11y","17":"pa_size-152-11-12y","18":"pa_size-158-12-13y","19":"pa_size-164-13-14y","20":"pa_size-170-14y","22":"first","23":"outofstock","24":"shipping-taxable","25":"product-type-variable"},"_links":{"self":[{"href":"https:\/\/mod.wisdar.net\/tr\/wp-json\/wp\/v2\/product\/126829","targetHints":{"allow":["GET"]}}],"collection":[{"href":"https:\/\/mod.wisdar.net\/tr\/wp-json\/wp\/v2\/product"}],"about":[{"href":"https:\/\/mod.wisdar.net\/tr\/wp-json\/wp\/v2\/types\/product"}],"replies":[{"embeddable":true,"href":"https:\/\/mod.wisdar.net\/tr\/wp-json\/wp\/v2\/comments?post=126829"}],"wp:featuredmedia":[{"embeddable":true,"href":"https:\/\/mod.wisdar.net\/tr\/wp-json\/wp\/v2\/media\/126823"}],"wp:attachment":[{"href":"https:\/\/mod.wisdar.net\/tr\/wp-json\/wp\/v2\/media?parent=126829"}],"wp:term":[{"taxonomy":"product_brand","embeddable":true,"href":"https:\/\/mod.wisdar.net\/tr\/wp-json\/wp\/v2\/product_brand?post=126829"},{"taxonomy":"product_cat","embeddable":true,"href":"https:\/\/mod.wisdar.net\/tr\/wp-json\/wp\/v2\/product_cat?post=126829"},{"taxonomy":"product_tag","embeddable":true,"href":"https:\/\/mod.wisdar.net\/tr\/wp-json\/wp\/v2\/product_tag?post=126829"}],"curies":[{"name":"wp","href":"https:\/\/api.w.org\/{rel}","templated":true}]}}