{"id":126893,"date":"2026-02-18T18:55:45","date_gmt":"2026-02-18T18:55:45","guid":{"rendered":"https:\/\/modesthanim.com\/product\/pijama-takimi\/"},"modified":"2026-03-26T21:37:20","modified_gmt":"2026-03-26T21:37:20","slug":"pijama-takimi","status":"publish","type":"product","link":"https:\/\/mod.wisdar.net\/tr\/urun\/pijama-takimi\/","title":{"rendered":"Pijama Tak\u0131m\u0131"},"content":{"rendered":"<p>Ti\u015f\u00f6rt ve uyumlu \u015fort i\u00e7eren pijama tak\u0131m\u0131. Pamuklu ve bask\u0131l\u0131 yumu\u015fak jarseden, ribana \u015feritli yuvarlak yakal\u0131, d\u00fc\u015f\u00fck omuzlu ti\u015f\u00f6rt. Hafif sweatshirt kuma\u015ftan, beli kapl\u0131 lastikli \u015fort.<\/p>\n<p>\u2014 Technical Details \u2014<br \/>\nweight: 220 g<br \/>\npieces: 2<br \/>\ndetailed_descriptions: A\u00e7\u0131k mavi\/Beyaz, Sicily<br \/>\ngarment_length: Diz boyu, Normal uzunlukta<br \/>\nwaist_rise: Normal belli<br \/>\nsleeve_length: K\u0131sa kollu<br \/>\nneck_line_style: Yuvarlak yakal\u0131<br \/>\nquantity_sales_mode: Set<br \/>\nmaterial: Jarse, Frans\u0131z Havlu Kuma\u015f\u0131<\/p>\n","protected":false},"excerpt":{"rendered":"<p>Ti\u015f\u00f6rt ve uyumlu \u015fort i\u00e7eren pijama tak\u0131m\u0131. Pamuklu ve bask\u0131l\u0131 yumu\u015fak jarseden, ribana \u015feritli yuvarlak yakal\u0131, d\u00fc\u015f\u00fck omuzlu ti\u015f\u00f6rt. Hafif sweatshirt kuma\u015ftan, beli kapl\u0131 lastikli \u015fort. \u2014 Technical Details \u2014 weight: 220 g pieces: 2 detailed_descriptions: A\u00e7\u0131k mavi\/Beyaz, Sicily garment_length: Diz boyu, Normal uzunlukta waist_rise: Normal belli sleeve_length: K\u0131sa kollu neck_line_style: Yuvarlak yakal\u0131 quantity_sales_mode: Set [&hellip;]<\/p>\n","protected":false},"featured_media":126891,"comment_status":"open","ping_status":"closed","template":"","meta":[],"product_brand":[],"product_cat":[8739,8694,8754],"product_tag":[7724],"class_list":{"0":"post-126893","1":"product","2":"type-product","3":"status-publish","4":"has-post-thumbnail","6":"product_cat-erkek-cocuklar-2-14-yas","7":"product_cat-cocuklar","8":"product_cat-pijama","9":"product_tag-ev-giyimi","10":"pa_size-134-140-8-10y","11":"pa_size-146-152-10-12y","12":"pa_size-158-164-12-14y","13":"pa_size-170-14y","15":"first","16":"outofstock","17":"shipping-taxable","18":"product-type-variable"},"_links":{"self":[{"href":"https:\/\/mod.wisdar.net\/tr\/wp-json\/wp\/v2\/product\/126893","targetHints":{"allow":["GET"]}}],"collection":[{"href":"https:\/\/mod.wisdar.net\/tr\/wp-json\/wp\/v2\/product"}],"about":[{"href":"https:\/\/mod.wisdar.net\/tr\/wp-json\/wp\/v2\/types\/product"}],"replies":[{"embeddable":true,"href":"https:\/\/mod.wisdar.net\/tr\/wp-json\/wp\/v2\/comments?post=126893"}],"wp:featuredmedia":[{"embeddable":true,"href":"https:\/\/mod.wisdar.net\/tr\/wp-json\/wp\/v2\/media\/126891"}],"wp:attachment":[{"href":"https:\/\/mod.wisdar.net\/tr\/wp-json\/wp\/v2\/media?parent=126893"}],"wp:term":[{"taxonomy":"product_brand","embeddable":true,"href":"https:\/\/mod.wisdar.net\/tr\/wp-json\/wp\/v2\/product_brand?post=126893"},{"taxonomy":"product_cat","embeddable":true,"href":"https:\/\/mod.wisdar.net\/tr\/wp-json\/wp\/v2\/product_cat?post=126893"},{"taxonomy":"product_tag","embeddable":true,"href":"https:\/\/mod.wisdar.net\/tr\/wp-json\/wp\/v2\/product_tag?post=126893"}],"curies":[{"name":"wp","href":"https:\/\/api.w.org\/{rel}","templated":true}]}}