{"id":126900,"date":"2026-02-18T18:55:54","date_gmt":"2026-02-18T18:55:54","guid":{"rendered":"https:\/\/modesthanim.com\/product\/pamuklu-jarse-pijama-takimi\/"},"modified":"2026-03-03T11:18:07","modified_gmt":"2026-03-03T11:18:07","slug":"pamuklu-jarse-pijama-takimi","status":"publish","type":"product","link":"https:\/\/mod.wisdar.net\/tr\/urun\/pamuklu-jarse-pijama-takimi\/","title":{"rendered":"Pamuklu Jarse Pijama Tak\u0131m\u0131"},"content":{"rendered":"<p>Pamuklu yumu\u015fak jarseden ti\u015f\u00f6rt ve uyumlu \u015fort i\u00e7eren pijama tak\u0131m\u0131. Yakas\u0131 ribanal\u0131 ti\u015f\u00f6rt. Beli lastikli \u015fort.<\/p>\n<p>\u2014 Technical Details \u2014<br \/>\nweight: 260 g<br \/>\npieces: 2<br \/>\ndetailed_descriptions: Turkuaz\/Beyaz, Athl wear<br \/>\ngarment_length: Normal uzunlukta, K\u0131sa<br \/>\nwaist_rise: Normal belli<br \/>\nsleeve_length: K\u0131sa kollu<br \/>\nneck_line_style: Yuvarlak yakal\u0131<br \/>\nmaterial: Pamuk, Jarse<\/p>\n","protected":false},"excerpt":{"rendered":"<p>Pamuklu yumu\u015fak jarseden ti\u015f\u00f6rt ve uyumlu \u015fort i\u00e7eren pijama tak\u0131m\u0131. Yakas\u0131 ribanal\u0131 ti\u015f\u00f6rt. Beli lastikli \u015fort. \u2014 Technical Details \u2014<\/p>\n","protected":false},"featured_media":126898,"comment_status":"open","ping_status":"closed","template":"","meta":[],"product_brand":[],"product_cat":[],"product_tag":[],"class_list":{"0":"post-126900","1":"product","2":"type-product","3":"status-publish","4":"has-post-thumbnail","7":"first","8":"instock","9":"sale","10":"shipping-taxable","11":"purchasable","12":"product-type-variable"},"_links":{"self":[{"href":"https:\/\/mod.wisdar.net\/tr\/wp-json\/wp\/v2\/product\/126900","targetHints":{"allow":["GET"]}}],"collection":[{"href":"https:\/\/mod.wisdar.net\/tr\/wp-json\/wp\/v2\/product"}],"about":[{"href":"https:\/\/mod.wisdar.net\/tr\/wp-json\/wp\/v2\/types\/product"}],"replies":[{"embeddable":true,"href":"https:\/\/mod.wisdar.net\/tr\/wp-json\/wp\/v2\/comments?post=126900"}],"version-history":[{"count":0,"href":"https:\/\/mod.wisdar.net\/tr\/wp-json\/wp\/v2\/product\/126900\/revisions"}],"wp:featuredmedia":[{"embeddable":true,"href":"https:\/\/mod.wisdar.net\/tr\/wp-json\/wp\/v2\/media\/126898"}],"wp:attachment":[{"href":"https:\/\/mod.wisdar.net\/tr\/wp-json\/wp\/v2\/media?parent=126900"}],"wp:term":[{"taxonomy":"product_brand","embeddable":true,"href":"https:\/\/mod.wisdar.net\/tr\/wp-json\/wp\/v2\/product_brand?post=126900"},{"taxonomy":"product_cat","embeddable":true,"href":"https:\/\/mod.wisdar.net\/tr\/wp-json\/wp\/v2\/product_cat?post=126900"},{"taxonomy":"product_tag","embeddable":true,"href":"https:\/\/mod.wisdar.net\/tr\/wp-json\/wp\/v2\/product_tag?post=126900"}],"curies":[{"name":"wp","href":"https:\/\/api.w.org\/{rel}","templated":true}]}}