{"id":126970,"date":"2026-02-18T18:58:01","date_gmt":"2026-02-18T18:58:01","guid":{"rendered":"https:\/\/modesthanim.com\/product\/5li-kisa-boxer-sort\/"},"modified":"2026-04-04T21:02:12","modified_gmt":"2026-04-04T21:02:12","slug":"5li-kisa-boxer-sort","status":"publish","type":"product","link":"https:\/\/mod.wisdar.net\/tr\/urun\/5li-kisa-boxer-sort\/","title":{"rendered":"5&#8217;li K\u0131sa Boxer \u015eort"},"content":{"rendered":"<p>Pamuklu jarseden, k\u0131sa pa\u00e7al\u0131, beli lastikli, \u00f6n\u00fc astarl\u0131 boxer \u015fortlar.<\/p>\n<p>\u2014 Technical Details \u2014<br \/>\nweight: 280 g<br \/>\npieces: 5<br \/>\ndetailed_description: Koyu gri\/A\u00e7\u0131k gri\/Beyaz\/Siyah<br \/>\nwaist_rise: Normal belli<br \/>\nclothing_style: Boxer k\u00fclot<br \/>\nquantity_sales_mode: \u00c7oklu<br \/>\nmaterial: Pamuk, Jarse<\/p>\n","protected":false},"excerpt":{"rendered":"<p>Pamuklu jarseden, k\u0131sa pa\u00e7al\u0131, beli lastikli, \u00f6n\u00fc astarl\u0131 boxer \u015fortlar. \u2014 Technical Details \u2014 weight: 280 g pieces: 5 detailed_description: Koyu gri\/A\u00e7\u0131k gri\/Beyaz\/Siyah waist_rise: Normal belli clothing_style: Boxer k\u00fclot quantity_sales_mode: \u00c7oklu material: Pamuk, Jarse<\/p>\n","protected":false},"featured_media":126967,"comment_status":"open","ping_status":"closed","template":"","meta":[],"product_brand":[],"product_cat":[8739,8757,8694],"product_tag":[7488],"class_list":{"0":"post-126970","1":"product","2":"type-product","3":"status-publish","4":"has-post-thumbnail","6":"product_cat-erkek-cocuklar-2-14-yas","7":"product_cat-ic-giyim","8":"product_cat-cocuklar","9":"product_tag-pamuk","10":"pa_brand-hm","11":"pa_color-beyaz-siyah","12":"pa_size-134-140-8-10y","13":"pa_size-146-152-10-12y","14":"pa_size-158-164-12-14y","15":"pa_size-170-14y","17":"first","18":"outofstock","19":"shipping-taxable","20":"product-type-variable"},"_links":{"self":[{"href":"https:\/\/mod.wisdar.net\/tr\/wp-json\/wp\/v2\/product\/126970","targetHints":{"allow":["GET"]}}],"collection":[{"href":"https:\/\/mod.wisdar.net\/tr\/wp-json\/wp\/v2\/product"}],"about":[{"href":"https:\/\/mod.wisdar.net\/tr\/wp-json\/wp\/v2\/types\/product"}],"replies":[{"embeddable":true,"href":"https:\/\/mod.wisdar.net\/tr\/wp-json\/wp\/v2\/comments?post=126970"}],"wp:featuredmedia":[{"embeddable":true,"href":"https:\/\/mod.wisdar.net\/tr\/wp-json\/wp\/v2\/media\/126967"}],"wp:attachment":[{"href":"https:\/\/mod.wisdar.net\/tr\/wp-json\/wp\/v2\/media?parent=126970"}],"wp:term":[{"taxonomy":"product_brand","embeddable":true,"href":"https:\/\/mod.wisdar.net\/tr\/wp-json\/wp\/v2\/product_brand?post=126970"},{"taxonomy":"product_cat","embeddable":true,"href":"https:\/\/mod.wisdar.net\/tr\/wp-json\/wp\/v2\/product_cat?post=126970"},{"taxonomy":"product_tag","embeddable":true,"href":"https:\/\/mod.wisdar.net\/tr\/wp-json\/wp\/v2\/product_tag?post=126970"}],"curies":[{"name":"wp","href":"https:\/\/api.w.org\/{rel}","templated":true}]}}