{"id":127039,"date":"2026-02-18T18:59:46","date_gmt":"2026-02-18T18:59:46","guid":{"rendered":"https:\/\/modesthanim.com\/product\/2-parcali-baskili-sweatshirt-set\/"},"modified":"2026-04-15T22:15:18","modified_gmt":"2026-04-15T22:15:18","slug":"2-parcali-baskili-sweatshirt-set","status":"publish","type":"product","link":"https:\/\/mod.wisdar.net\/tr\/urun\/2-parcali-baskili-sweatshirt-set\/","title":{"rendered":"2 Par\u00e7al\u0131 Bask\u0131l\u0131 Sweatshirt Set"},"content":{"rendered":"<p>\u0130\u00e7i yumu\u015fak t\u00fcyl\u00fc sweatshirt kuma\u015ftan kap\u00fc\u015fonlu \u00fcst ve jogger pantolon i\u00e7eren, bask\u0131 motifli set. Kap\u00fc\u015fonu astarl\u0131 ve \u00f6nde anvelop kesimli \u00fcst. D\u00fc\u015f\u00fck omuzlu, gizli kanguru cepli, uzun kollu. Man\u015fetleri ve etek ucu ribanal\u0131. Beli lastikli ve b\u00fczg\u00fc ba\u011fl\u0131, pa\u00e7a a\u011f\u0131zlar\u0131 b\u00fczg\u00fcl\u00fc lastikli jogger pantolon.<\/p>\n<p>\u2014 Technical Details \u2014<br \/>\npieces: 2<br \/>\ndetailed_descriptions: A\u00e7\u0131k turkuaz\/Beyaz\/Mavi\/Sar\u0131, National aeronautics and space administration, Space shuttles<br \/>\ngarment_length: Uzun<br \/>\nsleeve_length: Uzun kollu<br \/>\nfits: Normal kesim<br \/>\nclothing_style: Kap\u00fc\u015fonlu \u00dcst, Sweatshirt Pantolon, Pantolon<br \/>\nquantity_sales_mode: Set<br \/>\nadditional_material_info: Bu \u00fcr\u00fcn\u00fcn toplam a\u011f\u0131rl\u0131\u011f\u0131 en az: 18% Geri d\u00f6n\u00fc\u015ft\u00fcr\u00fclm\u00fc\u015f pamuk<br \/>\ncare_instructions: [&#8216;Orta ayarda kurutma makinesinde kurutulabilir&#8217;, &#8216;Orta ayarda \u00fct\u00fclenebilir&#8217;, &#8217;40\u00b0C makinede y\u0131kama&#8217;, &#8216;Kuru temizleme yap\u0131lmaz&#8217;]<\/p>\n","protected":false},"excerpt":{"rendered":"<p>\u0130\u00e7i yumu\u015fak t\u00fcyl\u00fc sweatshirt kuma\u015ftan kap\u00fc\u015fonlu \u00fcst ve jogger pantolon i\u00e7eren, bask\u0131 motifli set. Kap\u00fc\u015fonu astarl\u0131 ve \u00f6nde anvelop kesimli \u00fcst. D\u00fc\u015f\u00fck omuzlu, gizli kanguru cepli, uzun kollu. Man\u015fetleri ve etek ucu ribanal\u0131. Beli lastikli ve b\u00fczg\u00fc ba\u011fl\u0131, pa\u00e7a a\u011f\u0131zlar\u0131 b\u00fczg\u00fcl\u00fc lastikli jogger pantolon. \u2014 Technical Details \u2014 pieces: 2 detailed_descriptions: A\u00e7\u0131k turkuaz\/Beyaz\/Mavi\/Sar\u0131, National aeronautics [&hellip;]<\/p>\n","protected":false},"featured_media":127037,"comment_status":"open","ping_status":"closed","template":"","meta":[],"product_brand":[],"product_cat":[8745,8739,8694],"product_tag":[7294,4905],"class_list":{"0":"post-127039","1":"product","2":"type-product","3":"status-publish","4":"has-post-thumbnail","6":"product_cat-erkek-cocuk-takimlari","7":"product_cat-erkek-cocuklar-2-14-yas","8":"product_cat-cocuklar","9":"product_tag-beyaz","10":"product_tag-blue","11":"pa_brand-hm","12":"pa_color-acik-turkuaz-nasa","13":"pa_size-104-3-4y","14":"pa_size-110-4-5y","15":"pa_size-116-5-6y","16":"pa_size-122-6-7y","17":"pa_size-128-7-8y","18":"pa_size-134-8-9y","19":"pa_size-140-9-10y","20":"pa_size-98-2-3y","22":"first","23":"outofstock","24":"shipping-taxable","25":"product-type-variable"},"_links":{"self":[{"href":"https:\/\/mod.wisdar.net\/tr\/wp-json\/wp\/v2\/product\/127039","targetHints":{"allow":["GET"]}}],"collection":[{"href":"https:\/\/mod.wisdar.net\/tr\/wp-json\/wp\/v2\/product"}],"about":[{"href":"https:\/\/mod.wisdar.net\/tr\/wp-json\/wp\/v2\/types\/product"}],"replies":[{"embeddable":true,"href":"https:\/\/mod.wisdar.net\/tr\/wp-json\/wp\/v2\/comments?post=127039"}],"wp:featuredmedia":[{"embeddable":true,"href":"https:\/\/mod.wisdar.net\/tr\/wp-json\/wp\/v2\/media\/127037"}],"wp:attachment":[{"href":"https:\/\/mod.wisdar.net\/tr\/wp-json\/wp\/v2\/media?parent=127039"}],"wp:term":[{"taxonomy":"product_brand","embeddable":true,"href":"https:\/\/mod.wisdar.net\/tr\/wp-json\/wp\/v2\/product_brand?post=127039"},{"taxonomy":"product_cat","embeddable":true,"href":"https:\/\/mod.wisdar.net\/tr\/wp-json\/wp\/v2\/product_cat?post=127039"},{"taxonomy":"product_tag","embeddable":true,"href":"https:\/\/mod.wisdar.net\/tr\/wp-json\/wp\/v2\/product_tag?post=127039"}],"curies":[{"name":"wp","href":"https:\/\/api.w.org\/{rel}","templated":true}]}}