{"id":127112,"date":"2026-02-18T19:01:41","date_gmt":"2026-02-18T19:01:41","guid":{"rendered":"https:\/\/modesthanim.com\/product\/lyocell-karisimli-chino\/"},"modified":"2026-04-04T15:42:13","modified_gmt":"2026-04-04T15:42:13","slug":"lyocell-karisimli-chino","status":"publish","type":"product","link":"https:\/\/mod.wisdar.net\/tr\/urun\/lyocell-karisimli-chino\/","title":{"rendered":"Lyocell Kar\u0131\u015f\u0131ml\u0131 Chino"},"content":{"rendered":"<p>Lyocell ve pamuk kar\u0131\u015f\u0131m\u0131ndan \u00fcretilmi\u015f gabardinden, rahat kesimli chino. Beli ayarlanabilir lastikli, fermuar patl\u0131 ve d\u00fc\u011fmeli. \u00c7apraz yan cepli, arkada biyeli yalanc\u0131 cepli, daralan pa\u00e7al\u0131.<\/p>\n<p>\u2014 Technical Details \u2014<br \/>\nmaterial: Gabardin<br \/>\npattern: D\u00fcz renkli<br \/>\nlength: Uzun<br \/>\nwaist_rise: Normal belli<br \/>\nfit: Rahat kesim<br \/>\nstyle: Chino, Daralan<br \/>\nfeatures: Ayarlanabilir bel<br \/>\nquantity_mode: Tek<br \/>\ndetailed_description: Koyu gri, D\u00fcz renkli<br \/>\nadditional_materials: Cep astar\u0131: Pamuk 100%<br \/>\ntotal_weight_components: 46% TENCEL\u2122 Lyocell, 1% Geri d\u00f6n\u00fc\u015ft\u00fcr\u00fclm\u00fc\u015f pamuk<\/p>\n","protected":false},"excerpt":{"rendered":"<p>Lyocell ve pamuk kar\u0131\u015f\u0131m\u0131ndan \u00fcretilmi\u015f gabardinden, rahat kesimli chino. Beli ayarlanabilir lastikli, fermuar patl\u0131 ve d\u00fc\u011fmeli. \u00c7apraz yan cepli, arkada biyeli yalanc\u0131 cepli, daralan pa\u00e7al\u0131. \u2014 Technical Details \u2014 material: Gabardin pattern: D\u00fcz renkli length: Uzun waist_rise: Normal belli fit: Rahat kesim style: Chino, Daralan features: Ayarlanabilir bel quantity_mode: Tek detailed_description: Koyu gri, D\u00fcz renkli [&hellip;]<\/p>\n","protected":false},"featured_media":127107,"comment_status":"open","ping_status":"closed","template":"","meta":[],"product_brand":[],"product_cat":[8739,8694,8748],"product_tag":[7426,6876],"class_list":{"0":"post-127112","1":"product","2":"type-product","3":"status-publish","4":"has-post-thumbnail","6":"product_cat-erkek-cocuklar-2-14-yas","7":"product_cat-cocuklar","8":"product_cat-pantolonlar-sortlar","9":"product_tag-gunluk-giyim-3","10":"product_tag-rahat-kesim","11":"pa_brand-hm","12":"pa_color-bej","13":"pa_color-koyu-gri","14":"pa_size-104-3-4y","15":"pa_size-110-4-5y","16":"pa_size-116-5-6y","17":"pa_size-122-6-7y","18":"pa_size-128-7-8y","19":"pa_size-134-8-9y","20":"pa_size-140-9-10y","21":"pa_size-92-1-2y","22":"pa_size-98-2-3y","24":"first","25":"outofstock","26":"shipping-taxable","27":"product-type-variable"},"_links":{"self":[{"href":"https:\/\/mod.wisdar.net\/tr\/wp-json\/wp\/v2\/product\/127112","targetHints":{"allow":["GET"]}}],"collection":[{"href":"https:\/\/mod.wisdar.net\/tr\/wp-json\/wp\/v2\/product"}],"about":[{"href":"https:\/\/mod.wisdar.net\/tr\/wp-json\/wp\/v2\/types\/product"}],"replies":[{"embeddable":true,"href":"https:\/\/mod.wisdar.net\/tr\/wp-json\/wp\/v2\/comments?post=127112"}],"wp:featuredmedia":[{"embeddable":true,"href":"https:\/\/mod.wisdar.net\/tr\/wp-json\/wp\/v2\/media\/127107"}],"wp:attachment":[{"href":"https:\/\/mod.wisdar.net\/tr\/wp-json\/wp\/v2\/media?parent=127112"}],"wp:term":[{"taxonomy":"product_brand","embeddable":true,"href":"https:\/\/mod.wisdar.net\/tr\/wp-json\/wp\/v2\/product_brand?post=127112"},{"taxonomy":"product_cat","embeddable":true,"href":"https:\/\/mod.wisdar.net\/tr\/wp-json\/wp\/v2\/product_cat?post=127112"},{"taxonomy":"product_tag","embeddable":true,"href":"https:\/\/mod.wisdar.net\/tr\/wp-json\/wp\/v2\/product_tag?post=127112"}],"curies":[{"name":"wp","href":"https:\/\/api.w.org\/{rel}","templated":true}]}}