{"id":12712,"date":"2025-11-01T21:32:00","date_gmt":"2025-11-01T21:32:00","guid":{"rendered":"https:\/\/modesthanim.com\/product\/siyah-arka-toplama-detayli-gomlek\/"},"modified":"2026-01-15T08:43:48","modified_gmt":"2026-01-15T08:43:48","slug":"siyah-arka-toplama-detayli-gomlek","status":"publish","type":"product","link":"https:\/\/mod.wisdar.net\/tr\/urun\/siyah-arka-toplama-detayli-gomlek\/","title":{"rendered":"Siyah Arka Toplama Detayl\u0131 G\u00f6mlek"},"content":{"rendered":"<p>Siyah Arka Toplama Detayl\u0131 G\u00f6mlek ile modern ve rahat bir stil yakalay\u0131n. Kombininizi tamamlamak i\u00e7in ALLDAY&#8217;in G\u00f6mlek kategorisindeki di\u011fer modelleri ke\u015ffedin. \u015eimdi ke\u015ffet!<\/p>\n<p>\u2014 Teknik Detaylar \u2014<br \/>\nMevsim: 26-K\u0131\u015f D\u00f6ng\u00fcs\u00fc<br \/>\nKuma\u015f \u0130\u00e7eri\u011fi: %50 pamuk-%50 Polyester<br \/>\nKuma\u015f Grubu: Pamuk Polyester<br \/>\nCep Detay\u0131: Cepsiz<br \/>\nYaka: G\u00f6mlek<br \/>\nKol Deseni: D\u00fc\u015f\u00fck<br \/>\nBoyut \/ Uzunluk: 70 CM<br \/>\nTasar\u0131m D\u00f6nemi: 25-Yaz<br \/>\nKal\u0131p: RAHAT<br \/>\nBel: Toplanm\u0131\u015f<br \/>\nDesen: D\u00fcz<br \/>\nTema: H\u0131zl\u0131 Moda<br \/>\nSeri: GEN\u00c7<br \/>\n\u00dcr\u00fcn Lig: A Kalite<br \/>\nMevsimlik Sat\u0131\u015f D\u00f6nemi: Mevsimsiz<br \/>\nMateryal Tipi: Dokuma<\/p>\n","protected":false},"excerpt":{"rendered":"<p>Siyah Arka Toplama Detayl\u0131 G\u00f6mlek ile modern ve rahat bir stil yakalay\u0131n. Kombininizi tamamlamak i\u00e7in ALLDAY&#8217;in G\u00f6mlek kategorisindeki di\u011fer modelleri ke\u015ffedin. \u015eimdi ke\u015ffet! \u2014 Teknik Detaylar \u2014 Mevsim: 26-K\u0131\u015f D\u00f6ng\u00fcs\u00fc Kuma\u015f \u0130\u00e7eri\u011fi: %50 pamuk-%50 Polyester Kuma\u015f Grubu: Pamuk Polyester Cep Detay\u0131: Cepsiz Yaka: G\u00f6mlek Kol Deseni: D\u00fc\u015f\u00fck Boyut \/ Uzunluk: 70 CM Tasar\u0131m D\u00f6nemi: 25-Yaz [&hellip;]<\/p>\n","protected":false},"featured_media":0,"comment_status":"open","ping_status":"closed","template":"","meta":[],"product_brand":[],"product_cat":[1909],"product_tag":[4853,7802,7488,7021,7074],"class_list":{"0":"post-12712","1":"product","2":"type-product","3":"status-publish","5":"product_cat-bluzlar-ve-gomlekler","6":"product_tag-a-quality","7":"product_tag-duz","8":"product_tag-pamuk","9":"product_tag-polyester","10":"product_tag-siyah","11":"pa_brand-allday","12":"pa_color-siyah","13":"pa_size-4701","14":"pa_size-4706","15":"pa_size-4711","16":"pa_size-4713","17":"pa_size-4751","19":"first","20":"instock","21":"sale","22":"shipping-taxable","23":"purchasable","24":"product-type-variable"},"_links":{"self":[{"href":"https:\/\/mod.wisdar.net\/tr\/wp-json\/wp\/v2\/product\/12712","targetHints":{"allow":["GET"]}}],"collection":[{"href":"https:\/\/mod.wisdar.net\/tr\/wp-json\/wp\/v2\/product"}],"about":[{"href":"https:\/\/mod.wisdar.net\/tr\/wp-json\/wp\/v2\/types\/product"}],"replies":[{"embeddable":true,"href":"https:\/\/mod.wisdar.net\/tr\/wp-json\/wp\/v2\/comments?post=12712"}],"wp:attachment":[{"href":"https:\/\/mod.wisdar.net\/tr\/wp-json\/wp\/v2\/media?parent=12712"}],"wp:term":[{"taxonomy":"product_brand","embeddable":true,"href":"https:\/\/mod.wisdar.net\/tr\/wp-json\/wp\/v2\/product_brand?post=12712"},{"taxonomy":"product_cat","embeddable":true,"href":"https:\/\/mod.wisdar.net\/tr\/wp-json\/wp\/v2\/product_cat?post=12712"},{"taxonomy":"product_tag","embeddable":true,"href":"https:\/\/mod.wisdar.net\/tr\/wp-json\/wp\/v2\/product_tag?post=12712"}],"curies":[{"name":"wp","href":"https:\/\/api.w.org\/{rel}","templated":true}]}}