{"id":127172,"date":"2026-02-18T19:04:01","date_gmt":"2026-02-18T19:04:01","guid":{"rendered":"https:\/\/modesthanim.com\/product\/aplikeli-tisort\/"},"modified":"2026-02-24T22:16:56","modified_gmt":"2026-02-24T22:16:56","slug":"aplikeli-tisort","status":"publish","type":"product","link":"https:\/\/mod.wisdar.net\/tr\/urun\/aplikeli-tisort\/","title":{"rendered":"Aplikeli Ti\u015f\u00f6rt"},"content":{"rendered":"<p>Pamuklu yumu\u015fak jarseden, \u00f6n\u00fc ve arkas\u0131 motifli ti\u015f\u00f6rt. Rahat kesimli, ribana \u015feritli yuvarlak yakal\u0131, d\u00fc\u015f\u00fck omuzlu.<\/p>\n<p>\u2014 Technical Details \u2014<br \/>\ndescription: Beyaz\/Turuncu\/Koyu gri, NY, D\u00fcz renkli, Basketball<br \/>\nlength: Normal uzunlukta<br \/>\nsleeve_length: K\u0131sa kollu<br \/>\nfit: Rahat kesim<br \/>\nneck_line: Yuvarlak yakal\u0131<br \/>\nquantity: Tek<br \/>\nmaterial: Pamuk, Jarse<br \/>\ncare_instructions: Bask\u0131 \u00fczerinden \u00fct\u00fclemeyin, Orta ayarda kurutma makinesinde kurutulabilir, Y\u00fcksek ayarda \u00fct\u00fclenebilir, 40\u00b0C makinede y\u0131kama, Kuru temizleme yap\u0131lmaz<\/p>\n","protected":false},"excerpt":{"rendered":"<p>Pamuklu yumu\u015fak jarseden, \u00f6n\u00fc ve arkas\u0131 motifli ti\u015f\u00f6rt. Rahat kesimli, ribana \u015feritli yuvarlak yakal\u0131, d\u00fc\u015f\u00fck omuzlu. \u2014 Technical Details \u2014 description: Beyaz\/Turuncu\/Koyu gri, NY, D\u00fcz renkli, Basketball length: Normal uzunlukta sleeve_length: K\u0131sa kollu fit: Rahat kesim neck_line: Yuvarlak yakal\u0131 quantity: Tek material: Pamuk, Jarse care_instructions: Bask\u0131 \u00fczerinden \u00fct\u00fclemeyin, Orta ayarda kurutma makinesinde kurutulabilir, Y\u00fcksek ayarda [&hellip;]<\/p>\n","protected":false},"featured_media":127169,"comment_status":"open","ping_status":"closed","template":"","meta":[],"product_brand":[],"product_cat":[8739,8694,8742],"product_tag":[6876],"class_list":{"0":"post-127172","1":"product","2":"type-product","3":"status-publish","4":"has-post-thumbnail","6":"product_cat-erkek-cocuklar-2-14-yas","7":"product_cat-cocuklar","8":"product_cat-tisortler-gomlekler","9":"product_tag-rahat-kesim","10":"pa_color-beyaz-basketbol-topu","11":"pa_size-110-116-4-6y","12":"pa_size-122-128-6-8y","13":"pa_size-134-140-8-10y","14":"pa_size-92-1-2y","15":"pa_size-98-104-2-4y","17":"first","18":"outofstock","19":"shipping-taxable","20":"product-type-variable"},"_links":{"self":[{"href":"https:\/\/mod.wisdar.net\/tr\/wp-json\/wp\/v2\/product\/127172","targetHints":{"allow":["GET"]}}],"collection":[{"href":"https:\/\/mod.wisdar.net\/tr\/wp-json\/wp\/v2\/product"}],"about":[{"href":"https:\/\/mod.wisdar.net\/tr\/wp-json\/wp\/v2\/types\/product"}],"replies":[{"embeddable":true,"href":"https:\/\/mod.wisdar.net\/tr\/wp-json\/wp\/v2\/comments?post=127172"}],"wp:featuredmedia":[{"embeddable":true,"href":"https:\/\/mod.wisdar.net\/tr\/wp-json\/wp\/v2\/media\/127169"}],"wp:attachment":[{"href":"https:\/\/mod.wisdar.net\/tr\/wp-json\/wp\/v2\/media?parent=127172"}],"wp:term":[{"taxonomy":"product_brand","embeddable":true,"href":"https:\/\/mod.wisdar.net\/tr\/wp-json\/wp\/v2\/product_brand?post=127172"},{"taxonomy":"product_cat","embeddable":true,"href":"https:\/\/mod.wisdar.net\/tr\/wp-json\/wp\/v2\/product_cat?post=127172"},{"taxonomy":"product_tag","embeddable":true,"href":"https:\/\/mod.wisdar.net\/tr\/wp-json\/wp\/v2\/product_tag?post=127172"}],"curies":[{"name":"wp","href":"https:\/\/api.w.org\/{rel}","templated":true}]}}