{"id":127499,"date":"2026-02-18T19:14:42","date_gmt":"2026-02-18T19:14:42","guid":{"rendered":"https:\/\/modesthanim.com\/product\/pembe-desenli-kiz-bebek-patik-corap-5li-paket\/"},"modified":"2026-04-07T02:30:55","modified_gmt":"2026-04-07T02:30:55","slug":"pembe-desenli-kiz-bebek-patik-corap-5li-paket","status":"publish","type":"product","link":"https:\/\/mod.wisdar.net\/tr\/urun\/pembe-desenli-kiz-bebek-patik-corap-5li-paket\/","title":{"rendered":"Pembe Desenli K\u0131z Bebek Patik \u00c7orap 5&#8217;li Paket"},"content":{"rendered":"<p>LCW baby Pembe Desenli K\u0131z Bebek Patik \u00c7orap 5&#8217;li Paket size \u00f6zel indirim, taksit ve kap\u0131da \u00f6deme avantajlar\u0131yla LCW&#8217;de! Hemen online al\u0131\u015fveri\u015f yap, \u00fcr\u00fcn kap\u0131na gelsin! \u2013 S62042Z1-FDK<\/p>\n<p>\u2014 Teknik Detaylar \u2014<br \/>\n\u00dcr\u00fcn Tipi: Patik \u00c7orap<br \/>\nCinsiyet: K\u0131z Bebek<br \/>\nDesen: Desenli<br \/>\nPaket \u0130\u00e7eri\u011fi: 5&#8217;li Paket<br \/>\nKal\u0131nl\u0131k: Orta Kal\u0131nl\u0131k<br \/>\nMalzeme: Y\u00fcksek Pamuk \u0130\u00e7erir<\/p>\n","protected":false},"excerpt":{"rendered":"<p>LCW baby Pembe Desenli K\u0131z Bebek Patik \u00c7orap 5&#8217;li Paket size \u00f6zel indirim, taksit ve kap\u0131da \u00f6deme avantajlar\u0131yla LCW&#8217;de! Hemen online al\u0131\u015fveri\u015f yap, \u00fcr\u00fcn kap\u0131na gelsin! \u2013 S62042Z1-FDK \u2014 Teknik Detaylar \u2014 \u00dcr\u00fcn Tipi: Patik \u00c7orap Cinsiyet: K\u0131z Bebek Desen: Desenli Paket \u0130\u00e7eri\u011fi: 5&#8217;li Paket Kal\u0131nl\u0131k: Orta Kal\u0131nl\u0131k Malzeme: Y\u00fcksek Pamuk \u0130\u00e7erir<\/p>\n","protected":false},"featured_media":127495,"comment_status":"open","ping_status":"closed","template":"","meta":[],"product_brand":[],"product_cat":[8694,8697,8700],"product_tag":[9948,3269,9947,9949,9946,9951],"class_list":{"0":"post-127499","1":"product","2":"type-product","3":"status-publish","4":"has-post-thumbnail","6":"product_cat-cocuklar","7":"product_cat-yenidogan-0-12-ay","8":"product_cat-yenidogan-giyim","9":"product_tag-5li-paket","10":"product_tag-desenli","11":"product_tag-kiz-bebek","12":"product_tag-orta-kalinlik","13":"product_tag-patik-corap","14":"product_tag-yuksek-pamuk-icerir","15":"pa_brand-lcw-baby","16":"pa_color-pembe","17":"pa_size-14-16-0-6-ay","18":"pa_size-17-18-6-12-ay","19":"pa_size-19-22-12-24-ay","20":"pa_size-22-24-24-36-ay","21":"pa_size-23-26-3-4-yas","22":"pa_size-5-6-yas","24":"first","25":"instock","26":"sale","27":"shipping-taxable","28":"purchasable","29":"product-type-variable"},"_links":{"self":[{"href":"https:\/\/mod.wisdar.net\/tr\/wp-json\/wp\/v2\/product\/127499","targetHints":{"allow":["GET"]}}],"collection":[{"href":"https:\/\/mod.wisdar.net\/tr\/wp-json\/wp\/v2\/product"}],"about":[{"href":"https:\/\/mod.wisdar.net\/tr\/wp-json\/wp\/v2\/types\/product"}],"replies":[{"embeddable":true,"href":"https:\/\/mod.wisdar.net\/tr\/wp-json\/wp\/v2\/comments?post=127499"}],"wp:featuredmedia":[{"embeddable":true,"href":"https:\/\/mod.wisdar.net\/tr\/wp-json\/wp\/v2\/media\/127495"}],"wp:attachment":[{"href":"https:\/\/mod.wisdar.net\/tr\/wp-json\/wp\/v2\/media?parent=127499"}],"wp:term":[{"taxonomy":"product_brand","embeddable":true,"href":"https:\/\/mod.wisdar.net\/tr\/wp-json\/wp\/v2\/product_brand?post=127499"},{"taxonomy":"product_cat","embeddable":true,"href":"https:\/\/mod.wisdar.net\/tr\/wp-json\/wp\/v2\/product_cat?post=127499"},{"taxonomy":"product_tag","embeddable":true,"href":"https:\/\/mod.wisdar.net\/tr\/wp-json\/wp\/v2\/product_tag?post=127499"}],"curies":[{"name":"wp","href":"https:\/\/api.w.org\/{rel}","templated":true}]}}