{"id":127618,"date":"2026-02-18T19:16:34","date_gmt":"2026-02-18T19:16:34","guid":{"rendered":"https:\/\/modesthanim.com\/product\/mavi-desenli-erkek-bebek-patik-corap-3lu\/"},"modified":"2026-04-07T02:41:03","modified_gmt":"2026-04-07T02:41:03","slug":"mavi-desenli-erkek-bebek-patik-corap-3lu","status":"publish","type":"product","link":"https:\/\/mod.wisdar.net\/tr\/urun\/mavi-desenli-erkek-bebek-patik-corap-3lu\/","title":{"rendered":"Mavi Desenli Erkek Bebek Patik \u00c7orap 3&#8217;l\u00fc"},"content":{"rendered":"<p>LC WAIKIKI Mavi Desenli Erkek Bebek Patik \u00c7orap 3&#8217;l\u00fc size \u00f6zel indirim, taksit ve kap\u0131da \u00f6deme avantajlar\u0131yla LCW&#8217;de! Hemen online al\u0131\u015fveri\u015f yap, \u00fcr\u00fcn kap\u0131na gelsin! \u2013 S6HR04Z1-LEN<\/p>\n<p>\u2014 Technical Details \u2014<br \/>\ngtin13: 8684692586282<br \/>\nmen\u015fei: Turk\u0131ye<br \/>\n\u00fcr\u00fcn_tipi: Patik \u00c7orap<br \/>\ncinsiyet: Erkek Bebek<br \/>\nmalzeme: Y\u00fcksek Pamuk \u0130\u00e7erir<\/p>\n","protected":false},"excerpt":{"rendered":"<p>LC WAIKIKI Mavi Desenli Erkek Bebek Patik \u00c7orap 3&#8217;l\u00fc size \u00f6zel indirim, taksit ve kap\u0131da \u00f6deme avantajlar\u0131yla LCW&#8217;de! Hemen online al\u0131\u015fveri\u015f yap, \u00fcr\u00fcn kap\u0131na gelsin! \u2013 S6HR04Z1-LEN \u2014 Technical Details \u2014 gtin13: 8684692586282 men\u015fei: Turk\u0131ye \u00fcr\u00fcn_tipi: Patik \u00c7orap cinsiyet: Erkek Bebek malzeme: Y\u00fcksek Pamuk \u0130\u00e7erir<\/p>\n","protected":false},"featured_media":127615,"comment_status":"open","ping_status":"closed","template":"","meta":[],"product_brand":[],"product_cat":[8694,8697,8700],"product_tag":[9529,9954,9962,9530,9960],"class_list":{"0":"post-127618","1":"product","2":"type-product","3":"status-publish","4":"has-post-thumbnail","6":"product_cat-cocuklar","7":"product_cat-yenidogan-0-12-ay","8":"product_cat-yenidogan-giyim","9":"product_tag-3-pack-socks","10":"product_tag-baby-boy-socks","11":"product_tag-blue-patterned","12":"product_tag-cotton-socks","13":"product_tag-slipper-socks","14":"pa_brand-lc-waikiki","15":"pa_color-mavi","16":"pa_size-14-16-1-6-ay","17":"pa_size-17-18-6-12-ay","18":"pa_size-19-22-12-24-ay","19":"pa_size-22-24-24-36-ay","20":"pa_size-23-26-3-4-yas","22":"first","23":"instock","24":"sale","25":"shipping-taxable","26":"purchasable","27":"product-type-variable"},"_links":{"self":[{"href":"https:\/\/mod.wisdar.net\/tr\/wp-json\/wp\/v2\/product\/127618","targetHints":{"allow":["GET"]}}],"collection":[{"href":"https:\/\/mod.wisdar.net\/tr\/wp-json\/wp\/v2\/product"}],"about":[{"href":"https:\/\/mod.wisdar.net\/tr\/wp-json\/wp\/v2\/types\/product"}],"replies":[{"embeddable":true,"href":"https:\/\/mod.wisdar.net\/tr\/wp-json\/wp\/v2\/comments?post=127618"}],"wp:featuredmedia":[{"embeddable":true,"href":"https:\/\/mod.wisdar.net\/tr\/wp-json\/wp\/v2\/media\/127615"}],"wp:attachment":[{"href":"https:\/\/mod.wisdar.net\/tr\/wp-json\/wp\/v2\/media?parent=127618"}],"wp:term":[{"taxonomy":"product_brand","embeddable":true,"href":"https:\/\/mod.wisdar.net\/tr\/wp-json\/wp\/v2\/product_brand?post=127618"},{"taxonomy":"product_cat","embeddable":true,"href":"https:\/\/mod.wisdar.net\/tr\/wp-json\/wp\/v2\/product_cat?post=127618"},{"taxonomy":"product_tag","embeddable":true,"href":"https:\/\/mod.wisdar.net\/tr\/wp-json\/wp\/v2\/product_tag?post=127618"}],"curies":[{"name":"wp","href":"https:\/\/api.w.org\/{rel}","templated":true}]}}