{"id":127647,"date":"2026-02-18T19:16:57","date_gmt":"2026-02-18T19:16:57","guid":{"rendered":"https:\/\/modesthanim.com\/product\/yesil-erkek-bebek-duz-patik-corap-5li\/"},"modified":"2026-04-14T02:50:46","modified_gmt":"2026-04-14T02:50:46","slug":"yesil-erkek-bebek-duz-patik-corap-5li","status":"publish","type":"product","link":"https:\/\/mod.wisdar.net\/tr\/urun\/yesil-erkek-bebek-duz-patik-corap-5li\/","title":{"rendered":"Ye\u015fil Erkek Bebek D\u00fcz Patik \u00c7orap 5&#8217;li"},"content":{"rendered":"<p>LCW baby Ye\u015fil Erkek Bebek D\u00fcz Patik \u00c7orap 5&#8217;li size \u00f6zel indirim, taksit ve kap\u0131da \u00f6deme avantajlar\u0131yla LCW&#8217;de! Hemen online al\u0131\u015fveri\u015f yap, \u00fcr\u00fcn kap\u0131na gelsin! \u2013 S62073Z1-TRH<\/p>\n<p>\u2014 Technical Details \u2014<br \/>\nDesen: D\u00fcz<br \/>\nPaket \u0130\u00e7eri\u011fi: 5&#8217;li Paket<br \/>\nKal\u0131nl\u0131k: Orta Kal\u0131nl\u0131k<br \/>\nMalzeme: Y\u00fcksek Pamuk \u0130\u00e7erir<br \/>\nKoleksiyon: Yenido\u011fan<br \/>\nPar\u00e7a Say\u0131s\u0131: 5 Par\u00e7a<\/p>\n","protected":false},"excerpt":{"rendered":"<p>LCW baby Ye\u015fil Erkek Bebek D\u00fcz Patik \u00c7orap 5&#8217;li size \u00f6zel indirim, taksit ve kap\u0131da \u00f6deme avantajlar\u0131yla LCW&#8217;de! Hemen online al\u0131\u015fveri\u015f yap, \u00fcr\u00fcn kap\u0131na gelsin! \u2013 S62073Z1-TRH \u2014 Technical Details \u2014 Desen: D\u00fcz Paket \u0130\u00e7eri\u011fi: 5&#8217;li Paket Kal\u0131nl\u0131k: Orta Kal\u0131nl\u0131k Malzeme: Y\u00fcksek Pamuk \u0130\u00e7erir Koleksiyon: Yenido\u011fan Par\u00e7a Say\u0131s\u0131: 5 Par\u00e7a<\/p>\n","protected":false},"featured_media":127645,"comment_status":"open","ping_status":"closed","template":"","meta":[],"product_brand":[],"product_cat":[8694,8697,8700],"product_tag":[7914,7808,7811],"class_list":{"0":"post-127647","1":"product","2":"type-product","3":"status-publish","4":"has-post-thumbnail","6":"product_cat-cocuklar","7":"product_cat-yenidogan-0-12-ay","8":"product_cat-yenidogan-giyim","9":"product_tag-orta-kalinlik","10":"product_tag-solid","11":"product_tag-yuksek-pamuk-icerigi","12":"pa_brand-lcw-baby","13":"pa_color-yesil","14":"pa_size-14-16-1-6-ay","15":"pa_size-17-18-6-12-ay","16":"pa_size-19-22-12-24-ay","17":"pa_size-22-24-24-36-ay","18":"pa_size-23-26-3-4-yas","19":"pa_size-5-6-yas","21":"first","22":"instock","23":"sale","24":"shipping-taxable","25":"purchasable","26":"product-type-variable"},"_links":{"self":[{"href":"https:\/\/mod.wisdar.net\/tr\/wp-json\/wp\/v2\/product\/127647","targetHints":{"allow":["GET"]}}],"collection":[{"href":"https:\/\/mod.wisdar.net\/tr\/wp-json\/wp\/v2\/product"}],"about":[{"href":"https:\/\/mod.wisdar.net\/tr\/wp-json\/wp\/v2\/types\/product"}],"replies":[{"embeddable":true,"href":"https:\/\/mod.wisdar.net\/tr\/wp-json\/wp\/v2\/comments?post=127647"}],"wp:featuredmedia":[{"embeddable":true,"href":"https:\/\/mod.wisdar.net\/tr\/wp-json\/wp\/v2\/media\/127645"}],"wp:attachment":[{"href":"https:\/\/mod.wisdar.net\/tr\/wp-json\/wp\/v2\/media?parent=127647"}],"wp:term":[{"taxonomy":"product_brand","embeddable":true,"href":"https:\/\/mod.wisdar.net\/tr\/wp-json\/wp\/v2\/product_brand?post=127647"},{"taxonomy":"product_cat","embeddable":true,"href":"https:\/\/mod.wisdar.net\/tr\/wp-json\/wp\/v2\/product_cat?post=127647"},{"taxonomy":"product_tag","embeddable":true,"href":"https:\/\/mod.wisdar.net\/tr\/wp-json\/wp\/v2\/product_tag?post=127647"}],"curies":[{"name":"wp","href":"https:\/\/api.w.org\/{rel}","templated":true}]}}