{"id":127695,"date":"2026-02-18T19:17:35","date_gmt":"2026-02-18T19:17:35","guid":{"rendered":"https:\/\/modesthanim.com\/product\/ekru-desenli-patik-corap-erkek-bebek-5li\/"},"modified":"2026-04-14T02:52:34","modified_gmt":"2026-04-14T02:52:34","slug":"ekru-desenli-patik-corap-erkek-bebek-5li","status":"publish","type":"product","link":"https:\/\/mod.wisdar.net\/tr\/urun\/ekru-desenli-patik-corap-erkek-bebek-5li\/","title":{"rendered":"Ekru Desenli Patik \u00c7orap Erkek Bebek 5&#8217;li"},"content":{"rendered":"<p>LCW Kids Ekru Desenli Patik \u00c7orap Erkek Bebek 5&#8217;li size \u00f6zel indirim, taksit ve kap\u0131da \u00f6deme avantajlar\u0131yla LCW&#8217;de! Hemen online al\u0131\u015fveri\u015f yap, \u00fcr\u00fcn kap\u0131na gelsin! \u2013 S62103Z1-D5H<\/p>\n<p>\u2014 Technical Details \u2014<br \/>\ngtin13: 8684693235257<br \/>\ngender: Erkek Bebek<br \/>\npattern: Desenli<br \/>\npackage_content: 5&#8217;li Paket<br \/>\nmaterial: Y\u00fcksek Pamuk \u0130\u00e7erir<br \/>\npiece_count: 5 Par\u00e7a<br \/>\nproduct_type: Patik \u00c7orap<\/p>\n","protected":false},"excerpt":{"rendered":"<p>LCW Kids Ekru Desenli Patik \u00c7orap Erkek Bebek 5&#8217;li size \u00f6zel indirim, taksit ve kap\u0131da \u00f6deme avantajlar\u0131yla LCW&#8217;de! Hemen online al\u0131\u015fveri\u015f yap, \u00fcr\u00fcn kap\u0131na gelsin! \u2013 S62103Z1-D5H \u2014 Technical Details \u2014 gtin13: 8684693235257 gender: Erkek Bebek pattern: Desenli package_content: 5&#8217;li Paket material: Y\u00fcksek Pamuk \u0130\u00e7erir piece_count: 5 Par\u00e7a product_type: Patik \u00c7orap<\/p>\n","protected":false},"featured_media":127692,"comment_status":"open","ping_status":"closed","template":"","meta":[],"product_brand":[],"product_cat":[8694,8697,8700],"product_tag":[9523,9954,9967,9503,9966],"class_list":{"0":"post-127695","1":"product","2":"type-product","3":"status-publish","4":"has-post-thumbnail","6":"product_cat-cocuklar","7":"product_cat-yenidogan-0-12-ay","8":"product_cat-yenidogan-giyim","9":"product_tag-5-pack","10":"product_tag-baby-boy-socks","11":"product_tag-beige-baby-socks","12":"product_tag-infant-footwear","13":"product_tag-patterned-booties","14":"pa_brand-lcw-kids","15":"pa_color-ekru-melanj","16":"pa_size-14-16-1-6-ay","17":"pa_size-17-18-6-12-ay","18":"pa_size-19-22-12-24-ay","19":"pa_size-22-24-24-36-ay","20":"pa_size-23-26-3-4-yas","21":"pa_size-5-6-yas","23":"first","24":"instock","25":"sale","26":"shipping-taxable","27":"purchasable","28":"product-type-variable"},"_links":{"self":[{"href":"https:\/\/mod.wisdar.net\/tr\/wp-json\/wp\/v2\/product\/127695","targetHints":{"allow":["GET"]}}],"collection":[{"href":"https:\/\/mod.wisdar.net\/tr\/wp-json\/wp\/v2\/product"}],"about":[{"href":"https:\/\/mod.wisdar.net\/tr\/wp-json\/wp\/v2\/types\/product"}],"replies":[{"embeddable":true,"href":"https:\/\/mod.wisdar.net\/tr\/wp-json\/wp\/v2\/comments?post=127695"}],"wp:featuredmedia":[{"embeddable":true,"href":"https:\/\/mod.wisdar.net\/tr\/wp-json\/wp\/v2\/media\/127692"}],"wp:attachment":[{"href":"https:\/\/mod.wisdar.net\/tr\/wp-json\/wp\/v2\/media?parent=127695"}],"wp:term":[{"taxonomy":"product_brand","embeddable":true,"href":"https:\/\/mod.wisdar.net\/tr\/wp-json\/wp\/v2\/product_brand?post=127695"},{"taxonomy":"product_cat","embeddable":true,"href":"https:\/\/mod.wisdar.net\/tr\/wp-json\/wp\/v2\/product_cat?post=127695"},{"taxonomy":"product_tag","embeddable":true,"href":"https:\/\/mod.wisdar.net\/tr\/wp-json\/wp\/v2\/product_tag?post=127695"}],"curies":[{"name":"wp","href":"https:\/\/api.w.org\/{rel}","templated":true}]}}