{"id":127885,"date":"2026-02-18T19:20:38","date_gmt":"2026-02-18T19:20:38","guid":{"rendered":"https:\/\/modesthanim.com\/product\/ekru-kiz-bebek-kulotlu-corap-2li\/"},"modified":"2026-04-14T03:02:10","modified_gmt":"2026-04-14T03:02:10","slug":"ekru-kiz-bebek-kulotlu-corap-2li","status":"publish","type":"product","link":"https:\/\/mod.wisdar.net\/tr\/urun\/ekru-kiz-bebek-kulotlu-corap-2li\/","title":{"rendered":"Ekru K\u0131z Bebek K\u00fclotlu \u00c7orap 2&#8217;li"},"content":{"rendered":"<p>LCW baby Ekru K\u0131z Bebek K\u00fclotlu \u00c7orap 2&#8217;li size \u00f6zel indirim, taksit ve kap\u0131da \u00f6deme avantajlar\u0131yla LCW&#8217;de! Hemen online al\u0131\u015fveri\u015f yap, \u00fcr\u00fcn kap\u0131na gelsin! \u2013 S61950Z1-D5H<\/p>\n<p>\u2014 Technical Details \u2014<br \/>\nSat\u0131c\u0131: LC Waikiki<br \/>\nMarka: LCW baby<br \/>\n\u00dcr\u00fcn Tipi: K\u00fclotlu \u00c7orap<br \/>\nCinsiyet: K\u0131z Bebek<br \/>\nKal\u0131p: Standart &amp; Regular<br \/>\nDesen: D\u00fcz<br \/>\nKal\u0131nl\u0131k: Orta Kal\u0131nl\u0131k<br \/>\nPaket \u0130\u00e7eri\u011fi: 2&#8217;li Paket<br \/>\nMalzeme: Y\u00fcksek Pamuk \u0130\u00e7erir<br \/>\nKoleksiyon: Yenido\u011fan<br \/>\nPar\u00e7a Say\u0131s\u0131: 2 Par\u00e7a<\/p>\n","protected":false},"excerpt":{"rendered":"<p>LCW baby Ekru K\u0131z Bebek K\u00fclotlu \u00c7orap 2&#8217;li size \u00f6zel indirim, taksit ve kap\u0131da \u00f6deme avantajlar\u0131yla LCW&#8217;de! Hemen online al\u0131\u015fveri\u015f yap, \u00fcr\u00fcn kap\u0131na gelsin! \u2013 S61950Z1-D5H \u2014 Technical Details \u2014 Sat\u0131c\u0131: LC Waikiki Marka: LCW baby \u00dcr\u00fcn Tipi: K\u00fclotlu \u00c7orap Cinsiyet: K\u0131z Bebek Kal\u0131p: Standart &amp; Regular Desen: D\u00fcz Kal\u0131nl\u0131k: Orta Kal\u0131nl\u0131k Paket \u0130\u00e7eri\u011fi: 2&#8217;li [&hellip;]<\/p>\n","protected":false},"featured_media":127880,"comment_status":"open","ping_status":"closed","template":"","meta":[],"product_brand":[],"product_cat":[8733,8715,8694,8697,8700],"product_tag":[4560,7802,7914,7811],"class_list":{"0":"post-127885","1":"product","2":"type-product","3":"status-publish","4":"has-post-thumbnail","6":"product_cat-ic-giyim","7":"product_cat-kiz-cocuklari-2-14-yas","8":"product_cat-cocuklar","9":"product_cat-yenidogan-0-12-ay","10":"product_cat-yenidogan-giyim","11":"product_tag-2-pieces","12":"product_tag-duz","13":"product_tag-orta-kalinlik","14":"product_tag-yuksek-pamuk-icerigi","15":"pa_brand-lcw-baby","16":"pa_color-ekru","17":"pa_size-0-6-ay","18":"pa_size-1-2-yas","19":"pa_size-2-3-yas","20":"pa_size-3-4-yas","21":"pa_size-5-6-yas","22":"pa_size-6-12-ay","24":"first","25":"instock","26":"sale","27":"shipping-taxable","28":"purchasable","29":"product-type-variable"},"_links":{"self":[{"href":"https:\/\/mod.wisdar.net\/tr\/wp-json\/wp\/v2\/product\/127885","targetHints":{"allow":["GET"]}}],"collection":[{"href":"https:\/\/mod.wisdar.net\/tr\/wp-json\/wp\/v2\/product"}],"about":[{"href":"https:\/\/mod.wisdar.net\/tr\/wp-json\/wp\/v2\/types\/product"}],"replies":[{"embeddable":true,"href":"https:\/\/mod.wisdar.net\/tr\/wp-json\/wp\/v2\/comments?post=127885"}],"wp:featuredmedia":[{"embeddable":true,"href":"https:\/\/mod.wisdar.net\/tr\/wp-json\/wp\/v2\/media\/127880"}],"wp:attachment":[{"href":"https:\/\/mod.wisdar.net\/tr\/wp-json\/wp\/v2\/media?parent=127885"}],"wp:term":[{"taxonomy":"product_brand","embeddable":true,"href":"https:\/\/mod.wisdar.net\/tr\/wp-json\/wp\/v2\/product_brand?post=127885"},{"taxonomy":"product_cat","embeddable":true,"href":"https:\/\/mod.wisdar.net\/tr\/wp-json\/wp\/v2\/product_cat?post=127885"},{"taxonomy":"product_tag","embeddable":true,"href":"https:\/\/mod.wisdar.net\/tr\/wp-json\/wp\/v2\/product_tag?post=127885"}],"curies":[{"name":"wp","href":"https:\/\/api.w.org\/{rel}","templated":true}]}}