{"id":127917,"date":"2026-02-18T19:21:02","date_gmt":"2026-02-18T19:21:02","guid":{"rendered":"https:\/\/modesthanim.com\/product\/ekru-puantiyeli-kiz-bebek-kulotlu-corap-2li\/"},"modified":"2026-04-07T03:00:41","modified_gmt":"2026-04-07T03:00:41","slug":"ekru-puantiyeli-kiz-bebek-kulotlu-corap-2li","status":"publish","type":"product","link":"https:\/\/mod.wisdar.net\/tr\/urun\/ekru-puantiyeli-kiz-bebek-kulotlu-corap-2li\/","title":{"rendered":"Ekru Puantiyeli K\u0131z Bebek K\u00fclotlu \u00c7orap 2&#8217;li"},"content":{"rendered":"<p>LCW baby Ekru Puantiyeli K\u0131z Bebek K\u00fclotlu \u00c7orap 2&#8217;li size \u00f6zel indirim, taksit ve kap\u0131da \u00f6deme avantajlar\u0131yla LCW&#8217;de! Hemen online al\u0131\u015fveri\u015f yap, \u00fcr\u00fcn kap\u0131na gelsin! \u2013 S61954Z1-FDU<\/p>\n<p>\u2014 Technical Details \u2014<br \/>\nMen\u015fei: Turk\u0131ye<br \/>\nSat\u0131c\u0131: LC Waikiki<br \/>\nMarka: LCW baby<br \/>\n\u00dcr\u00fcn Tipi: K\u00fclotlu \u00c7orap<br \/>\nCinsiyet: K\u0131z Bebek<br \/>\nKal\u0131p: Standart &amp; Regular<br \/>\nDesen: Puantiye<br \/>\nKal\u0131nl\u0131k: Orta Kal\u0131nl\u0131k<br \/>\nPaket \u0130\u00e7eri\u011fi: 2&#8217;li Paket<br \/>\nMalzeme: Y\u00fcksek Pamuk \u0130\u00e7erir<br \/>\nPar\u00e7a Say\u0131s\u0131: 2 Par\u00e7a<\/p>\n","protected":false},"excerpt":{"rendered":"<p>LCW baby Ekru Puantiyeli K\u0131z Bebek K\u00fclotlu \u00c7orap 2&#8217;li size \u00f6zel indirim, taksit ve kap\u0131da \u00f6deme avantajlar\u0131yla LCW&#8217;de! Hemen online al\u0131\u015fveri\u015f yap, \u00fcr\u00fcn kap\u0131na gelsin! \u2013 S61954Z1-FDU \u2014 Technical Details \u2014 Men\u015fei: Turk\u0131ye Sat\u0131c\u0131: LC Waikiki Marka: LCW baby \u00dcr\u00fcn Tipi: K\u00fclotlu \u00c7orap Cinsiyet: K\u0131z Bebek Kal\u0131p: Standart &amp; Regular Desen: Puantiye Kal\u0131nl\u0131k: Orta Kal\u0131nl\u0131k [&hellip;]<\/p>\n","protected":false},"featured_media":127914,"comment_status":"open","ping_status":"closed","template":"","meta":[],"product_brand":[],"product_cat":[8733,8715,8694,8697,8700],"product_tag":[9973,9950,9953,9974,8930,9972],"class_list":{"0":"post-127917","1":"product","2":"type-product","3":"status-publish","4":"has-post-thumbnail","6":"product_cat-ic-giyim","7":"product_cat-kiz-cocuklari-2-14-yas","8":"product_cat-cocuklar","9":"product_cat-yenidogan-0-12-ay","10":"product_cat-yenidogan-giyim","11":"product_tag-2-pack-tights","12":"product_tag-baby-girl-tights","13":"product_tag-cotton-tights","14":"product_tag-ecru-tights","15":"product_tag-infant-clothing","16":"product_tag-polka-dot-tights","17":"pa_brand-lcw-baby","18":"pa_color-ekru","19":"pa_size-0-6-ay","20":"pa_size-1-2-yas","21":"pa_size-2-3-yas","22":"pa_size-3-4-yas","23":"pa_size-5-6-yas","24":"pa_size-6-12-ay","26":"first","27":"instock","28":"sale","29":"shipping-taxable","30":"purchasable","31":"product-type-variable"},"_links":{"self":[{"href":"https:\/\/mod.wisdar.net\/tr\/wp-json\/wp\/v2\/product\/127917","targetHints":{"allow":["GET"]}}],"collection":[{"href":"https:\/\/mod.wisdar.net\/tr\/wp-json\/wp\/v2\/product"}],"about":[{"href":"https:\/\/mod.wisdar.net\/tr\/wp-json\/wp\/v2\/types\/product"}],"replies":[{"embeddable":true,"href":"https:\/\/mod.wisdar.net\/tr\/wp-json\/wp\/v2\/comments?post=127917"}],"wp:featuredmedia":[{"embeddable":true,"href":"https:\/\/mod.wisdar.net\/tr\/wp-json\/wp\/v2\/media\/127914"}],"wp:attachment":[{"href":"https:\/\/mod.wisdar.net\/tr\/wp-json\/wp\/v2\/media?parent=127917"}],"wp:term":[{"taxonomy":"product_brand","embeddable":true,"href":"https:\/\/mod.wisdar.net\/tr\/wp-json\/wp\/v2\/product_brand?post=127917"},{"taxonomy":"product_cat","embeddable":true,"href":"https:\/\/mod.wisdar.net\/tr\/wp-json\/wp\/v2\/product_cat?post=127917"},{"taxonomy":"product_tag","embeddable":true,"href":"https:\/\/mod.wisdar.net\/tr\/wp-json\/wp\/v2\/product_tag?post=127917"}],"curies":[{"name":"wp","href":"https:\/\/api.w.org\/{rel}","templated":true}]}}