{"id":12802,"date":"2025-11-01T21:33:07","date_gmt":"2025-11-01T21:33:07","guid":{"rendered":"https:\/\/modesthanim.com\/product\/indigo-nakisli-keten-gomlek\/"},"modified":"2026-02-18T23:31:13","modified_gmt":"2026-02-18T23:31:13","slug":"indigo-nakisli-keten-gomlek","status":"publish","type":"product","link":"https:\/\/mod.wisdar.net\/tr\/urun\/indigo-nakisli-keten-gomlek\/","title":{"rendered":"\u0130ndigo Nak\u0131\u015fl\u0131 Keten G\u00f6mlek"},"content":{"rendered":"<p>\u0130ndigo Nak\u0131\u015fl\u0131 Keten G\u00f6mlek ile modern ve rahat bir stil yakalay\u0131n. ALLDAY&#8217;\u0131n G\u00f6mlek kategorisindeki di\u011fer modelleri ke\u015ffedin. K\u0131yafetinizi \u0130ndigo Nak\u0131\u015fl\u0131 Keten G\u00f6mlek ile tamamlamak i\u00e7in hemen ke\u015ffedin!<\/p>\n<p>\u2014 Teknik Detaylar \u2014<br \/>\nMevsim: 25-Yaz Rpt<br \/>\nCep Detay\u0131: Cepsiz<br \/>\nYaka: G\u00f6mlek Yaka<br \/>\nKol Deseni: D\u00fc\u015f\u00fck<br \/>\nBoyut \/ Uzunluk: 85 CM<br \/>\nTasar\u0131m D\u00f6nemi: 25-Yaz<br \/>\nKal\u0131p: RAHAT<br \/>\nBel: Bel<br \/>\nDesen: Nak\u0131\u015fl\u0131<br \/>\nTema: 3.ZENG\u0130N<br \/>\n\u00c7izgi: ZARAFET<br \/>\n\u00dcr\u00fcn Lig: A Kalite<br \/>\nSezon Sat\u0131\u015f D\u00f6nemi: Yaz<br \/>\nMalzeme T\u00fcr\u00fc: Dokuma<\/p>\n","protected":false},"excerpt":{"rendered":"<p>\u0130ndigo Nak\u0131\u015fl\u0131 Keten G\u00f6mlek ile modern ve rahat bir stil yakalay\u0131n. ALLDAY&#8217;\u0131n G\u00f6mlek kategorisindeki di\u011fer modelleri ke\u015ffedin. K\u0131yafetinizi \u0130ndigo Nak\u0131\u015fl\u0131 Keten G\u00f6mlek ile tamamlamak i\u00e7in hemen ke\u015ffedin! \u2014 Teknik Detaylar \u2014 Mevsim: 25-Yaz Rpt Cep Detay\u0131: Cepsiz Yaka: G\u00f6mlek Yaka Kol Deseni: D\u00fc\u015f\u00fck Boyut \/ Uzunluk: 85 CM Tasar\u0131m D\u00f6nemi: 25-Yaz Kal\u0131p: RAHAT Bel: Bel [&hellip;]<\/p>\n","protected":false},"featured_media":0,"comment_status":"open","ping_status":"closed","template":"","meta":[],"product_brand":[],"product_cat":[1909],"product_tag":[4861,4998,5013,6751],"class_list":{"0":"post-12802","1":"product","2":"type-product","3":"status-publish","5":"product_cat-bluzlar-ve-gomlekler","6":"product_tag-allday","7":"product_tag-indigo","8":"product_tag-modern","9":"product_tag-rahat","10":"pa_brand-allday","11":"pa_color-indigo","12":"pa_size-4701","13":"pa_size-4706","14":"pa_size-4711","15":"pa_size-4713","16":"pa_size-4751","18":"first","19":"instock","20":"sale","21":"shipping-taxable","22":"purchasable","23":"product-type-variable"},"_links":{"self":[{"href":"https:\/\/mod.wisdar.net\/tr\/wp-json\/wp\/v2\/product\/12802","targetHints":{"allow":["GET"]}}],"collection":[{"href":"https:\/\/mod.wisdar.net\/tr\/wp-json\/wp\/v2\/product"}],"about":[{"href":"https:\/\/mod.wisdar.net\/tr\/wp-json\/wp\/v2\/types\/product"}],"replies":[{"embeddable":true,"href":"https:\/\/mod.wisdar.net\/tr\/wp-json\/wp\/v2\/comments?post=12802"}],"wp:attachment":[{"href":"https:\/\/mod.wisdar.net\/tr\/wp-json\/wp\/v2\/media?parent=12802"}],"wp:term":[{"taxonomy":"product_brand","embeddable":true,"href":"https:\/\/mod.wisdar.net\/tr\/wp-json\/wp\/v2\/product_brand?post=12802"},{"taxonomy":"product_cat","embeddable":true,"href":"https:\/\/mod.wisdar.net\/tr\/wp-json\/wp\/v2\/product_cat?post=12802"},{"taxonomy":"product_tag","embeddable":true,"href":"https:\/\/mod.wisdar.net\/tr\/wp-json\/wp\/v2\/product_tag?post=12802"}],"curies":[{"name":"wp","href":"https:\/\/api.w.org\/{rel}","templated":true}]}}