{"id":128032,"date":"2026-02-18T19:23:27","date_gmt":"2026-02-18T19:23:27","guid":{"rendered":"https:\/\/modesthanim.com\/product\/beli-lastikli-unisex-bebek-alistirma-kulot-2li\/"},"modified":"2026-03-31T03:02:46","modified_gmt":"2026-03-31T03:02:46","slug":"beli-lastikli-unisex-bebek-alistirma-kulot-2li","status":"publish","type":"product","link":"https:\/\/mod.wisdar.net\/tr\/urun\/beli-lastikli-unisex-bebek-alistirma-kulot-2li\/","title":{"rendered":"Beli Lastikli Unisex Bebek Al\u0131\u015ft\u0131rma K\u00fclot 2&#8217;li"},"content":{"rendered":"<p>LCW baby Beli Lastikli Unisex Bebek Al\u0131\u015ft\u0131rma K\u00fclot 2&#8217;li size \u00f6zel indirim, taksit ve kap\u0131da \u00f6deme avantajlar\u0131yla LCW&#8217;de! Hemen online al\u0131\u015fveri\u015f yap, \u00fcr\u00fcn kap\u0131na gelsin! \u2013 S5G826Z1-LRA<\/p>\n<p>\u2014 Technical Details \u2014<br \/>\nMen\u015fei: Turk\u0131ye<br \/>\nSat\u0131c\u0131: LC Waikiki<br \/>\nMarka: LCW baby<br \/>\n\u00dcr\u00fcn Tipi: Al\u0131\u015ft\u0131rma K\u00fclot<br \/>\nCinsiyet: Unisex<br \/>\nDesen: Bask\u0131l\u0131<br \/>\nMalzeme: Y\u00fcksek Pamuk \u0130\u00e7erir<br \/>\nPaket \u0130\u00e7eri\u011fi: 2&#8217;li Paket<br \/>\nPar\u00e7a Say\u0131s\u0131: 2 Par\u00e7a<br \/>\nAstar Detay: Astarl\u0131<br \/>\nKal\u0131p: Standart &amp; Regular<\/p>\n","protected":false},"excerpt":{"rendered":"<p>LCW baby Beli Lastikli Unisex Bebek Al\u0131\u015ft\u0131rma K\u00fclot 2&#8217;li size \u00f6zel indirim, taksit ve kap\u0131da \u00f6deme avantajlar\u0131yla LCW&#8217;de! Hemen online al\u0131\u015fveri\u015f yap, \u00fcr\u00fcn kap\u0131na gelsin! \u2013 S5G826Z1-LRA \u2014 Technical Details \u2014 Men\u015fei: Turk\u0131ye Sat\u0131c\u0131: LC Waikiki Marka: LCW baby \u00dcr\u00fcn Tipi: Al\u0131\u015ft\u0131rma K\u00fclot Cinsiyet: Unisex Desen: Bask\u0131l\u0131 Malzeme: Y\u00fcksek Pamuk \u0130\u00e7erir Paket \u0130\u00e7eri\u011fi: 2&#8217;li Paket [&hellip;]<\/p>\n","protected":false},"featured_media":128027,"comment_status":"open","ping_status":"closed","template":"","meta":[],"product_brand":[],"product_cat":[8739,8757,8694],"product_tag":[6765],"class_list":{"0":"post-128032","1":"product","2":"type-product","3":"status-publish","4":"has-post-thumbnail","6":"product_cat-erkek-cocuklar-2-14-yas","7":"product_cat-ic-giyim","8":"product_cat-cocuklar","9":"product_tag-lastikli-bel","10":"pa_brand-lcw-baby","11":"pa_color-ekru","12":"pa_size-2-3-yas","13":"pa_size-3-4-yas","15":"first","16":"outofstock","17":"shipping-taxable","18":"product-type-variable"},"_links":{"self":[{"href":"https:\/\/mod.wisdar.net\/tr\/wp-json\/wp\/v2\/product\/128032","targetHints":{"allow":["GET"]}}],"collection":[{"href":"https:\/\/mod.wisdar.net\/tr\/wp-json\/wp\/v2\/product"}],"about":[{"href":"https:\/\/mod.wisdar.net\/tr\/wp-json\/wp\/v2\/types\/product"}],"replies":[{"embeddable":true,"href":"https:\/\/mod.wisdar.net\/tr\/wp-json\/wp\/v2\/comments?post=128032"}],"wp:featuredmedia":[{"embeddable":true,"href":"https:\/\/mod.wisdar.net\/tr\/wp-json\/wp\/v2\/media\/128027"}],"wp:attachment":[{"href":"https:\/\/mod.wisdar.net\/tr\/wp-json\/wp\/v2\/media?parent=128032"}],"wp:term":[{"taxonomy":"product_brand","embeddable":true,"href":"https:\/\/mod.wisdar.net\/tr\/wp-json\/wp\/v2\/product_brand?post=128032"},{"taxonomy":"product_cat","embeddable":true,"href":"https:\/\/mod.wisdar.net\/tr\/wp-json\/wp\/v2\/product_cat?post=128032"},{"taxonomy":"product_tag","embeddable":true,"href":"https:\/\/mod.wisdar.net\/tr\/wp-json\/wp\/v2\/product_tag?post=128032"}],"curies":[{"name":"wp","href":"https:\/\/api.w.org\/{rel}","templated":true}]}}