{"id":128097,"date":"2026-02-18T19:24:36","date_gmt":"2026-02-18T19:24:36","guid":{"rendered":"https:\/\/modesthanim.com\/product\/beli-lastikli-unisex-cocuk-alistirma-kulot-2li\/"},"modified":"2026-02-24T22:51:39","modified_gmt":"2026-02-24T22:51:39","slug":"beli-lastikli-unisex-cocuk-alistirma-kulot-2li","status":"publish","type":"product","link":"https:\/\/mod.wisdar.net\/tr\/urun\/beli-lastikli-unisex-cocuk-alistirma-kulot-2li\/","title":{"rendered":"Beli Lastikli Un\u0131sex \u00c7ocuk Al\u0131\u015ft\u0131rma K\u00fclot 2&#8217;li"},"content":{"rendered":"<p>LCW Kids Beli Lastikli Un\u0131sex \u00c7ocuk Al\u0131\u015ft\u0131rma K\u00fclot 2&#8217;li size \u00f6zel indirim, taksit ve kap\u0131da \u00f6deme avantajlar\u0131yla LCW&#8217;de! Hemen online al\u0131\u015fveri\u015f yap, \u00fcr\u00fcn kap\u0131na gelsin! \u2013 S5ME16Z1-Z1C<\/p>\n<p>\u2014 Technical Details \u2014<br \/>\nMen\u015fei: T\u00fcrkiye<br \/>\nSat\u0131c\u0131: LC Waikiki<br \/>\nMarka: LCW Kids<br \/>\n\u00dcr\u00fcn Tipi: Al\u0131\u015ft\u0131rma K\u00fclot<br \/>\nCinsiyet: Tan\u0131ms\u0131z<br \/>\nDesen: D\u00fcz<br \/>\nMalzeme: Y\u00fcksek Pamuk \u0130\u00e7erir<br \/>\nPaket \u0130\u00e7eri\u011fi: 2&#8217;li Paket<br \/>\nPar\u00e7a Say\u0131s\u0131: 2 Par\u00e7a<\/p>\n","protected":false},"excerpt":{"rendered":"<p>LCW Kids Beli Lastikli Un\u0131sex \u00c7ocuk Al\u0131\u015ft\u0131rma K\u00fclot 2&#8217;li size \u00f6zel indirim, taksit ve kap\u0131da \u00f6deme avantajlar\u0131yla LCW&#8217;de! Hemen online al\u0131\u015fveri\u015f yap, \u00fcr\u00fcn kap\u0131na gelsin! \u2013 S5ME16Z1-Z1C \u2014 Technical Details \u2014 Men\u015fei: T\u00fcrkiye Sat\u0131c\u0131: LC Waikiki Marka: LCW Kids \u00dcr\u00fcn Tipi: Al\u0131\u015ft\u0131rma K\u00fclot Cinsiyet: Tan\u0131ms\u0131z Desen: D\u00fcz Malzeme: Y\u00fcksek Pamuk \u0130\u00e7erir Paket \u0130\u00e7eri\u011fi: 2&#8217;li Paket [&hellip;]<\/p>\n","protected":false},"featured_media":128093,"comment_status":"open","ping_status":"closed","template":"","meta":[],"product_brand":[],"product_cat":[8733,8715,8694],"product_tag":[6765,7488],"class_list":{"0":"post-128097","1":"product","2":"type-product","3":"status-publish","4":"has-post-thumbnail","6":"product_cat-ic-giyim","7":"product_cat-kiz-cocuklari-2-14-yas","8":"product_cat-cocuklar","9":"product_tag-lastikli-bel","10":"product_tag-pamuk","11":"pa_color-pembe","12":"pa_size-2-3-yas","13":"pa_size-3-4-yas","15":"first","16":"outofstock","17":"shipping-taxable","18":"product-type-variable"},"_links":{"self":[{"href":"https:\/\/mod.wisdar.net\/tr\/wp-json\/wp\/v2\/product\/128097","targetHints":{"allow":["GET"]}}],"collection":[{"href":"https:\/\/mod.wisdar.net\/tr\/wp-json\/wp\/v2\/product"}],"about":[{"href":"https:\/\/mod.wisdar.net\/tr\/wp-json\/wp\/v2\/types\/product"}],"replies":[{"embeddable":true,"href":"https:\/\/mod.wisdar.net\/tr\/wp-json\/wp\/v2\/comments?post=128097"}],"wp:featuredmedia":[{"embeddable":true,"href":"https:\/\/mod.wisdar.net\/tr\/wp-json\/wp\/v2\/media\/128093"}],"wp:attachment":[{"href":"https:\/\/mod.wisdar.net\/tr\/wp-json\/wp\/v2\/media?parent=128097"}],"wp:term":[{"taxonomy":"product_brand","embeddable":true,"href":"https:\/\/mod.wisdar.net\/tr\/wp-json\/wp\/v2\/product_brand?post=128097"},{"taxonomy":"product_cat","embeddable":true,"href":"https:\/\/mod.wisdar.net\/tr\/wp-json\/wp\/v2\/product_cat?post=128097"},{"taxonomy":"product_tag","embeddable":true,"href":"https:\/\/mod.wisdar.net\/tr\/wp-json\/wp\/v2\/product_tag?post=128097"}],"curies":[{"name":"wp","href":"https:\/\/api.w.org\/{rel}","templated":true}]}}