{"id":128174,"date":"2026-02-18T19:25:51","date_gmt":"2026-02-18T19:25:51","guid":{"rendered":"https:\/\/modesthanim.com\/product\/ekru-bisiklet-yaka-cizgili-erkek-bebek-pijama-takimi\/"},"modified":"2026-03-31T03:01:46","modified_gmt":"2026-03-31T03:01:46","slug":"ekru-bisiklet-yaka-cizgili-erkek-bebek-pijama-takimi","status":"publish","type":"product","link":"https:\/\/mod.wisdar.net\/tr\/urun\/ekru-bisiklet-yaka-cizgili-erkek-bebek-pijama-takimi\/","title":{"rendered":"Ekru Bisiklet Yaka \u00c7izgili Erkek Bebek Pijama Tak\u0131m\u0131"},"content":{"rendered":"<p>LCW baby Ekru Bisiklet Yaka \u00c7izgili Erkek Bebek Pijama Tak\u0131m\u0131 size \u00f6zel indirim, taksit ve kap\u0131da \u00f6deme avantajlar\u0131yla LCW&#8217;de! Hemen online al\u0131\u015fveri\u015f yap, \u00fcr\u00fcn kap\u0131na gelsin! \u2013 S51760Z1-LRA<\/p>\n<p>\u2014 Technical Details \u2014<br \/>\nMen\u015fei: T\u00fcrkiye<br \/>\nSat\u0131c\u0131: LC Waikiki<br \/>\nMarka: LCW baby<br \/>\n\u00dcr\u00fcn Tipi: Pijama Tak\u0131m<br \/>\nCinsiyet: Erkek Bebek<br \/>\nKal\u0131p: S\u00fcper Skinny &amp; Ekstra Dar<br \/>\nKuma\u015f: Penye<br \/>\nBel Fiti: Beli Lastikli<br \/>\nDesen: \u00c7izgili<br \/>\nYaka: Bisiklet Yaka<br \/>\nKal\u0131nl\u0131k: Orta Kal\u0131nl\u0131k<br \/>\nKol Boyu: Uzun Kollu<br \/>\nMalzeme: Y\u00fcksek Pamuk \u0130\u00e7erir<br \/>\nKoleksiyon: Yenido\u011fan<\/p>\n","protected":false},"excerpt":{"rendered":"<p>LCW baby Ekru Bisiklet Yaka \u00c7izgili Erkek Bebek Pijama Tak\u0131m\u0131 size \u00f6zel indirim, taksit ve kap\u0131da \u00f6deme avantajlar\u0131yla LCW&#8217;de! Hemen online al\u0131\u015fveri\u015f yap, \u00fcr\u00fcn kap\u0131na gelsin! \u2013 S51760Z1-LRA \u2014 Technical Details \u2014 Men\u015fei: T\u00fcrkiye Sat\u0131c\u0131: LC Waikiki Marka: LCW baby \u00dcr\u00fcn Tipi: Pijama Tak\u0131m Cinsiyet: Erkek Bebek Kal\u0131p: S\u00fcper Skinny &amp; Ekstra Dar Kuma\u015f: Penye [&hellip;]<\/p>\n","protected":false},"featured_media":128167,"comment_status":"open","ping_status":"closed","template":"","meta":[],"product_brand":[],"product_cat":[8703,8694,8697],"product_tag":[9988,9790,9364,9990,8834,8867,9989],"class_list":{"0":"post-128174","1":"product","2":"type-product","3":"status-publish","4":"has-post-thumbnail","6":"product_cat-bebek-setleri","7":"product_cat-cocuklar","8":"product_cat-yenidogan-0-12-ay","9":"product_tag-baby-sleepwear","10":"product_tag-boys-pajamas","11":"product_tag-cotton-pajamas","12":"product_tag-crew-neck-pajamas","13":"product_tag-lcw-baby","14":"product_tag-newborn-clothing","15":"product_tag-striped-pajama-set","16":"pa_brand-lcw-baby","17":"pa_color-ekru","18":"pa_size-12-18-ay","19":"pa_size-18-24-ay","20":"pa_size-24-36-ay","21":"pa_size-3-6-ay","22":"pa_size-6-9-ay","23":"pa_size-9-12-ay","25":"first","26":"outofstock","27":"shipping-taxable","28":"product-type-variable"},"_links":{"self":[{"href":"https:\/\/mod.wisdar.net\/tr\/wp-json\/wp\/v2\/product\/128174","targetHints":{"allow":["GET"]}}],"collection":[{"href":"https:\/\/mod.wisdar.net\/tr\/wp-json\/wp\/v2\/product"}],"about":[{"href":"https:\/\/mod.wisdar.net\/tr\/wp-json\/wp\/v2\/types\/product"}],"replies":[{"embeddable":true,"href":"https:\/\/mod.wisdar.net\/tr\/wp-json\/wp\/v2\/comments?post=128174"}],"wp:featuredmedia":[{"embeddable":true,"href":"https:\/\/mod.wisdar.net\/tr\/wp-json\/wp\/v2\/media\/128167"}],"wp:attachment":[{"href":"https:\/\/mod.wisdar.net\/tr\/wp-json\/wp\/v2\/media?parent=128174"}],"wp:term":[{"taxonomy":"product_brand","embeddable":true,"href":"https:\/\/mod.wisdar.net\/tr\/wp-json\/wp\/v2\/product_brand?post=128174"},{"taxonomy":"product_cat","embeddable":true,"href":"https:\/\/mod.wisdar.net\/tr\/wp-json\/wp\/v2\/product_cat?post=128174"},{"taxonomy":"product_tag","embeddable":true,"href":"https:\/\/mod.wisdar.net\/tr\/wp-json\/wp\/v2\/product_tag?post=128174"}],"curies":[{"name":"wp","href":"https:\/\/api.w.org\/{rel}","templated":true}]}}