{"id":12823,"date":"2025-11-01T21:33:31","date_gmt":"2025-11-01T21:33:31","guid":{"rendered":"https:\/\/modesthanim.com\/product\/bej-firfirli-yaka-baglamali-uzun-gomlek\/"},"modified":"2026-02-18T23:32:39","modified_gmt":"2026-02-18T23:32:39","slug":"bej-firfirli-yaka-baglamali-uzun-gomlek","status":"publish","type":"product","link":"https:\/\/mod.wisdar.net\/tr\/urun\/bej-firfirli-yaka-baglamali-uzun-gomlek\/","title":{"rendered":"Bej F\u0131rf\u0131rl\u0131 Yaka Ba\u011flamal\u0131 Uzun G\u00f6mlek"},"content":{"rendered":"<p>Bej F\u0131rf\u0131rl\u0131 Yaka Ba\u011flamal\u0131 Uzun G\u00f6mle\u011fimiz ile modern ve rahat bir stil yakalay\u0131n. ALLDAY&#8217;in G\u00f6mlek kategorisindeki di\u011fer modelleri ke\u015ffedin. K\u0131yafetinizi tamamlamak i\u00e7in hemen ke\u015ffedin!<\/p>\n<p>\u2014 Teknik Detaylar \u2014<br \/>\nKuma\u015f Grubu: Pamuk Polyester<br \/>\nCep Detay\u0131: Cep Yok<br \/>\nYaka: F\u0131rf\u0131rl\u0131<br \/>\nKol Tipi: Ba\u011fl\u0131<br \/>\nBoy \/ Uzunluk: 105 CM<br \/>\nTasar\u0131m D\u00f6nemi: 25-Yaz<br \/>\nKal\u0131p: RAHAT<br \/>\nBel: Y\u0131rtma\u00e7<br \/>\nDesen: D\u00fcz<br \/>\nTema: 4.WISPY<br \/>\n\u00c7izgi: G\u00dcNL\u00dcK<br \/>\n\u00dcr\u00fcn Kalitesi: A S\u0131n\u0131f\u0131<br \/>\nSat\u0131\u015f Sezonu: Yaz<br \/>\nMalzeme Tipi: Dokuma<br \/>\nSezon: 25-Yaz<\/p>\n","protected":false},"excerpt":{"rendered":"<p>Bej F\u0131rf\u0131rl\u0131 Yaka Ba\u011flamal\u0131 Uzun G\u00f6mle\u011fimiz ile modern ve rahat bir stil yakalay\u0131n. ALLDAY&#8217;in G\u00f6mlek kategorisindeki di\u011fer modelleri ke\u015ffedin. K\u0131yafetinizi tamamlamak i\u00e7in hemen ke\u015ffedin! \u2014 Teknik Detaylar \u2014 Kuma\u015f Grubu: Pamuk Polyester Cep Detay\u0131: Cep Yok Yaka: F\u0131rf\u0131rl\u0131 Kol Tipi: Ba\u011fl\u0131 Boy \/ Uzunluk: 105 CM Tasar\u0131m D\u00f6nemi: 25-Yaz Kal\u0131p: RAHAT Bel: Y\u0131rtma\u00e7 Desen: D\u00fcz [&hellip;]<\/p>\n","protected":false},"featured_media":0,"comment_status":"open","ping_status":"closed","template":"","meta":[],"product_brand":[],"product_cat":[1909],"product_tag":[6753,5013,6751],"class_list":{"0":"post-12823","1":"product","2":"type-product","3":"status-publish","5":"product_cat-bluzlar-ve-gomlekler","6":"product_tag-bej","7":"product_tag-modern","8":"product_tag-rahat","9":"pa_brand-allday","10":"pa_color-bej","11":"pa_size-4701","12":"pa_size-4706","13":"pa_size-4711","14":"pa_size-4713","15":"pa_size-4751","17":"first","18":"instock","19":"sale","20":"shipping-taxable","21":"purchasable","22":"product-type-variable"},"_links":{"self":[{"href":"https:\/\/mod.wisdar.net\/tr\/wp-json\/wp\/v2\/product\/12823","targetHints":{"allow":["GET"]}}],"collection":[{"href":"https:\/\/mod.wisdar.net\/tr\/wp-json\/wp\/v2\/product"}],"about":[{"href":"https:\/\/mod.wisdar.net\/tr\/wp-json\/wp\/v2\/types\/product"}],"replies":[{"embeddable":true,"href":"https:\/\/mod.wisdar.net\/tr\/wp-json\/wp\/v2\/comments?post=12823"}],"wp:attachment":[{"href":"https:\/\/mod.wisdar.net\/tr\/wp-json\/wp\/v2\/media?parent=12823"}],"wp:term":[{"taxonomy":"product_brand","embeddable":true,"href":"https:\/\/mod.wisdar.net\/tr\/wp-json\/wp\/v2\/product_brand?post=12823"},{"taxonomy":"product_cat","embeddable":true,"href":"https:\/\/mod.wisdar.net\/tr\/wp-json\/wp\/v2\/product_cat?post=12823"},{"taxonomy":"product_tag","embeddable":true,"href":"https:\/\/mod.wisdar.net\/tr\/wp-json\/wp\/v2\/product_tag?post=12823"}],"curies":[{"name":"wp","href":"https:\/\/api.w.org\/{rel}","templated":true}]}}