{"id":128390,"date":"2026-02-18T19:28:31","date_gmt":"2026-02-18T19:28:31","guid":{"rendered":"https:\/\/modesthanim.com\/product\/pamuklu-tisort\/"},"modified":"2026-04-04T20:34:03","modified_gmt":"2026-04-04T20:34:03","slug":"pamuklu-tisort","status":"publish","type":"product","link":"https:\/\/mod.wisdar.net\/tr\/urun\/pamuklu-tisort\/","title":{"rendered":"Pamuklu Ti\u015f\u00f6rt"},"content":{"rendered":"<p>Pamuklu jarse ti\u015f\u00f6rt.<\/p>\n<p>\u2014 Technical Details \u2014<br \/>\nweight: 160 g<br \/>\nconcept: BASICS<br \/>\ndescription: Beyaz, D\u00fcz renkli<br \/>\ngarment_length: Normal uzunlukta<br \/>\nsleeve_length: K\u0131sa kollu<br \/>\nfit: Normal kesim<br \/>\nneck_line_style: Yuvarlak yakal\u0131<br \/>\nquantity_sales_mode: Tek<br \/>\nmaterial: Pamuk, Jarse<\/p>\n","protected":false},"excerpt":{"rendered":"<p>Pamuklu jarse ti\u015f\u00f6rt. \u2014 Technical Details \u2014 weight: 160 g concept: BASICS description: Beyaz, D\u00fcz renkli garment_length: Normal uzunlukta sleeve_length: K\u0131sa kollu fit: Normal kesim neck_line_style: Yuvarlak yakal\u0131 quantity_sales_mode: Tek material: Pamuk, Jarse<\/p>\n","protected":false},"featured_media":128376,"comment_status":"open","ping_status":"closed","template":"","meta":[],"product_brand":[],"product_cat":[8739,8694,8742],"product_tag":[7294,7444,7488],"class_list":{"0":"post-128390","1":"product","2":"type-product","3":"status-publish","4":"has-post-thumbnail","6":"product_cat-erkek-cocuklar-2-14-yas","7":"product_cat-cocuklar","8":"product_cat-tisortler-gomlekler","9":"product_tag-beyaz","10":"product_tag-jarse","11":"product_tag-pamuk","12":"pa_brand-hm","13":"pa_color-beyaz","14":"pa_size-134-140-8-10y","15":"pa_size-146-152-10-12y","16":"pa_size-158-164-12-14y","17":"pa_size-170-14y","19":"first","20":"outofstock","21":"shipping-taxable","22":"product-type-variable"},"_links":{"self":[{"href":"https:\/\/mod.wisdar.net\/tr\/wp-json\/wp\/v2\/product\/128390","targetHints":{"allow":["GET"]}}],"collection":[{"href":"https:\/\/mod.wisdar.net\/tr\/wp-json\/wp\/v2\/product"}],"about":[{"href":"https:\/\/mod.wisdar.net\/tr\/wp-json\/wp\/v2\/types\/product"}],"replies":[{"embeddable":true,"href":"https:\/\/mod.wisdar.net\/tr\/wp-json\/wp\/v2\/comments?post=128390"}],"wp:featuredmedia":[{"embeddable":true,"href":"https:\/\/mod.wisdar.net\/tr\/wp-json\/wp\/v2\/media\/128376"}],"wp:attachment":[{"href":"https:\/\/mod.wisdar.net\/tr\/wp-json\/wp\/v2\/media?parent=128390"}],"wp:term":[{"taxonomy":"product_brand","embeddable":true,"href":"https:\/\/mod.wisdar.net\/tr\/wp-json\/wp\/v2\/product_brand?post=128390"},{"taxonomy":"product_cat","embeddable":true,"href":"https:\/\/mod.wisdar.net\/tr\/wp-json\/wp\/v2\/product_cat?post=128390"},{"taxonomy":"product_tag","embeddable":true,"href":"https:\/\/mod.wisdar.net\/tr\/wp-json\/wp\/v2\/product_tag?post=128390"}],"curies":[{"name":"wp","href":"https:\/\/api.w.org\/{rel}","templated":true}]}}