{"id":128433,"date":"2026-02-18T19:28:38","date_gmt":"2026-02-18T19:28:38","guid":{"rendered":"https:\/\/modesthanim.com\/product\/baskili-sort-mayo\/"},"modified":"2026-04-04T09:21:51","modified_gmt":"2026-04-04T09:21:51","slug":"baskili-sort-mayo","status":"publish","type":"product","link":"https:\/\/mod.wisdar.net\/tr\/urun\/baskili-sort-mayo\/","title":{"rendered":"Bask\u0131l\u0131 \u015eort Mayo"},"content":{"rendered":"<p>Beli lastikli ve b\u00fczg\u00fc ba\u011fl\u0131, yalanc\u0131 patl\u0131, arkada c\u0131rtc\u0131rtl\u0131 bir yama cepli, bask\u0131l\u0131 \u015fort mayo. Yumu\u015fak file i\u00e7 \u015fortlu.<\/p>\n","protected":false},"excerpt":{"rendered":"<p>Beli lastikli ve b\u00fczg\u00fc ba\u011fl\u0131, yalanc\u0131 patl\u0131, arkada c\u0131rtc\u0131rtl\u0131 bir yama cepli, bask\u0131l\u0131 \u015fort mayo. Yumu\u015fak file i\u00e7 \u015fortlu.<\/p>\n","protected":false},"featured_media":128427,"comment_status":"open","ping_status":"closed","template":"","meta":[],"product_brand":[],"product_cat":[8739,8694,8748],"product_tag":[9997,9998,9996,4354,9995],"class_list":{"0":"post-128433","1":"product","2":"type-product","3":"status-publish","4":"has-post-thumbnail","6":"product_cat-erkek-cocuklar-2-14-yas","7":"product_cat-cocuklar","8":"product_cat-pantolonlar-sortlar","9":"product_tag-beachwear","10":"product_tag-mens-swimwear","11":"product_tag-printed-swimwear","12":"product_tag-summer-fashion","13":"product_tag-swim-shorts","14":"pa_brand-hm","15":"pa_color-lacivert-palmiyeler","16":"pa_color-mavi-gradyan","17":"pa_color-siyah-batik-desenli","18":"pa_color-tozlu-mavi-desenli","19":"pa_size-134-140-8-10y","20":"pa_size-146-152-10-12y","21":"pa_size-158-164-12-14y","22":"pa_size-170-14y","24":"first","25":"outofstock","26":"shipping-taxable","27":"product-type-variable"},"_links":{"self":[{"href":"https:\/\/mod.wisdar.net\/tr\/wp-json\/wp\/v2\/product\/128433","targetHints":{"allow":["GET"]}}],"collection":[{"href":"https:\/\/mod.wisdar.net\/tr\/wp-json\/wp\/v2\/product"}],"about":[{"href":"https:\/\/mod.wisdar.net\/tr\/wp-json\/wp\/v2\/types\/product"}],"replies":[{"embeddable":true,"href":"https:\/\/mod.wisdar.net\/tr\/wp-json\/wp\/v2\/comments?post=128433"}],"wp:featuredmedia":[{"embeddable":true,"href":"https:\/\/mod.wisdar.net\/tr\/wp-json\/wp\/v2\/media\/128427"}],"wp:attachment":[{"href":"https:\/\/mod.wisdar.net\/tr\/wp-json\/wp\/v2\/media?parent=128433"}],"wp:term":[{"taxonomy":"product_brand","embeddable":true,"href":"https:\/\/mod.wisdar.net\/tr\/wp-json\/wp\/v2\/product_brand?post=128433"},{"taxonomy":"product_cat","embeddable":true,"href":"https:\/\/mod.wisdar.net\/tr\/wp-json\/wp\/v2\/product_cat?post=128433"},{"taxonomy":"product_tag","embeddable":true,"href":"https:\/\/mod.wisdar.net\/tr\/wp-json\/wp\/v2\/product_tag?post=128433"}],"curies":[{"name":"wp","href":"https:\/\/api.w.org\/{rel}","templated":true}]}}