{"id":128504,"date":"2026-02-18T19:29:31","date_gmt":"2026-02-18T19:29:31","guid":{"rendered":"https:\/\/modesthanim.com\/product\/5li-pamuklu-kolsuz-ust\/"},"modified":"2026-04-04T15:34:39","modified_gmt":"2026-04-04T15:34:39","slug":"5li-pamuklu-kolsuz-ust","status":"publish","type":"product","link":"https:\/\/mod.wisdar.net\/tr\/urun\/5li-pamuklu-kolsuz-ust\/","title":{"rendered":"5&#8217;li Pamuklu Kolsuz \u00dcst"},"content":{"rendered":"<p>Pamuklu yumu\u015fak jarse kuma\u015ftan \u00fcretilmi\u015f, yuvarlak yakal\u0131 ve ribana kol a\u011f\u0131z detayl\u0131 kolsuz \u00fcst seti.<\/p>\n<p>\u2014 Teknik Detaylar \u2014<br \/>\nA\u011f\u0131rl\u0131k: 600 g<br \/>\nPar\u00e7a say\u0131s\u0131: 5<br \/>\nKonsept: TEMEL PAR\u00c7ALAR<br \/>\nDetayl\u0131 a\u00e7\u0131klama: D\u00fcz renkli<br \/>\nElbise uzunlu\u011fu: Normal uzunluk<br \/>\nKol uzunlu\u011fu: Kolsuz<br \/>\nKesim: Dar kesim<br \/>\nGiyim tarz\u0131: Kolsuz \u00dcst<br \/>\nYaka stili: Yuvarlak yakal\u0131<br \/>\nSat\u0131\u015f \u015fekli: Set halinde<br \/>\nKuma\u015f: Jarse<\/p>\n","protected":false},"excerpt":{"rendered":"<p>Pamuklu yumu\u015fak jarse kuma\u015ftan \u00fcretilmi\u015f, yuvarlak yakal\u0131 ve ribana kol a\u011f\u0131z detayl\u0131 kolsuz \u00fcst seti. \u2014 Teknik Detaylar \u2014 A\u011f\u0131rl\u0131k: 600 g Par\u00e7a say\u0131s\u0131: 5 Konsept: TEMEL PAR\u00c7ALAR Detayl\u0131 a\u00e7\u0131klama: D\u00fcz renkli Elbise uzunlu\u011fu: Normal uzunluk Kol uzunlu\u011fu: Kolsuz Kesim: Dar kesim Giyim tarz\u0131: Kolsuz \u00dcst Yaka stili: Yuvarlak yakal\u0131 Sat\u0131\u015f \u015fekli: Set halinde Kuma\u015f: [&hellip;]<\/p>\n","protected":false},"featured_media":128502,"comment_status":"open","ping_status":"closed","template":"","meta":[],"product_brand":[],"product_cat":[8739,8757,8694],"product_tag":[],"class_list":{"0":"post-128504","1":"product","2":"type-product","3":"status-publish","4":"has-post-thumbnail","6":"product_cat-erkek-cocuklar-2-14-yas","7":"product_cat-ic-giyim","8":"product_cat-cocuklar","9":"pa_brand-hm","10":"pa_color-beyaz","11":"pa_size-134-140-8-10y","12":"pa_size-146-152-10-12y","13":"pa_size-158-164-12-14y","14":"pa_size-170-14y","16":"first","17":"outofstock","18":"sale","19":"shipping-taxable","20":"purchasable","21":"product-type-variable"},"_links":{"self":[{"href":"https:\/\/mod.wisdar.net\/tr\/wp-json\/wp\/v2\/product\/128504","targetHints":{"allow":["GET"]}}],"collection":[{"href":"https:\/\/mod.wisdar.net\/tr\/wp-json\/wp\/v2\/product"}],"about":[{"href":"https:\/\/mod.wisdar.net\/tr\/wp-json\/wp\/v2\/types\/product"}],"replies":[{"embeddable":true,"href":"https:\/\/mod.wisdar.net\/tr\/wp-json\/wp\/v2\/comments?post=128504"}],"wp:featuredmedia":[{"embeddable":true,"href":"https:\/\/mod.wisdar.net\/tr\/wp-json\/wp\/v2\/media\/128502"}],"wp:attachment":[{"href":"https:\/\/mod.wisdar.net\/tr\/wp-json\/wp\/v2\/media?parent=128504"}],"wp:term":[{"taxonomy":"product_brand","embeddable":true,"href":"https:\/\/mod.wisdar.net\/tr\/wp-json\/wp\/v2\/product_brand?post=128504"},{"taxonomy":"product_cat","embeddable":true,"href":"https:\/\/mod.wisdar.net\/tr\/wp-json\/wp\/v2\/product_cat?post=128504"},{"taxonomy":"product_tag","embeddable":true,"href":"https:\/\/mod.wisdar.net\/tr\/wp-json\/wp\/v2\/product_tag?post=128504"}],"curies":[{"name":"wp","href":"https:\/\/api.w.org\/{rel}","templated":true}]}}