{"id":128573,"date":"2026-02-18T19:34:54","date_gmt":"2026-02-18T19:34:54","guid":{"rendered":"https:\/\/modesthanim.com\/product\/2li-baskili-pijama-takimi\/"},"modified":"2026-04-03T20:46:57","modified_gmt":"2026-04-03T20:46:57","slug":"2li-baskili-pijama-takimi","status":"publish","type":"product","link":"https:\/\/mod.wisdar.net\/tr\/urun\/2li-baskili-pijama-takimi\/","title":{"rendered":"2&#8217;li Bask\u0131l\u0131 Pijama Tak\u0131m\u0131"},"content":{"rendered":"<p>Pamuklu ve bask\u0131l\u0131 yumu\u015fak jarseden pijama tak\u0131mlar\u0131. K\u0131sa kollu, yuvarlak yakal\u0131 \u00fcstler. Beli lastikli \u015fortlar.<\/p>\n<p>\u2014 Technical Details \u2014<br \/>\nweight: 280 g<br \/>\npieces: 4<br \/>\ndescription: Tozlu mavi\/A\u00e7\u0131k mavi\/Siyah, Bluey, Desenli, Bluey, Bluey<br \/>\nlength: Normal uzunlukta, K\u0131sa<br \/>\nwaist_rise: Normal belli<br \/>\nsleeve_length: K\u0131sa kollu<br \/>\nneck_line_style: Yuvarlak yakal\u0131<br \/>\nquantity_sales_mode: Set<br \/>\nmaterial: Pamuk, Jarse<\/p>\n","protected":false},"excerpt":{"rendered":"<p>Pamuklu ve bask\u0131l\u0131 yumu\u015fak jarseden pijama tak\u0131mlar\u0131. K\u0131sa kollu, yuvarlak yakal\u0131 \u00fcstler. Beli lastikli \u015fortlar. \u2014 Technical Details \u2014 weight: 280 g pieces: 4 description: Tozlu mavi\/A\u00e7\u0131k mavi\/Siyah, Bluey, Desenli, Bluey, Bluey length: Normal uzunlukta, K\u0131sa waist_rise: Normal belli sleeve_length: K\u0131sa kollu neck_line_style: Yuvarlak yakal\u0131 quantity_sales_mode: Set material: Pamuk, Jarse<\/p>\n","protected":false},"featured_media":128567,"comment_status":"open","ping_status":"closed","template":"","meta":[],"product_brand":[],"product_cat":[8739,8694,8754],"product_tag":[10008,9791,8794,9363,10006,9897,10007],"class_list":{"0":"post-128573","1":"product","2":"type-product","3":"status-publish","4":"has-post-thumbnail","6":"product_cat-erkek-cocuklar-2-14-yas","7":"product_cat-cocuklar","8":"product_cat-pijama","9":"product_tag-bluey-pattern","10":"product_tag-cotton-pajama-set","11":"product_tag-elastic-waist-shorts","12":"product_tag-printed-pajamas","13":"product_tag-short-sleeve-pajamas","14":"product_tag-sleepwear","15":"product_tag-soft-jersey","16":"pa_brand-hm","17":"pa_color-mavi-bluey","18":"pa_size-110-116-4-6y","19":"pa_size-122-128-6-8y","20":"pa_size-134-140-8-10y","21":"pa_size-92-1-2y","22":"pa_size-98-104-2-4y","24":"first","25":"outofstock","26":"shipping-taxable","27":"product-type-variable"},"_links":{"self":[{"href":"https:\/\/mod.wisdar.net\/tr\/wp-json\/wp\/v2\/product\/128573","targetHints":{"allow":["GET"]}}],"collection":[{"href":"https:\/\/mod.wisdar.net\/tr\/wp-json\/wp\/v2\/product"}],"about":[{"href":"https:\/\/mod.wisdar.net\/tr\/wp-json\/wp\/v2\/types\/product"}],"replies":[{"embeddable":true,"href":"https:\/\/mod.wisdar.net\/tr\/wp-json\/wp\/v2\/comments?post=128573"}],"wp:featuredmedia":[{"embeddable":true,"href":"https:\/\/mod.wisdar.net\/tr\/wp-json\/wp\/v2\/media\/128567"}],"wp:attachment":[{"href":"https:\/\/mod.wisdar.net\/tr\/wp-json\/wp\/v2\/media?parent=128573"}],"wp:term":[{"taxonomy":"product_brand","embeddable":true,"href":"https:\/\/mod.wisdar.net\/tr\/wp-json\/wp\/v2\/product_brand?post=128573"},{"taxonomy":"product_cat","embeddable":true,"href":"https:\/\/mod.wisdar.net\/tr\/wp-json\/wp\/v2\/product_cat?post=128573"},{"taxonomy":"product_tag","embeddable":true,"href":"https:\/\/mod.wisdar.net\/tr\/wp-json\/wp\/v2\/product_tag?post=128573"}],"curies":[{"name":"wp","href":"https:\/\/api.w.org\/{rel}","templated":true}]}}