{"id":128592,"date":"2026-02-18T19:35:10","date_gmt":"2026-02-18T19:35:10","guid":{"rendered":"https:\/\/modesthanim.com\/product\/cift-yonlu-pullu-tisort\/"},"modified":"2026-04-04T15:34:07","modified_gmt":"2026-04-04T15:34:07","slug":"cift-yonlu-pullu-tisort","status":"publish","type":"product","link":"https:\/\/mod.wisdar.net\/tr\/urun\/cift-yonlu-pullu-tisort\/","title":{"rendered":"\u00c7ift Y\u00f6nl\u00fc Pullu Ti\u015f\u00f6rt"},"content":{"rendered":"<p>Pamuklu yumu\u015fak jarseden, bask\u0131 motifli, y\u00f6n\u00fc de\u011fi\u015ftirilebilen pullu (2-3 ya\u015f bedende normal pullu) klasik ti\u015f\u00f6rt. Yakas\u0131 ribana \u015feritli, etek ucu d\u00fcz kesimli.<\/p>\n<p>\u2014 Technical Details \u2014<br \/>\nweight: 100 g<br \/>\ngarment_length: Normal uzunlukta<br \/>\nsleeve_length: K\u0131sa kollu<br \/>\nfits: Normal kesim<br \/>\nneck_line_style: Yuvarlak yakal\u0131<br \/>\nnice_to_know: \u00c7ift y\u00fczl\u00fc<br \/>\nquantity_sales_mode: Tek<br \/>\nmaterial: Pamuk, Jarse<\/p>\n","protected":false},"excerpt":{"rendered":"<p>Pamuklu yumu\u015fak jarseden, bask\u0131 motifli, y\u00f6n\u00fc de\u011fi\u015ftirilebilen pullu (2-3 ya\u015f bedende normal pullu) klasik ti\u015f\u00f6rt. Yakas\u0131 ribana \u015feritli, etek ucu d\u00fcz kesimli. \u2014 Technical Details \u2014 weight: 100 g garment_length: Normal uzunlukta sleeve_length: K\u0131sa kollu fits: Normal kesim neck_line_style: Yuvarlak yakal\u0131 nice_to_know: \u00c7ift y\u00fczl\u00fc quantity_sales_mode: Tek material: Pamuk, Jarse<\/p>\n","protected":false},"featured_media":128583,"comment_status":"open","ping_status":"closed","template":"","meta":[],"product_brand":[],"product_cat":[8739,8694,8742],"product_tag":[10013,10009,9875,10010,10011],"class_list":{"0":"post-128592","1":"product","2":"type-product","3":"status-publish","4":"has-post-thumbnail","6":"product_cat-erkek-cocuklar-2-14-yas","7":"product_cat-cocuklar","8":"product_cat-tisortler-gomlekler","9":"product_tag-disney-marvel","10":"product_tag-red-white-blue-black","11":"product_tag-spider-man","12":"product_tag-spidey-and-his-amazing-friends","13":"product_tag-spin","14":"pa_brand-hm","15":"pa_color-kirmizi-orumcek-adam","16":"pa_size-104-3-4y","17":"pa_size-110-116-4-6y","18":"pa_size-122-128-6-8y","19":"pa_size-134-140-8-10y","21":"first","22":"outofstock","23":"shipping-taxable","24":"product-type-variable"},"_links":{"self":[{"href":"https:\/\/mod.wisdar.net\/tr\/wp-json\/wp\/v2\/product\/128592","targetHints":{"allow":["GET"]}}],"collection":[{"href":"https:\/\/mod.wisdar.net\/tr\/wp-json\/wp\/v2\/product"}],"about":[{"href":"https:\/\/mod.wisdar.net\/tr\/wp-json\/wp\/v2\/types\/product"}],"replies":[{"embeddable":true,"href":"https:\/\/mod.wisdar.net\/tr\/wp-json\/wp\/v2\/comments?post=128592"}],"wp:featuredmedia":[{"embeddable":true,"href":"https:\/\/mod.wisdar.net\/tr\/wp-json\/wp\/v2\/media\/128583"}],"wp:attachment":[{"href":"https:\/\/mod.wisdar.net\/tr\/wp-json\/wp\/v2\/media?parent=128592"}],"wp:term":[{"taxonomy":"product_brand","embeddable":true,"href":"https:\/\/mod.wisdar.net\/tr\/wp-json\/wp\/v2\/product_brand?post=128592"},{"taxonomy":"product_cat","embeddable":true,"href":"https:\/\/mod.wisdar.net\/tr\/wp-json\/wp\/v2\/product_cat?post=128592"},{"taxonomy":"product_tag","embeddable":true,"href":"https:\/\/mod.wisdar.net\/tr\/wp-json\/wp\/v2\/product_tag?post=128592"}],"curies":[{"name":"wp","href":"https:\/\/api.w.org\/{rel}","templated":true}]}}