{"id":128620,"date":"2026-02-18T19:35:58","date_gmt":"2026-02-18T19:35:58","guid":{"rendered":"https:\/\/modesthanim.com\/product\/fiyonk-detayli-jarse-elbise\/"},"modified":"2026-03-19T05:42:03","modified_gmt":"2026-03-19T05:42:03","slug":"fiyonk-detayli-jarse-elbise","status":"publish","type":"product","link":"https:\/\/mod.wisdar.net\/tr\/urun\/fiyonk-detayli-jarse-elbise\/","title":{"rendered":"Fiyonk Detayl\u0131 Jarse Elbise"},"content":{"rendered":"<p>Kal\u0131n jarseden, \u00f6nde b\u00fcy\u00fck saten fiyonklu elbise. Yuvarlak yakal\u0131, k\u0131sa kollu, ekstra geni\u015flik i\u00e7in etek ucunun yukar\u0131s\u0131nda b\u00fczg\u00fcl\u00fc diki\u015fli. Ensede oyuk bir a\u00e7\u0131kl\u0131\u011f\u0131 ve d\u00fc\u011fmesi bulunur.<\/p>\n<p>\u2014 Technical Details \u2014<br \/>\nmaterial: Jarse<br \/>\npattern: \u00c7izgili<br \/>\nlength: Diz boyu<br \/>\nsleeve_length: K\u0131sa kollu<br \/>\ncut: Normal kesim<br \/>\nstyle: Ti\u015f\u00f6rt Elbise, Katl\u0131<br \/>\nneckline: Yuvarlak yakal\u0131<br \/>\nquantity: Tek<br \/>\ndescription_detailed: Beyaz\/Lacivert, \u00c7izgili<\/p>\n","protected":false},"excerpt":{"rendered":"<p>Kal\u0131n jarseden, \u00f6nde b\u00fcy\u00fck saten fiyonklu elbise. Yuvarlak yakal\u0131, k\u0131sa kollu, ekstra geni\u015flik i\u00e7in etek ucunun yukar\u0131s\u0131nda b\u00fczg\u00fcl\u00fc diki\u015fli. Ensede oyuk bir a\u00e7\u0131kl\u0131\u011f\u0131 ve d\u00fc\u011fmesi bulunur. \u2014 Technical Details \u2014 material: Jarse pattern: \u00c7izgili length: Diz boyu sleeve_length: K\u0131sa kollu cut: Normal kesim style: Ti\u015f\u00f6rt Elbise, Katl\u0131 neckline: Yuvarlak yakal\u0131 quantity: Tek description_detailed: Beyaz\/Lacivert, \u00c7izgili<\/p>\n","protected":false},"featured_media":128618,"comment_status":"open","ping_status":"closed","template":"","meta":[],"product_brand":[],"product_cat":[8718,8715,8694],"product_tag":[7805,7575,6877],"class_list":{"0":"post-128620","1":"product","2":"type-product","3":"status-publish","4":"has-post-thumbnail","6":"product_cat-elbiseler-etekler","7":"product_cat-kiz-cocuklari-2-14-yas","8":"product_cat-cocuklar","9":"product_tag-diz-boyu","10":"product_tag-gunluk-elbise","11":"product_tag-yaz-elbisesi","12":"pa_color-beyaz-lacivert-cizgili","13":"pa_size-110-116-4-6y","14":"pa_size-122-128-6-8y","15":"pa_size-134-140-8-10y","16":"pa_size-92-1-2y","17":"pa_size-98-104-2-4y","19":"first","20":"outofstock","21":"shipping-taxable","22":"product-type-variable"},"_links":{"self":[{"href":"https:\/\/mod.wisdar.net\/tr\/wp-json\/wp\/v2\/product\/128620","targetHints":{"allow":["GET"]}}],"collection":[{"href":"https:\/\/mod.wisdar.net\/tr\/wp-json\/wp\/v2\/product"}],"about":[{"href":"https:\/\/mod.wisdar.net\/tr\/wp-json\/wp\/v2\/types\/product"}],"replies":[{"embeddable":true,"href":"https:\/\/mod.wisdar.net\/tr\/wp-json\/wp\/v2\/comments?post=128620"}],"wp:featuredmedia":[{"embeddable":true,"href":"https:\/\/mod.wisdar.net\/tr\/wp-json\/wp\/v2\/media\/128618"}],"wp:attachment":[{"href":"https:\/\/mod.wisdar.net\/tr\/wp-json\/wp\/v2\/media?parent=128620"}],"wp:term":[{"taxonomy":"product_brand","embeddable":true,"href":"https:\/\/mod.wisdar.net\/tr\/wp-json\/wp\/v2\/product_brand?post=128620"},{"taxonomy":"product_cat","embeddable":true,"href":"https:\/\/mod.wisdar.net\/tr\/wp-json\/wp\/v2\/product_cat?post=128620"},{"taxonomy":"product_tag","embeddable":true,"href":"https:\/\/mod.wisdar.net\/tr\/wp-json\/wp\/v2\/product_tag?post=128620"}],"curies":[{"name":"wp","href":"https:\/\/api.w.org\/{rel}","templated":true}]}}