{"id":128663,"date":"2026-02-18T19:38:27","date_gmt":"2026-02-18T19:38:27","guid":{"rendered":"https:\/\/modesthanim.com\/product\/oversize-kalp-nakisli-polo-yaka-sweatshirt-kiz-bebek\/"},"modified":"2026-03-20T11:11:38","modified_gmt":"2026-03-20T11:11:38","slug":"oversize-kalp-nakisli-polo-yaka-sweatshirt-kiz-bebek","status":"publish","type":"product","link":"https:\/\/mod.wisdar.net\/tr\/urun\/oversize-kalp-nakisli-polo-yaka-sweatshirt-kiz-bebek\/","title":{"rendered":"Overs\u0131ze Kalp Nak\u0131\u015fl\u0131 Polo Yaka Sweatsh\u0131rt K\u0131z Bebek"},"content":{"rendered":"<p>Oversize kesimi ve kalp nak\u0131\u015f detay\u0131yla sevimli bir tasar\u0131m sunan polo yaka sweatshirt, k\u0131z bebekler i\u00e7in rahat ve konforlu bir kullan\u0131m sa\u011flar. G\u00fcnl\u00fck kombinlerde \u015f\u0131k ve e\u011flenceli bir tercih olu\u015fturur.<\/p>\n<p>\u2014 Technical Details \u2014<br \/>\n\u00dcr\u00fcn Tipi: Sweatshirt<br \/>\nRenk: Ekru<br \/>\nKal\u0131p: Overs\u0131ze<br \/>\nKol Boyu: Uzun Kollu<br \/>\nCinsiyet: K\u0131z Bebek<br \/>\nYaka: Polo Yaka<br \/>\nMarka: Defacto<br \/>\nMen\u015fei: TR<br \/>\n\u00dcr\u00fcn Grubu: K\u0131z Bebek Sweatshirt<\/p>\n","protected":false},"excerpt":{"rendered":"<p>Oversize kesimi ve kalp nak\u0131\u015f detay\u0131yla sevimli bir tasar\u0131m sunan polo yaka sweatshirt, k\u0131z bebekler i\u00e7in rahat ve konforlu bir kullan\u0131m sa\u011flar. G\u00fcnl\u00fck kombinlerde \u015f\u0131k ve e\u011flenceli bir tercih olu\u015fturur. \u2014 Technical Details \u2014 \u00dcr\u00fcn Tipi: Sweatshirt Renk: Ekru Kal\u0131p: Overs\u0131ze Kol Boyu: Uzun Kollu Cinsiyet: K\u0131z Bebek Yaka: Polo Yaka Marka: Defacto Men\u015fei: TR [&hellip;]<\/p>\n","protected":false},"featured_media":128657,"comment_status":"open","ping_status":"closed","template":"","meta":[],"product_brand":[],"product_cat":[8715,8694,8724],"product_tag":[6757,7423,7422],"class_list":{"0":"post-128663","1":"product","2":"type-product","3":"status-publish","4":"has-post-thumbnail","6":"product_cat-kiz-cocuklari-2-14-yas","7":"product_cat-cocuklar","8":"product_cat-tisortler-bluzlar","9":"product_tag-ekru","10":"product_tag-oversize-2","11":"product_tag-sweatshirt","12":"pa_brand-defacto","13":"pa_color-ekru","14":"pa_size-12-18-ay-86cm","15":"pa_size-18-24-ay-92cm","16":"pa_size-2-3-yas-98cm","17":"pa_size-3-4-yas-104-cm","18":"pa_size-4-5-yas-110cm","19":"pa_size-5-6-yas-116cm","21":"first","22":"outofstock","23":"shipping-taxable","24":"product-type-variable"},"_links":{"self":[{"href":"https:\/\/mod.wisdar.net\/tr\/wp-json\/wp\/v2\/product\/128663","targetHints":{"allow":["GET"]}}],"collection":[{"href":"https:\/\/mod.wisdar.net\/tr\/wp-json\/wp\/v2\/product"}],"about":[{"href":"https:\/\/mod.wisdar.net\/tr\/wp-json\/wp\/v2\/types\/product"}],"replies":[{"embeddable":true,"href":"https:\/\/mod.wisdar.net\/tr\/wp-json\/wp\/v2\/comments?post=128663"}],"wp:featuredmedia":[{"embeddable":true,"href":"https:\/\/mod.wisdar.net\/tr\/wp-json\/wp\/v2\/media\/128657"}],"wp:attachment":[{"href":"https:\/\/mod.wisdar.net\/tr\/wp-json\/wp\/v2\/media?parent=128663"}],"wp:term":[{"taxonomy":"product_brand","embeddable":true,"href":"https:\/\/mod.wisdar.net\/tr\/wp-json\/wp\/v2\/product_brand?post=128663"},{"taxonomy":"product_cat","embeddable":true,"href":"https:\/\/mod.wisdar.net\/tr\/wp-json\/wp\/v2\/product_cat?post=128663"},{"taxonomy":"product_tag","embeddable":true,"href":"https:\/\/mod.wisdar.net\/tr\/wp-json\/wp\/v2\/product_tag?post=128663"}],"curies":[{"name":"wp","href":"https:\/\/api.w.org\/{rel}","templated":true}]}}