{"id":129283,"date":"2026-02-19T07:04:45","date_gmt":"2026-02-19T07:04:45","guid":{"rendered":"https:\/\/modesthanim.com\/product\/sweatshirt-jogger-pantolon\/"},"modified":"2026-04-15T21:33:31","modified_gmt":"2026-04-15T21:33:31","slug":"sweatshirt-jogger-pantolon","status":"publish","type":"product","link":"https:\/\/mod.wisdar.net\/tr\/urun\/sweatshirt-jogger-pantolon\/","title":{"rendered":"Sweatshirt Jogger Pantolon"},"content":{"rendered":"<p>\u0130\u00e7i yumu\u015fak t\u00fcyl\u00fc sweatshirt kuma\u015ftan \u00fcretilmi\u015f jogger pantolon. Bel k\u0131sm\u0131 lastikli ve b\u00fczg\u00fc ba\u011fl\u0131 tasar\u0131m\u0131yla konfor sa\u011flar. Yan cepleri ve pa\u00e7a a\u011f\u0131zlar\u0131 kapl\u0131 lastik detaylar\u0131yla tamamlan\u0131r.<\/p>\n<p>\u2014 Teknik Detaylar \u2014<br \/>\nA\u011f\u0131rl\u0131k: 330 g<br \/>\nKonsept: BASICS<br \/>\nDetayl\u0131 a\u00e7\u0131klama: A\u00e7\u0131k bej k\u0131r\u00e7\u0131ll\u0131, D\u00fcz renkli<br \/>\n\u00dcr\u00fcn uzunlu\u011fu: Uzun<br \/>\nBel y\u00fcksekli\u011fi: Normal bel<br \/>\nKesim: Rahat kesim<br \/>\nGiyim stili: Sweatshirt Pantolon, Pantolon<br \/>\nSat\u0131\u015f modu: Tekli<br \/>\nGeri d\u00f6n\u00fc\u015ft\u00fcr\u00fclm\u00fc\u015f pamuk: %18 Geri d\u00f6n\u00fc\u015ft\u00fcr\u00fclm\u00fc\u015f pamuk<\/p>\n","protected":false},"excerpt":{"rendered":"<p>\u0130\u00e7i yumu\u015fak t\u00fcyl\u00fc sweatshirt kuma\u015ftan \u00fcretilmi\u015f jogger pantolon. Bel k\u0131sm\u0131 lastikli ve b\u00fczg\u00fc ba\u011fl\u0131 tasar\u0131m\u0131yla konfor sa\u011flar. Yan cepleri ve pa\u00e7a a\u011f\u0131zlar\u0131 kapl\u0131 lastik detaylar\u0131yla tamamlan\u0131r. \u2014 Teknik Detaylar \u2014 A\u011f\u0131rl\u0131k: 330 g Konsept: BASICS Detayl\u0131 a\u00e7\u0131klama: A\u00e7\u0131k bej k\u0131r\u00e7\u0131ll\u0131, D\u00fcz renkli \u00dcr\u00fcn uzunlu\u011fu: Uzun Bel y\u00fcksekli\u011fi: Normal bel Kesim: Rahat kesim Giyim stili: Sweatshirt [&hellip;]<\/p>\n","protected":false},"featured_media":129281,"comment_status":"open","ping_status":"closed","template":"","meta":[],"product_brand":[],"product_cat":[8715,8694,8727],"product_tag":[],"class_list":{"0":"post-129283","1":"product","2":"type-product","3":"status-publish","4":"has-post-thumbnail","6":"product_cat-kiz-cocuklari-2-14-yas","7":"product_cat-cocuklar","8":"product_cat-pantolon","9":"pa_brand-hm","10":"pa_color-acik-bej-kircilli","11":"pa_size-134-8-9y","12":"pa_size-140-9-10y","13":"pa_size-146-10-11y","14":"pa_size-152-11-12y","15":"pa_size-158-12-13y","16":"pa_size-164-13-14y","17":"pa_size-170-14y","19":"first","20":"outofstock","21":"shipping-taxable","22":"product-type-variable"},"_links":{"self":[{"href":"https:\/\/mod.wisdar.net\/tr\/wp-json\/wp\/v2\/product\/129283","targetHints":{"allow":["GET"]}}],"collection":[{"href":"https:\/\/mod.wisdar.net\/tr\/wp-json\/wp\/v2\/product"}],"about":[{"href":"https:\/\/mod.wisdar.net\/tr\/wp-json\/wp\/v2\/types\/product"}],"replies":[{"embeddable":true,"href":"https:\/\/mod.wisdar.net\/tr\/wp-json\/wp\/v2\/comments?post=129283"}],"wp:featuredmedia":[{"embeddable":true,"href":"https:\/\/mod.wisdar.net\/tr\/wp-json\/wp\/v2\/media\/129281"}],"wp:attachment":[{"href":"https:\/\/mod.wisdar.net\/tr\/wp-json\/wp\/v2\/media?parent=129283"}],"wp:term":[{"taxonomy":"product_brand","embeddable":true,"href":"https:\/\/mod.wisdar.net\/tr\/wp-json\/wp\/v2\/product_brand?post=129283"},{"taxonomy":"product_cat","embeddable":true,"href":"https:\/\/mod.wisdar.net\/tr\/wp-json\/wp\/v2\/product_cat?post=129283"},{"taxonomy":"product_tag","embeddable":true,"href":"https:\/\/mod.wisdar.net\/tr\/wp-json\/wp\/v2\/product_tag?post=129283"}],"curies":[{"name":"wp","href":"https:\/\/api.w.org\/{rel}","templated":true}]}}