{"id":12996,"date":"2025-11-01T21:37:13","date_gmt":"2025-11-01T21:37:13","guid":{"rendered":"https:\/\/modesthanim.com\/product\/orme-bluzlu-uzun-tunik-takim-kahve\/"},"modified":"2026-04-02T21:09:34","modified_gmt":"2026-04-02T21:09:34","slug":"orme-bluzlu-uzun-tunik-takim-kahve","status":"publish","type":"product","link":"https:\/\/mod.wisdar.net\/tr\/urun\/orme-bluzlu-uzun-tunik-takim-kahve\/","title":{"rendered":"\u00d6rme Bluzlu Uzun Tunik Tak\u0131m \u2013 Kahve"},"content":{"rendered":"<p>Yumu\u015fak dokulu \u00f6rme bluzu ve sade uzun tuni\u011fiyle \u00f6ne \u00e7\u0131kan bu tak\u0131m, konforlu \u015f\u0131kl\u0131\u011f\u0131n ideal yans\u0131mas\u0131d\u0131r. Uyumlu tasar\u0131m\u0131 sayesinde zahmetsizce \u015f\u0131k bir g\u00f6r\u00fcn\u00fcm sunar. G\u00fcnl\u00fck kullan\u0131mda hem rahat hem stil sahibi olmak isteyenler i\u00e7in m\u00fckemmel bir se\u00e7imdir.<\/p>\n<p>\u00dcST DI\u015e<br \/>\nKuma\u015f \u0130\u00e7eri\u011fi: %100 Lyocell<br \/>\nKombin Kuma\u015f: %95 Viskon, %5 Elastan<br \/>\nDesen: D\u00fcz<br \/>\nYaka Tipi: G\u00f6mlek Yaka<br \/>\nKol Tipi: D\u00fc\u015f\u00fck Kol<br \/>\nCep: S\u00fcs Cep<br \/>\nAstar: Astars\u0131z<br \/>\n\u00dcr\u00fcn Boyu: 90 cm<br \/>\nKal\u0131p Tipi: Rahat Kal\u0131p<\/p>\n<p>\u00dcST \u0130\u00c7<br \/>\nKuma\u015f \u0130\u00e7eri\u011fi: %100 Lyocell<br \/>\nKombin Kuma\u015f: %95 Viskon, %5 Elastan<br \/>\nDesen: D\u00fcz<br \/>\nYaka Tipi: S\u0131f\u0131r Yaka<br \/>\nKol Tipi: S\u0131f\u0131r Kol<br \/>\nCep: Cepsiz<br \/>\nAstar: Astars\u0131z<br \/>\n\u00dcr\u00fcn Boyu: 54 cm<br \/>\nKal\u0131p Tipi: Rahat Kal\u0131p<br \/>\nMankenin Giydi\u011fi Beden: 38<br \/>\nManken \u00d6l\u00e7\u00fcleri: Boy: 179 cm, G\u00f6\u011f\u00fcs: 84 cm, Bel: 60 cm, Basen: 90 cm<\/p>\n<p>\u2014 Technical Details \u2014<br \/>\n\u00dcST DI\u015e Kuma\u015f \u0130\u00e7eri\u011fi: %100 Lyocell<br \/>\n\u00dcST DI\u015e Kombin Kuma\u015f: %95 Viskon, %5 Elastan<br \/>\n\u00dcST DI\u015e Desen: D\u00fcz<br \/>\n\u00dcST DI\u015e Yaka Tipi: G\u00f6mlek Yaka<br \/>\n\u00dcST DI\u015e Kol Tipi: D\u00fc\u015f\u00fck Kol<br \/>\n\u00dcST DI\u015e Cep: S\u00fcs Cep<br \/>\n\u00dcST DI\u015e Astar: Astars\u0131z<br \/>\n\u00dcST DI\u015e \u00dcr\u00fcn Boyu: 90 cm<br \/>\n\u00dcST DI\u015e Kal\u0131p Tipi: Rahat Kal\u0131p<br \/>\n\u00dcST \u0130\u00c7 Kuma\u015f \u0130\u00e7eri\u011fi: %100 Lyocell<br \/>\n\u00dcST \u0130\u00c7 Kombin Kuma\u015f: %95 Viskon, %5 Elastan<br \/>\n\u00dcST \u0130\u00c7 Desen: D\u00fcz<br \/>\n\u00dcST \u0130\u00c7 Yaka Tipi: S\u0131f\u0131r Yaka<br \/>\n\u00dcST \u0130\u00c7 Kol Tipi: S\u0131f\u0131r Kol<br \/>\n\u00dcST \u0130\u00c7 Cep: Cepsiz<br \/>\n\u00dcST \u0130\u00c7 Astar: Astars\u0131z<br \/>\n\u00dcST \u0130\u00c7 \u00dcr\u00fcn Boyu: 54 cm<br \/>\n\u00dcST \u0130\u00c7 Kal\u0131p Tipi: Rahat Kal\u0131p<br \/>\nMankenin Giydi\u011fi Beden: 38<br \/>\nManken \u00d6l\u00e7\u00fcleri: Boy: 179 cm, G\u00f6\u011f\u00fcs: 84 cm, Bel: 60 cm, Basen: 90 cm<\/p>\n","protected":false},"excerpt":{"rendered":"<p>Yumu\u015fak dokulu \u00f6rme bluzu ve sade uzun tuni\u011fiyle \u00f6ne \u00e7\u0131kan bu tak\u0131m, konforlu \u015f\u0131kl\u0131\u011f\u0131n ideal yans\u0131mas\u0131d\u0131r. Uyumlu tasar\u0131m\u0131 sayesinde zahmetsizce \u015f\u0131k bir g\u00f6r\u00fcn\u00fcm sunar. G\u00fcnl\u00fck kullan\u0131mda hem rahat hem stil sahibi olmak isteyenler i\u00e7in m\u00fckemmel bir se\u00e7imdir. \u00dcST DI\u015e Kuma\u015f \u0130\u00e7eri\u011fi: %100 Lyocell Kombin Kuma\u015f: %95 Viskon, %5 Elastan Desen: D\u00fcz Yaka Tipi: G\u00f6mlek Yaka [&hellip;]<\/p>\n","protected":false},"featured_media":12974,"comment_status":"open","ping_status":"closed","template":"","meta":[],"product_brand":[],"product_cat":[2050],"product_tag":[6770,6759],"class_list":{"0":"post-12996","1":"product","2":"type-product","3":"status-publish","4":"has-post-thumbnail","6":"product_cat-blazer-ceketler","7":"product_tag-gunluk-giyim","8":"product_tag-konfor","9":"pa_brand-tugba","10":"pa_color-kahve","11":"pa_size-4706","12":"pa_size-4711","13":"pa_size-4713","14":"pa_size-4751","15":"pa_size-4749","16":"pa_size-4747","18":"first","19":"instock","20":"sale","21":"shipping-taxable","22":"purchasable","23":"product-type-variable"},"_links":{"self":[{"href":"https:\/\/mod.wisdar.net\/tr\/wp-json\/wp\/v2\/product\/12996","targetHints":{"allow":["GET"]}}],"collection":[{"href":"https:\/\/mod.wisdar.net\/tr\/wp-json\/wp\/v2\/product"}],"about":[{"href":"https:\/\/mod.wisdar.net\/tr\/wp-json\/wp\/v2\/types\/product"}],"replies":[{"embeddable":true,"href":"https:\/\/mod.wisdar.net\/tr\/wp-json\/wp\/v2\/comments?post=12996"}],"wp:featuredmedia":[{"embeddable":true,"href":"https:\/\/mod.wisdar.net\/tr\/wp-json\/wp\/v2\/media\/12974"}],"wp:attachment":[{"href":"https:\/\/mod.wisdar.net\/tr\/wp-json\/wp\/v2\/media?parent=12996"}],"wp:term":[{"taxonomy":"product_brand","embeddable":true,"href":"https:\/\/mod.wisdar.net\/tr\/wp-json\/wp\/v2\/product_brand?post=12996"},{"taxonomy":"product_cat","embeddable":true,"href":"https:\/\/mod.wisdar.net\/tr\/wp-json\/wp\/v2\/product_cat?post=12996"},{"taxonomy":"product_tag","embeddable":true,"href":"https:\/\/mod.wisdar.net\/tr\/wp-json\/wp\/v2\/product_tag?post=12996"}],"curies":[{"name":"wp","href":"https:\/\/api.w.org\/{rel}","templated":true}]}}