{"id":13044,"date":"2025-11-07T20:16:06","date_gmt":"2025-11-07T20:16:06","guid":{"rendered":"https:\/\/modesthanim.com\/product\/aller-detay-tunik\/"},"modified":"2025-12-25T23:10:02","modified_gmt":"2025-12-25T23:10:02","slug":"aller-detay-tunik","status":"publish","type":"product","link":"https:\/\/mod.wisdar.net\/tr\/urun\/aller-detay-tunik\/","title":{"rendered":"Aller Detay Tunik"},"content":{"rendered":"<p>Bu tunik, g\u00f6mlek yaka formu ve metal halka d\u00fc\u011fmeleri ile klasik ve zarif bir g\u00f6r\u00fcn\u00fcm sunar, b\u00f6l\u00fcml\u00fc diki\u015fleri ve aller detaylar\u0131 ile modern bir stil yakalar. \u00d6n Uzunluk: 80cm, Arka Uzunluk: 85cm. G\u00fcnl\u00fck kullan\u0131m i\u00e7in uygun olan bu tunik, k\u0131sa \u00f6n ve uzun arka k\u0131sm\u0131 ile klasik bir model \u00f6nerisi sunar ve modern bir g\u00f6mlek tuni\u011fi tasar\u0131m\u0131d\u0131r.<\/p>\n<p>\u2014 Teknik Detaylar \u2014<br \/>\nMevsim: \u0130lkbahar &amp; Yaz<br \/>\nStil: G\u00fcnl\u00fck K\u0131yafet<br \/>\nKal\u0131p: Bol Kesim<br \/>\nAstar: Astars\u0131z<br \/>\nKuma\u015f \u00d6zelli\u011fi: Liyosel, Dokuma<br \/>\nKuma\u015f Deseni: D\u00fcz<br \/>\nYaka: G\u00f6mlek Yakas\u0131<\/p>\n","protected":false},"excerpt":{"rendered":"<p>Bu tunik, g\u00f6mlek yaka formu ve metal halka d\u00fc\u011fmeleri ile klasik ve zarif bir g\u00f6r\u00fcn\u00fcm sunar, b\u00f6l\u00fcml\u00fc diki\u015fleri ve aller detaylar\u0131 ile modern bir stil yakalar. \u00d6n Uzunluk: 80cm, Arka Uzunluk: 85cm. G\u00fcnl\u00fck kullan\u0131m i\u00e7in uygun olan bu tunik, k\u0131sa \u00f6n ve uzun arka k\u0131sm\u0131 ile klasik bir model \u00f6nerisi sunar ve modern bir g\u00f6mlek [&hellip;]<\/p>\n","protected":false},"featured_media":52090,"comment_status":"open","ping_status":"closed","template":"","meta":[],"product_brand":[],"product_cat":[1853],"product_tag":[],"class_list":{"0":"post-13044","1":"product","2":"type-product","3":"status-publish","4":"has-post-thumbnail","6":"product_cat-womens-fashion-ar","8":"first","9":"instock","10":"sale","11":"shipping-taxable","12":"purchasable","13":"product-type-variable"},"_links":{"self":[{"href":"https:\/\/mod.wisdar.net\/tr\/wp-json\/wp\/v2\/product\/13044","targetHints":{"allow":["GET"]}}],"collection":[{"href":"https:\/\/mod.wisdar.net\/tr\/wp-json\/wp\/v2\/product"}],"about":[{"href":"https:\/\/mod.wisdar.net\/tr\/wp-json\/wp\/v2\/types\/product"}],"replies":[{"embeddable":true,"href":"https:\/\/mod.wisdar.net\/tr\/wp-json\/wp\/v2\/comments?post=13044"}],"wp:featuredmedia":[{"embeddable":true,"href":"https:\/\/mod.wisdar.net\/tr\/wp-json\/wp\/v2\/media\/52090"}],"wp:attachment":[{"href":"https:\/\/mod.wisdar.net\/tr\/wp-json\/wp\/v2\/media?parent=13044"}],"wp:term":[{"taxonomy":"product_brand","embeddable":true,"href":"https:\/\/mod.wisdar.net\/tr\/wp-json\/wp\/v2\/product_brand?post=13044"},{"taxonomy":"product_cat","embeddable":true,"href":"https:\/\/mod.wisdar.net\/tr\/wp-json\/wp\/v2\/product_cat?post=13044"},{"taxonomy":"product_tag","embeddable":true,"href":"https:\/\/mod.wisdar.net\/tr\/wp-json\/wp\/v2\/product_tag?post=13044"}],"curies":[{"name":"wp","href":"https:\/\/api.w.org\/{rel}","templated":true}]}}